{"id":12,"date":"2017-12-12T15:48:59","date_gmt":"2017-12-12T18:48:59","guid":{"rendered":"http:\/\/www.ceticontinental.org\/portal\/?page_id=12"},"modified":"2022-10-06T13:18:54","modified_gmt":"2022-10-06T16:18:54","slug":"home","status":"publish","type":"page","link":"https:\/\/www.ceticontinental.org\/portal\/","title":{"rendered":"Home"},"content":{"rendered":"<div id=\"pl-12\"  class=\"panel-layout\" ><div id=\"pg-12-0\"  class=\"panel-grid panel-has-style\" ><div class=\"panel-row-style panel-row-style-for-12-0\" ><div id=\"pgc-12-0-0\"  class=\"panel-grid-cell\" ><\/div><\/div><\/div><div id=\"pg-12-1\"  class=\"panel-grid panel-has-style\" ><div class=\"siteorigin-panels-stretch panel-row-style panel-row-style-for-12-1\" data-stretch-type=\"full-stretched\" ><div id=\"pgc-12-1-0\"  class=\"panel-grid-cell\" ><div id=\"panel-12-1-0-0\" class=\"so-panel widget widget_sow-editor panel-first-child panel-last-child\" data-index=\"1\" ><div\n\t\t\t\n\t\t\tclass=\"so-widget-sow-editor so-widget-sow-editor-base\"\n\t\t\t\n\t\t>\n<div class=\"siteorigin-widget-tinymce textwidget\">\n\t\n        <div class=\"wp-tiles-container\">\n        \n            <div id=\"wp_tiles_1\" class=\"wp-tiles-grid wp-tiles-byline-align-bottom\">\n                        \n                <div class='wp-tiles-tile box' id='tile-6452'>\n                \n                    <a href=\"https:\/\/www.ceticontinental.org\/portal\/2024\/05\/22\/nuevo-curso-abierto\/\" title=\"Nuevo curso abierto\" target='_blank'>\n                \n                        <article class='wp-tiles-tile-with-image wp-tiles-tile-wrapper' itemscope itemtype=\"http:\/\/schema.org\/CreativeWork\">\n                        \n                            <div class='wp-tiles-tile-bg'>\n\n                                <img src='https:\/\/www.ceticontinental.org\/portal\/wp-content\/uploads\/2024\/05\/18a03851-7489-4ab0-852f-c7d958d4593b-1024x1024.jpg' class='wp-tiles-img' itemprop=\"image\" \/>\n\n                            <\/div>\n                                                \n                            <div class='wp-tiles-byline'>\n\n                                <div class='wp-tiles-byline-wrapper'>\n                                \n                                    <h4 itemprop=\"name\" class=\"wp-tiles-byline-title\">Nuevo curso abierto<\/h4>\n                                                                \n                                <\/div>\n\n                            <\/div>\n                        \n                        <\/article>\n                \n                    <\/a>\n                \n                <\/div>\n            \n                <div class='wp-tiles-tile box' id='tile-6362'>\n                \n                    <a href=\"https:\/\/www.ceticontinental.org\/portal\/2023\/09\/05\/resumen-de-la-primera-catedra-caty-y-rene-padilla\/\" title=\"Resumen de la Primera C\u00e1tedra Caty y Ren\u00e9 Padilla\" target='_blank'>\n                \n                        <article class='wp-tiles-tile-with-image wp-tiles-tile-wrapper' itemscope itemtype=\"http:\/\/schema.org\/CreativeWork\">\n                        \n                            <div class='wp-tiles-tile-bg'>\n\n                                <img src='https:\/\/www.ceticontinental.org\/portal\/wp-content\/uploads\/2023\/09\/DSCF6402-1024x683.png' class='wp-tiles-img' itemprop=\"image\" \/>\n\n                            <\/div>\n                                                \n                            <div class='wp-tiles-byline'>\n\n                                <div class='wp-tiles-byline-wrapper'>\n                                \n                                    <h4 itemprop=\"name\" class=\"wp-tiles-byline-title\">Resumen de la Primera C\u00e1tedra Caty y Ren\u00e9 Padilla<\/h4>\n                                                                \n                                <\/div>\n\n                            <\/div>\n                        \n                        <\/article>\n                \n                    <\/a>\n                \n                <\/div>\n            \n                <div class='wp-tiles-tile box' id='tile-6161'>\n                \n                    <a href=\"https:\/\/www.ceticontinental.org\/portal\/2023\/01\/26\/recordando-a-jose-pepe-alcantara\/\" title=\"Recordando a Jos\u00e9 &#8220;Pepe&#8221; Alc\u00e1ntara\" target='_blank'>\n                \n                        <article class='wp-tiles-tile-with-image wp-tiles-tile-wrapper' itemscope itemtype=\"http:\/\/schema.org\/CreativeWork\">\n                        \n                            <div class='wp-tiles-tile-bg'>\n\n                                <img src='https:\/\/www.ceticontinental.org\/portal\/wp-content\/uploads\/2023\/01\/326991228_709404047552841_6969245563086126616_n.jpeg' class='wp-tiles-img' itemprop=\"image\" \/>\n\n                            <\/div>\n                                                \n                            <div class='wp-tiles-byline'>\n\n                                <div class='wp-tiles-byline-wrapper'>\n                                \n                                    <h4 itemprop=\"name\" class=\"wp-tiles-byline-title\">Recordando a Jos\u00e9 &#8220;Pepe&#8221; Alc\u00e1ntara<\/h4>\n                                                                \n                                <\/div>\n\n                            <\/div>\n                        \n                        <\/article>\n                \n                    <\/a>\n                \n                <\/div>\n            \n                <div class='wp-tiles-tile box' id='tile-6145'>\n                \n                    <a href=\"https:\/\/www.ceticontinental.org\/portal\/2022\/12\/15\/reflexion-de-adviento\/\" title=\"Reflexi\u00f3n de Adviento\" target='_blank'>\n                \n                        <article class='wp-tiles-tile-with-image wp-tiles-tile-wrapper' itemscope itemtype=\"http:\/\/schema.org\/CreativeWork\">\n                        \n                            <div class='wp-tiles-tile-bg'>\n\n                                <img src='https:\/\/www.ceticontinental.org\/portal\/wp-content\/uploads\/2022\/12\/Peacable_Kingdom_o.jpeg' class='wp-tiles-img' itemprop=\"image\" \/>\n\n                            <\/div>\n                                                \n                            <div class='wp-tiles-byline'>\n\n                                <div class='wp-tiles-byline-wrapper'>\n                                \n                                    <h4 itemprop=\"name\" class=\"wp-tiles-byline-title\">Reflexi\u00f3n de Adviento<\/h4>\n                                                                \n                                <\/div>\n\n                            <\/div>\n                        \n                        <\/article>\n                \n                    <\/a>\n                \n                <\/div>\n            \n            <\/div>\n\n        <\/div>\n        \n        <nav class=\"wp-tiles-pagination wp-tiles-pagination-ajax\" id=\"wp_tiles_1-pagination\">\n            <a href=\"https:\/\/www.ceticontinental.org\/portal\/wp-json\/wp\/v2\/pages\/12\/page\/2\/\">Load More<\/a>\n        <\/nav>\n        \n<\/div>\n<\/div><\/div><\/div><\/div><\/div><div id=\"pg-12-2\"  class=\"panel-grid panel-has-style\" ><div class=\"siteorigin-panels-stretch panel-row-style panel-row-style-for-12-2\" data-stretch-type=\"full\" ><div id=\"pgc-12-2-0\"  class=\"panel-grid-cell\" ><div id=\"panel-12-2-0-0\" class=\"widget_text so-panel widget widget_custom_html panel-first-child\" data-index=\"2\" ><div class=\"widget_text rowHome panel-widget-style panel-widget-style-for-12-2-0-0\" ><div class=\"textwidget custom-html-widget\"><h1><a href=\"http:\/\/www.ceticontinental.org\/portal\/cursos-abiertos-en-linea\/\" style=\"color:#509141 !important;\">Di\u00e1logos y Cursos Abiertos<\/a><\/h1>\n<p>Reflexiona, dialoga y aprende a forjar una mirada misional de la vida mediante nuestros webinars y cursos abiertos. Con facilitadores experimentados e invitados especiales, buscamos crear espacios virtuales que permiten el aprendizaje colectivo.<\/p><\/div><\/div><\/div><div id=\"panel-12-2-0-1\" class=\"so-panel widget widget_sow-editor panel-last-child\" data-index=\"3\" ><div\n\t\t\t\n\t\t\tclass=\"so-widget-sow-editor so-widget-sow-editor-base\"\n\t\t\t\n\t\t>\n<div class=\"siteorigin-widget-tinymce textwidget\">\n\t<p style=\"text-align: left;\">Inscr\u00edbete a nuestra <a href=\"https:\/\/sendfox.com\/ceticontinental\">lista de contactos<\/a> para recibir informaci\u00f3n sobre pr\u00f3ximas oportunidades.<\/p>\n<\/div>\n<\/div><\/div><\/div><\/div><\/div><div id=\"pg-12-3\"  class=\"panel-grid panel-has-style\" ><div class=\"so-parallax siteorigin-panels-stretch panel-row-style panel-row-style-for-12-3\" data-stretch-type=\"full\" ><img fetchpriority=\"high\" decoding=\"async\" width=\"1280\" height=\"340\" src=\"https:\/\/www.ceticontinental.org\/portal\/wp-content\/uploads\/2017\/12\/fondoamarillo.jpg\" class=\"attachment-full size-full\" alt=\"\" data-siteorigin-parallax=\"true\" loading=\"eager\" srcset=\"https:\/\/www.ceticontinental.org\/portal\/wp-content\/uploads\/2017\/12\/fondoamarillo.jpg 1280w, https:\/\/www.ceticontinental.org\/portal\/wp-content\/uploads\/2017\/12\/fondoamarillo-300x80.jpg 300w, https:\/\/www.ceticontinental.org\/portal\/wp-content\/uploads\/2017\/12\/fondoamarillo-768x204.jpg 768w, https:\/\/www.ceticontinental.org\/portal\/wp-content\/uploads\/2017\/12\/fondoamarillo-1024x272.jpg 1024w\" sizes=\"(max-width: 1280px) 100vw, 1280px\" \/><div id=\"pgc-12-3-0\"  class=\"panel-grid-cell\" ><div id=\"panel-12-3-0-0\" class=\"widget_text so-panel widget widget_custom_html panel-first-child panel-last-child\" data-index=\"4\" ><div class=\"widget_text panel-widget-style panel-widget-style-for-12-3-0-0\" ><div class=\"textwidget custom-html-widget\"><p style=\"margin-top:10%;text-align:center;\"><span style=\"background-color:#2e190d;font-size:3vw;line-height:3vw;\">Aceptamos como base de nuestra reflexi\u00f3n<br>\nla revelaci\u00f3n de Dios<\/span><\/p><\/div><\/div><\/div><\/div><\/div><\/div><div id=\"pg-12-4\"  class=\"panel-grid panel-has-style\" ><div class=\"siteorigin-panels-stretch panel-row-style panel-row-style-for-12-4\" data-stretch-type=\"full\" ><div id=\"pgc-12-4-0\"  class=\"panel-grid-cell\" ><div id=\"panel-12-4-0-0\" class=\"widget_text so-panel widget widget_custom_html panel-first-child panel-last-child\" data-index=\"5\" ><div class=\"widget_text rowHome panel-widget-style panel-widget-style-for-12-4-0-0\" ><div class=\"textwidget custom-html-widget\"><h1><a href=\"https:\/\/www.ceticontinental.org\/portal\/nueva-maestria-en-liderazgo-para-la-transformacion\/\" style=\"color:#fff !important;\">Maestr\u00eda en Liderazgo <br>para la Transformaci\u00f3n<\/a><\/h1>\n<p>La teolog\u00eda no es propiedad exclusiva de eruditos en el campo; tampoco la vivencia del evangelio es asunto meramente religioso. La maestr\u00eda de CETI fomenta la construcci\u00f3n comunitaria y dial\u00f3gica de la teolog\u00eda desde y para la vida y as\u00ed equipa a profesionales de variados trasfondos educativos y ocupaciones para una vivencia integral del evangelio en sus familias, iglesias, trabajo y su contexto social.<\/p>\n<a href=\"https:\/\/www.ceticontinental.org\/portal\/nueva-maestria-en-liderazgo-para-la-transformacion\/\" style=\"float:left;margin-right: 30px;color:#fff;text-transform:uppercase;\">\n\t<img decoding=\"async\" src=\"https:\/\/www.ceticontinental.org\/portal\/wp-content\/uploads\/2020\/11\/124983899_3620420751358297_5717776164192205017_o-e1605232696253.jpg\">\n\t<br>Busca m\u00e1s informaci\u00f3n<\/a>\n\t<li style=\"padding:1%;margin-top:20px;list-style-type:none;color:#ffffff;\">Esta maestr\u00eda es para ti si:<\/li>\n\t<li style=\"padding:20px;margin-top:20px;list-style-type:none;color:#ffffff;border-top: 1px solid #fff;\">Quieres poner en di\u00e1logo tu ocupaci\u00f3n profesional o pastoral y tus inquietudes teol\u00f3gicas, a\u00fan si no has tenido formaci\u00f3n teol\u00f3gica formal hasta ahora.<\/li>\n\t<li style=\"padding:20px;list-style-type:none;color:#ffffff;border-top: 1px solid #fff;\">Quieres renovar tu ministerio con nuevas perspectivas.<\/li>\n\t\t<li style=\"padding:20px;list-style-type:none;color:#ffffff;border-top: 1px solid #fff;\">Quieres ser parte de una comunidad de aprendizaje en la cual puedes explorar preguntas dif\u00edciles respecto a la fe y la vida.<\/li>\n\t\t<li style=\"padding:20px;list-style-type:none;color:#ffffff;border-top: 1px solid #fff;\">Quieres estudiar en horarios flexibles y desde tu propia casa<\/li>\n<\/ul>\n\n<div style=\"float:none;clear:both;\"><\/div><\/div><\/div><\/div><\/div><\/div><\/div><div id=\"pg-12-5\"  class=\"panel-grid panel-has-style\" ><div class=\"siteorigin-panels-stretch panel-row-style panel-row-style-for-12-5\" data-stretch-type=\"full\" ><div id=\"pgc-12-5-0\"  class=\"panel-grid-cell\" ><div id=\"panel-12-5-0-0\" class=\"widget_text so-panel widget widget_custom_html panel-first-child panel-last-child\" data-index=\"6\" ><div class=\"widget_text panel-widget-style panel-widget-style-for-12-5-0-0\" ><div class=\"textwidget custom-html-widget\"><p style=\"margin-top:100px;text-align:center;\"><span style=\"background-color:#509141;font-size:36px;line-height:38px;\">Nuestra tarea teol\u00f3gica es<br>\nfundamentalmente una tarea hermen\u00e9utica<\/span><\/p><\/div><\/div><\/div><\/div><\/div><\/div><div id=\"pg-12-6\"  class=\"panel-grid panel-has-style\" ><div class=\"siteorigin-panels-stretch panel-row-style panel-row-style-for-12-6\" data-stretch-type=\"full\" ><div id=\"pgc-12-6-0\"  class=\"panel-grid-cell\" ><div id=\"panel-12-6-0-0\" class=\"widget_text so-panel widget widget_custom_html panel-first-child panel-last-child\" data-index=\"7\" ><div class=\"widget_text panel-widget-style panel-widget-style-for-12-6-0-0\" ><div class=\"textwidget custom-html-widget\"><\/div><\/div><\/div><\/div><\/div><\/div><div id=\"pg-12-7\"  class=\"panel-grid panel-has-style\" ><div class=\"siteorigin-panels-stretch panel-row-style panel-row-style-for-12-7\" data-stretch-type=\"full\" ><div id=\"pgc-12-7-0\"  class=\"panel-grid-cell\" ><div id=\"panel-12-7-0-0\" class=\"so-panel widget widget_sow-headline panel-first-child panel-last-child\" data-index=\"8\" ><div class=\"panel-widget-style panel-widget-style-for-12-7-0-0\" ><div\n\t\t\t\n\t\t\tclass=\"so-widget-sow-headline so-widget-sow-headline-default-fded9e40970a-12\"\n\t\t\t\n\t\t><div class=\"sow-headline-container \">\n\t\t\t\t\t\t\t<h1 class=\"sow-headline\">\n\t\t\t\t\t\t\t\t\t\t\t\t\t<a href=\"https:\/\/www.ceticontinental.org\/portal\/vida-mision\/\" >\n\t\t\t\t\t\t\t\tVIDA &amp; MISI\u00d3N<\/a>\t\t\t\t\t\t<\/h1>\n\t\t\t\t\t\t<\/div>\n<\/div><\/div><\/div><\/div><div id=\"pgc-12-7-1\"  class=\"panel-grid-cell\" ><div id=\"panel-12-7-1-0\" class=\"so-panel widget widget_sow-editor panel-first-child panel-last-child\" data-index=\"9\" ><div class=\"panel-widget-style panel-widget-style-for-12-7-1-0\" ><div\n\t\t\t\n\t\t\tclass=\"so-widget-sow-editor so-widget-sow-editor-base\"\n\t\t\t\n\t\t>\n<div class=\"siteorigin-widget-tinymce textwidget\">\n\t<p>CETI ofrece un proceso de formaci\u00f3n integral para c\u00edrculos de estudio locales que encara preguntas como estas y capacita a las y los participantes a seguir a Jes\u00fas de lunes a domingo, en la familia, el trabajo, la iglesia y la sociedad en general.<\/p>\n<p>Hay c\u00edrculos de estudio en muchas ciudades de Am\u00e9rica Latina. Si quieres vincularte a expresiones existentes de Vida &amp; Misi\u00f3n en tu pa\u00eds, o te inter\u00e9s abrir un c\u00edrculo en tu ciudad, cont\u00e1ctanos a info@ceticontinental.org.<\/p>\n<\/div>\n<\/div><\/div><\/div><\/div><\/div><\/div><div id=\"pg-12-8\"  class=\"panel-grid panel-has-style\" ><div class=\"siteorigin-panels-stretch panel-row-style panel-row-style-for-12-8\" data-stretch-type=\"full\" ><div id=\"pgc-12-8-0\"  class=\"panel-grid-cell\" ><div id=\"panel-12-8-0-0\" class=\"so-panel widget widget_media_gallery panel-first-child panel-last-child\" data-index=\"10\" ><div class=\"panel-widget-style panel-widget-style-for-12-8-0-0\" >\n\t\t<style type=\"text\/css\">\n\t\t\t#gallery-1 {\n\t\t\t\tmargin: auto;\n\t\t\t}\n\t\t\t#gallery-1 .gallery-item {\n\t\t\t\tfloat: left;\n\t\t\t\tmargin-top: 10px;\n\t\t\t\ttext-align: center;\n\t\t\t\twidth: 14%;\n\t\t\t}\n\t\t\t#gallery-1 img {\n\t\t\t\tborder: 2px solid #cfcfcf;\n\t\t\t}\n\t\t\t#gallery-1 .gallery-caption {\n\t\t\t\tmargin-left: 0;\n\t\t\t}\n\t\t\t\/* see gallery_shortcode() in wp-includes\/media.php *\/\n\t\t<\/style>\n\t\t<div id='gallery-1' class='gallery galleryid-12 gallery-columns-7 gallery-size-full'><dl class='gallery-item'>\n\t\t\t<dt class='gallery-icon landscape'>\n\t\t\t\t<img loading=\"lazy\" decoding=\"async\" width=\"186\" height=\"186\" src=\"https:\/\/www.ceticontinental.org\/portal\/wp-content\/uploads\/2017\/12\/logoKairos.jpg\" class=\"attachment-full size-full\" alt=\"\" srcset=\"https:\/\/www.ceticontinental.org\/portal\/wp-content\/uploads\/2017\/12\/logoKairos.jpg 186w, https:\/\/www.ceticontinental.org\/portal\/wp-content\/uploads\/2017\/12\/logoKairos-150x150.jpg 150w\" sizes=\"(max-width: 186px) 100vw, 186px\" \/>\n\t\t\t<\/dt><\/dl><dl class='gallery-item'>\n\t\t\t<dt class='gallery-icon landscape'>\n\t\t\t\t<img loading=\"lazy\" decoding=\"async\" width=\"186\" height=\"186\" src=\"https:\/\/www.ceticontinental.org\/portal\/wp-content\/uploads\/2018\/03\/logoWMission.jpg\" class=\"attachment-full size-full\" alt=\"\" srcset=\"https:\/\/www.ceticontinental.org\/portal\/wp-content\/uploads\/2018\/03\/logoWMission.jpg 186w, https:\/\/www.ceticontinental.org\/portal\/wp-content\/uploads\/2018\/03\/logoWMission-150x150.jpg 150w\" sizes=\"(max-width: 186px) 100vw, 186px\" \/>\n\t\t\t<\/dt><\/dl><dl class='gallery-item'>\n\t\t\t<dt class='gallery-icon landscape'>\n\t\t\t\t<img loading=\"lazy\" decoding=\"async\" width=\"186\" height=\"186\" src=\"https:\/\/www.ceticontinental.org\/portal\/wp-content\/uploads\/2017\/12\/logoEnfemit.jpg\" class=\"attachment-full size-full\" alt=\"\" srcset=\"https:\/\/www.ceticontinental.org\/portal\/wp-content\/uploads\/2017\/12\/logoEnfemit.jpg 186w, https:\/\/www.ceticontinental.org\/portal\/wp-content\/uploads\/2017\/12\/logoEnfemit-150x150.jpg 150w\" sizes=\"(max-width: 186px) 100vw, 186px\" \/>\n\t\t\t<\/dt><\/dl><dl class='gallery-item'>\n\t\t\t<dt class='gallery-icon landscape'>\n\t\t\t\t<img loading=\"lazy\" decoding=\"async\" width=\"186\" height=\"186\" src=\"https:\/\/www.ceticontinental.org\/portal\/wp-content\/uploads\/2020\/11\/Background-FTL.png\" class=\"attachment-full size-full\" alt=\"\" srcset=\"https:\/\/www.ceticontinental.org\/portal\/wp-content\/uploads\/2020\/11\/Background-FTL.png 186w, https:\/\/www.ceticontinental.org\/portal\/wp-content\/uploads\/2020\/11\/Background-FTL-150x150.png 150w\" sizes=\"(max-width: 186px) 100vw, 186px\" \/>\n\t\t\t<\/dt><\/dl><dl class='gallery-item'>\n\t\t\t<dt class='gallery-icon landscape'>\n\t\t\t\t<img loading=\"lazy\" decoding=\"async\" width=\"186\" height=\"186\" src=\"https:\/\/www.ceticontinental.org\/portal\/wp-content\/uploads\/2022\/10\/BGU.png\" class=\"attachment-full size-full\" alt=\"\" srcset=\"https:\/\/www.ceticontinental.org\/portal\/wp-content\/uploads\/2022\/10\/BGU.png 186w, https:\/\/www.ceticontinental.org\/portal\/wp-content\/uploads\/2022\/10\/BGU-150x150.png 150w\" sizes=\"(max-width: 186px) 100vw, 186px\" \/>\n\t\t\t<\/dt><\/dl><dl class='gallery-item'>\n\t\t\t<dt class='gallery-icon landscape'>\n\t\t\t\t<img loading=\"lazy\" decoding=\"async\" width=\"186\" height=\"186\" src=\"https:\/\/www.ceticontinental.org\/portal\/wp-content\/uploads\/2022\/10\/IAPTR.png\" class=\"attachment-full size-full\" alt=\"\" srcset=\"https:\/\/www.ceticontinental.org\/portal\/wp-content\/uploads\/2022\/10\/IAPTR.png 186w, https:\/\/www.ceticontinental.org\/portal\/wp-content\/uploads\/2022\/10\/IAPTR-150x150.png 150w\" sizes=\"(max-width: 186px) 100vw, 186px\" \/>\n\t\t\t<\/dt><\/dl><dl class='gallery-item'>\n\t\t\t<dt class='gallery-icon landscape'>\n\t\t\t\t<img loading=\"lazy\" decoding=\"async\" width=\"186\" height=\"186\" src=\"https:\/\/www.ceticontinental.org\/portal\/wp-content\/uploads\/2022\/10\/Salmos-de-la-Calle.png\" class=\"attachment-full size-full\" alt=\"\" srcset=\"https:\/\/www.ceticontinental.org\/portal\/wp-content\/uploads\/2022\/10\/Salmos-de-la-Calle.png 186w, https:\/\/www.ceticontinental.org\/portal\/wp-content\/uploads\/2022\/10\/Salmos-de-la-Calle-150x150.png 150w\" sizes=\"(max-width: 186px) 100vw, 186px\" \/>\n\t\t\t<\/dt><\/dl><br style=\"clear: both\" \/>\n\t\t<\/div>\n<\/div><\/div><\/div><\/div><\/div><\/div>","protected":false},"excerpt":{"rendered":"<p>Nuevo curso abierto Resumen de la Primera C\u00e1tedra Caty y Ren\u00e9 Padilla Recordando a Jos\u00e9 &#8220;Pepe&#8221; Alc\u00e1ntara Reflexi\u00f3n de Adviento Load More Di\u00e1logos y Cursos Abiertos Reflexiona, dialoga y aprende a forjar una mirada misional de la vida mediante nuestros <span class=\"readmore\"><a class=\"more-link\" href=\"https:\/\/www.ceticontinental.org\/portal\/\">Leer m\u00e1s&#8230;<\/a><\/span><\/p>\n","protected":false},"author":1,"featured_media":0,"parent":0,"menu_order":0,"comment_status":"closed","ping_status":"closed","template":"","meta":{"footnotes":""},"class_list":["post-12","page","type-page","status-publish","hentry"],"_links":{"self":[{"href":"https:\/\/www.ceticontinental.org\/portal\/wp-json\/wp\/v2\/pages\/12"}],"collection":[{"href":"https:\/\/www.ceticontinental.org\/portal\/wp-json\/wp\/v2\/pages"}],"about":[{"href":"https:\/\/www.ceticontinental.org\/portal\/wp-json\/wp\/v2\/types\/page"}],"author":[{"embeddable":true,"href":"https:\/\/www.ceticontinental.org\/portal\/wp-json\/wp\/v2\/users\/1"}],"replies":[{"embeddable":true,"href":"https:\/\/www.ceticontinental.org\/portal\/wp-json\/wp\/v2\/comments?post=12"}],"version-history":[{"count":318,"href":"https:\/\/www.ceticontinental.org\/portal\/wp-json\/wp\/v2\/pages\/12\/revisions"}],"predecessor-version":[{"id":6014,"href":"https:\/\/www.ceticontinental.org\/portal\/wp-json\/wp\/v2\/pages\/12\/revisions\/6014"}],"wp:attachment":[{"href":"https:\/\/www.ceticontinental.org\/portal\/wp-json\/wp\/v2\/media?parent=12"}],"curies":[{"name":"wp","href":"https:\/\/api.w.org\/{rel}","templated":true}]}}