{"id":2281,"date":"2015-12-01T18:38:51","date_gmt":"2015-12-01T18:38:51","guid":{"rendered":"http:\/\/ceticontinental.org\/portal\/?page_id=2281"},"modified":"2024-08-16T17:18:39","modified_gmt":"2024-08-16T20:18:39","slug":"vida-mision","status":"publish","type":"page","link":"https:\/\/www.ceticontinental.org\/portal\/vida-mision\/","title":{"rendered":"Vida &#038; Misi\u00f3n"},"content":{"rendered":"<div id=\"pl-2281\"  class=\"panel-layout\" ><div id=\"pg-2281-0\"  class=\"panel-grid panel-has-style\" ><div class=\"so-parallax siteorigin-panels-stretch panel-row-style panel-row-style-for-2281-0\" data-stretch-type=\"full\" ><img fetchpriority=\"high\" decoding=\"async\" width=\"1220\" height=\"800\" src=\"https:\/\/www.ceticontinental.org\/portal\/wp-content\/uploads\/2024\/08\/imageedit_5_5451000415.gif\" class=\"attachment-full size-full\" alt=\"\" data-siteorigin-parallax=\"true\" loading=\"eager\" \/><div id=\"pgc-2281-0-0\"  class=\"panel-grid-cell\" ><div id=\"panel-2281-0-0-0\" class=\"widget_text so-panel widget widget_custom_html panel-first-child\" data-index=\"0\" ><div class=\"textwidget custom-html-widget\"><\/div><\/div><div id=\"panel-2281-0-0-1\" class=\"so-panel widget widget_sow-editor panel-last-child\" data-index=\"1\" ><div class=\"panel-widget-style panel-widget-style-for-2281-0-0-1\" ><div\n\t\t\t\n\t\t\tclass=\"so-widget-sow-editor so-widget-sow-editor-base\"\n\t\t\t\n\t\t>\n<div class=\"siteorigin-widget-tinymce textwidget\">\n\t<h1><strong style=\"font-size: 56px !important; font-family: 'via_sans_boldbold';\">Vida&amp;Misi\u00f3n<\/strong><\/h1>\n<\/div>\n<\/div><\/div><\/div><\/div><\/div><\/div><div id=\"pg-2281-1\"  class=\"panel-grid panel-no-style\" ><div id=\"pgc-2281-1-0\"  class=\"panel-grid-cell\" ><div id=\"panel-2281-1-0-0\" class=\"so-panel widget widget_sow-editor panel-first-child\" data-index=\"2\" ><div class=\"panel-widget-style panel-widget-style-for-2281-1-0-0\" ><div\n\t\t\t\n\t\t\tclass=\"so-widget-sow-editor so-widget-sow-editor-base\"\n\t\t\t\n\t\t>\n<div class=\"siteorigin-widget-tinymce textwidget\">\n\t<h1><b>\u00bfQue\u0301 es Vida&amp;Misi\u00f3n?<\/b><\/h1>\n<p>&nbsp;<\/p>\n<p><span style=\"font-weight: 400; font-size: 14pt; font-family: via-sans;\">Vida&amp;Misi\u00f3n es un programa de formacio\u0301n no tradicional de modalidad presencial que, en grupos de trabajo y con el apoyo de un\/a facilitador\/a, te permite interactuar con el pensamiento y la vivencia de fe de personas de diversas e\u0301pocas y tradiciones cristianas y examinar las varias a\u0301reas de la vida a la luz de la Palabra de Dios y de otras fuentes.<\/span><\/p>\n<p><span style=\"font-weight: 400; font-size: 14pt; font-family: via-sans;\">Vida&amp;Misi\u00f3n se organiza alrededor de cuatro a\u0301reas fundamentales: Familia, Iglesia, Trabajo y Sociedad. Es un estudio teol\u00f3gico interdisciplinario que integra estudio bi\u0301blico, historia de la iglesia, diversas tradiciones teolo\u0301gicas y ana\u0301lisis cri\u0301tico de la realidad.<\/span><\/p>\n<p>&nbsp;<\/p>\n<h1><b>\u00bfEn qu\u00e9 consiste Vida&amp;Misi\u00f3n?<\/b><\/h1>\n<p>&nbsp;<\/p>\n<p><span style=\"font-weight: 400; font-size: 14pt; font-family: via-sans;\">El certificado consta de cuatro m\u00f3dulos: Iglesia, Sociedad, Familia y Trabajo. Cada uno de ellos se desarrolla en 14 sesiones grupales de 2-3 horas cada una. La duracio\u0301n total dependera\u0301, entonces, de la intensidad con la cual se curse cada a\u0301rea.<\/span><\/p>\n<p>&nbsp;<\/p>\n<\/div>\n<\/div><\/div><\/div><div id=\"panel-2281-1-0-1\" class=\"so-panel widget widget_sow-tabs\" data-index=\"3\" ><div\n\t\t\t\n\t\t\tclass=\"so-widget-sow-tabs so-widget-sow-tabs-default-8fbec8c6f08a-2281\"\n\t\t\t\n\t\t><div class=\"sow-tabs\">\n\t<div class=\"sow-tabs-tab-container\" role=\"tablist\">\n\t\t\t<div\n\t\t\tclass=\"sow-tabs-tab\n\t\t\t sow-tabs-tab-selected\t\t\t\"\n\t\t\trole=\"tab\"\n\t\t\tdata-anchor-id=\"modulo-iglesia\"\n\t\t\taria-selected=\"true\"\n\t\t\ttabindex=\"0\"\n\t\t>\n\t\t\t<div class=\"sow-tabs-title sow-tabs-title-icon-left\">\n\t\t\t\t\t\t\t\tM\u00f3dulo Iglesia\t\t\t\t\t\t\t<\/div>\n\t\t<\/div>\n\t\t\t<div\n\t\t\tclass=\"sow-tabs-tab\n\t\t\t\t\t\t\"\n\t\t\trole=\"tab\"\n\t\t\tdata-anchor-id=\"modulo-sociedad\"\n\t\t\taria-selected=\"false\"\n\t\t\ttabindex=\"0\"\n\t\t>\n\t\t\t<div class=\"sow-tabs-title sow-tabs-title-icon-left\">\n\t\t\t\t\t\t\t\tM\u00f3dulo Sociedad\t\t\t\t\t\t\t<\/div>\n\t\t<\/div>\n\t\t\t<div\n\t\t\tclass=\"sow-tabs-tab\n\t\t\t\t\t\t\"\n\t\t\trole=\"tab\"\n\t\t\tdata-anchor-id=\"modulo-familia\"\n\t\t\taria-selected=\"false\"\n\t\t\ttabindex=\"0\"\n\t\t>\n\t\t\t<div class=\"sow-tabs-title sow-tabs-title-icon-left\">\n\t\t\t\t\t\t\t\tM\u00f3dulo Familia\t\t\t\t\t\t\t<\/div>\n\t\t<\/div>\n\t\t\t<div\n\t\t\tclass=\"sow-tabs-tab\n\t\t\t\t\t\t\"\n\t\t\trole=\"tab\"\n\t\t\tdata-anchor-id=\"modulo-trabajo\"\n\t\t\taria-selected=\"false\"\n\t\t\ttabindex=\"0\"\n\t\t>\n\t\t\t<div class=\"sow-tabs-title sow-tabs-title-icon-left\">\n\t\t\t\t\t\t\t\tM\u00f3dulo Trabajo\t\t\t\t\t\t\t<\/div>\n\t\t<\/div>\n\t\t<\/div>\n\n\t<div class=\"sow-tabs-panel-container\">\n\t\t\t<div class=\"sow-tabs-panel\">\n\t\t\t<div\n\t\t\t\tclass=\"sow-tabs-panel-content\"\n\t\t\t\trole=\"tabpanel\"\n\t\t\t\taria-hidden=\"false\"\n\t\t\t>\n\t\t\t\t<p><span style=\"font-weight: 400;font-size: 14pt;font-family: via-sans\">En este m\u00f3dulo, examinamos la realidad de la Iglesia cristiana desde varias perspectivas: la vivencial, la b\u00edblica y la hist\u00f3rica. Hacemos entrevistas, observamos la realidad de la vida, estudiamos la Biblia, leemos unos escritos b\u00e1sicos, reflexionamos individual y comunitariamente y finalmente aplicamos lo aprendido en un proyecto ministerial.\u00a0<\/span><\/p>\n\t\t\t<\/div>\n\t\t<\/div>\n\t\t\t<div class=\"sow-tabs-panel\">\n\t\t\t<div\n\t\t\t\tclass=\"sow-tabs-panel-content\"\n\t\t\t\trole=\"tabpanel\"\n\t\t\t\taria-hidden=\"true\"\n\t\t\t>\n\t\t\t\t<p><span style=\"font-weight: 400;font-family: via-sans;font-size: 14pt\">En este m\u00f3dulo, concentramos nuestra atenci\u00f3n en la sociedad. En la primera unidad procuramos conocer a fondo nuestra sociedad y tomar conciencia de la realidad en la cual vivimos. En la segunda unidad examinamos el papel y las responsabilidades de la iglesia y de los cristianos que vivimos en esa sociedad.\u00a0<\/span><\/p>\n\t\t\t<\/div>\n\t\t<\/div>\n\t\t\t<div class=\"sow-tabs-panel\">\n\t\t\t<div\n\t\t\t\tclass=\"sow-tabs-panel-content\"\n\t\t\t\trole=\"tabpanel\"\n\t\t\t\taria-hidden=\"true\"\n\t\t\t>\n\t\t\t\t<p><span style=\"font-weight: 400;font-family: via-sans;font-size: 14pt\">En este m\u00f3dulo, estudiamos juntos a la familia a partir de los valores del evangelio de Jesucristo. Hoy m\u00e1s que nunca la familia como organizaci\u00f3n social est\u00e1 experimentando transformaciones y cambios que requieren reflexi\u00f3n. Por ello, este m\u00f3dulo contribuye a la integraci\u00f3n de la fe con el compromiso cristiano para responder a las demandas, los problemas y los dilemas \u00e9ticos que presionan a las familias actuales.\u00a0<\/span><\/p>\n\t\t\t<\/div>\n\t\t<\/div>\n\t\t\t<div class=\"sow-tabs-panel\">\n\t\t\t<div\n\t\t\t\tclass=\"sow-tabs-panel-content\"\n\t\t\t\trole=\"tabpanel\"\n\t\t\t\taria-hidden=\"true\"\n\t\t\t>\n\t\t\t\t<p><span style=\"font-weight: 400;font-size: 14pt;font-family: via-sans\">En este m\u00f3dulo, concentramos nuestra atenci\u00f3n en el trabajo que ocupa buena parte del d\u00eda de la mayor\u00eda de la gente, nuestro medio para \u201cganarnos la vida\u201d, para conseguir el sost\u00e9n necesario. Comenzamos con un an\u00e1lisis descriptivo de la situaci\u00f3n en la que estamos inmersos, y luego reflexionamos sobre el lugar del cristiano en ese mundo del trabajo.<\/span><\/p>\n\t\t\t<\/div>\n\t\t<\/div>\n\t\t<\/div>\n<\/div>\n<\/div><\/div><div id=\"panel-2281-1-0-2\" class=\"so-panel widget widget_sow-editor\" data-index=\"4\" ><div class=\"panel-widget-style panel-widget-style-for-2281-1-0-2\" ><div\n\t\t\t\n\t\t\tclass=\"so-widget-sow-editor so-widget-sow-editor-base\"\n\t\t\t\n\t\t>\n<div class=\"siteorigin-widget-tinymce textwidget\">\n\t<h1><b>\u00bfPara qui\u00e9nes es Vida&amp;Misi\u00f3n?<\/b><\/h1>\n<h1><\/h1>\n<p>&nbsp;<\/p>\n<p><span style=\"font-weight: 400; font-size: 14pt; font-family: via-sans;\">El Certificado Vida&amp;Misi\u00f3n est\u00e1 dise\u00f1ado para grupos de 8-15 personas cristianas que procuran integrar su fe con los diversos \u00e1mbitos de sus vidas y se comprometen a estudiar juntas los cuatro m\u00f3dulos. No se requiere estudio teol\u00f3gico previo ni estudios universitarios, aunque s\u00ed hace falta capacidad lectora. Vida&amp;Misi\u00f3n va dirigido a quienes quieren comprender mejor la Biblia e involucrarse misionalmente en su contexto, a\u00fan sin ser necesariamente pastores ni l\u00edderes eclesiales.\u00a0<\/span><\/p>\n<p>&nbsp;<\/p>\n<h1><\/h1>\n<h1><b>\u00bfC\u00f3mo aprendemos en Vida&amp;Misi\u00f3n?<\/b><\/h1>\n<p>&nbsp;<\/p>\n<p><span style=\"font-weight: 400; font-size: 14pt; font-family: via-sans;\">Vida&amp;Misi\u00f3n es un programa de estudio teolo\u0301gico interdisciplinario. Sostenemos que el verdadero aprendizaje nunca es meramente intelectual y acade\u0301mico, sino que involucra tambi\u00e9n lo vivencial y emocional. Vida&amp;Misi\u00f3n motiva al estudiante a comprometerse con la misio\u0301n de su iglesia o grupo dentro de su realidad especi\u0301fica desde el marco de su fe.<\/span><\/p>\n<p><span style=\"font-weight: 400; font-size: 14pt; font-family: via-sans;\">El proceso de estudio provee la oportunidad para pensar, criticar, evaluar y expresar opiniones propias. Muchas veces no hay una respuesta correcta y otra equivocada; la respuesta correcta es la que corresponde con lo que est\u00e1 viviendo cada estudiante.\u00a0<\/span><\/p>\n<p>&nbsp;<\/p>\n<h1><b>Me interesa Vida&amp;Misi\u00f3n, \u00bfCu\u00e1l es el siguiente paso?<\/b><\/h1>\n<p>&nbsp;<\/p>\n<p><span style=\"font-weight: 400; font-size: 14pt; font-family: via-sans;\">Ponte en contacto con el equipo de CETI para recibir m\u00e1s informaci\u00f3n sobre este certificado. Nuestro equipo estar\u00e1 feliz de apoyarte en la apertura de un grupo.<\/span><\/p>\n<\/div>\n<\/div><\/div><\/div><div id=\"panel-2281-1-0-3\" class=\"so-panel widget widget_sow-button panel-last-child\" data-index=\"5\" ><div\n\t\t\t\n\t\t\tclass=\"so-widget-sow-button so-widget-sow-button-flat-5e05fc603e74-2281\"\n\t\t\t\n\t\t><div class=\"ow-button-base ow-button-align-center\"\n>\n\t\t\t<a\n\t\t\t\t\thref=\"mailto:info@ceticontinental.org?subject=Inter%C3%A9s%20Vida%26Misi%C3%B3n&#038;body=Hola%2C%0D%0A%0D%0AMe%20interesar%C3%ADa%20tener%20m%C3%A1s%20informaci%C3%B3n%20sobre%20el%20certificado%20de%20Vida%26Misi%C3%B3n.\"\n\t\t\t\t\tclass=\"sowb-button ow-icon-placement-left ow-button-hover\" target=\"_blank\" rel=\"noopener noreferrer\" \t>\n\t\t<span>\n\t\t\t\n\t\t\tCont\u00e1ctanos\t\t<\/span>\n\t\t\t<\/a>\n\t<\/div>\n<\/div><\/div><\/div><\/div><div id=\"pg-2281-2\"  class=\"panel-grid panel-has-style\" ><div class=\"panel-row-style panel-row-style-for-2281-2\" ><div id=\"pgc-2281-2-0\"  class=\"panel-grid-cell panel-grid-cell-empty\" ><\/div><\/div><\/div><\/div>","protected":false},"excerpt":{"rendered":"<p>Vida&amp;Misi\u00f3n \u00bfQue\u0301 es Vida&amp;Misi\u00f3n? &nbsp; Vida&amp;Misi\u00f3n es un programa de formacio\u0301n no tradicional de modalidad presencial que, en grupos de trabajo y con el apoyo de un\/a facilitador\/a, te permite interactuar con el pensamiento y la vivencia de fe de <span class=\"readmore\"><a class=\"more-link\" href=\"https:\/\/www.ceticontinental.org\/portal\/vida-mision\/\">Leer m\u00e1s&#8230;<\/a><\/span><\/p>\n","protected":false},"author":1,"featured_media":0,"parent":0,"menu_order":0,"comment_status":"closed","ping_status":"closed","template":"","meta":{"footnotes":""},"class_list":["post-2281","page","type-page","status-publish","hentry"],"_links":{"self":[{"href":"https:\/\/www.ceticontinental.org\/portal\/wp-json\/wp\/v2\/pages\/2281"}],"collection":[{"href":"https:\/\/www.ceticontinental.org\/portal\/wp-json\/wp\/v2\/pages"}],"about":[{"href":"https:\/\/www.ceticontinental.org\/portal\/wp-json\/wp\/v2\/types\/page"}],"author":[{"embeddable":true,"href":"https:\/\/www.ceticontinental.org\/portal\/wp-json\/wp\/v2\/users\/1"}],"replies":[{"embeddable":true,"href":"https:\/\/www.ceticontinental.org\/portal\/wp-json\/wp\/v2\/comments?post=2281"}],"version-history":[{"count":61,"href":"https:\/\/www.ceticontinental.org\/portal\/wp-json\/wp\/v2\/pages\/2281\/revisions"}],"predecessor-version":[{"id":6509,"href":"https:\/\/www.ceticontinental.org\/portal\/wp-json\/wp\/v2\/pages\/2281\/revisions\/6509"}],"wp:attachment":[{"href":"https:\/\/www.ceticontinental.org\/portal\/wp-json\/wp\/v2\/media?parent=2281"}],"curies":[{"name":"wp","href":"https:\/\/api.w.org\/{rel}","templated":true}]}}