{"id":2361,"date":"2016-02-09T00:12:39","date_gmt":"2016-02-09T00:12:39","guid":{"rendered":"http:\/\/ceticontinental.org\/portal\/?page_id=2361"},"modified":"2023-04-21T11:20:15","modified_gmt":"2023-04-21T14:20:15","slug":"quienes_somoshistoria","status":"publish","type":"page","link":"https:\/\/www.ceticontinental.org\/portal\/quienes_somoshistoria\/","title":{"rendered":"Historia"},"content":{"rendered":"<div id=\"pl-2361\"  class=\"panel-layout\" ><div id=\"pg-2361-0\"  class=\"panel-grid panel-has-style\" ><div class=\"panel-row-style panel-row-style-for-2361-0\" ><div id=\"pgc-2361-0-0\"  class=\"panel-grid-cell panel-grid-cell-empty\" ><\/div><\/div><\/div><div id=\"pg-2361-1\"  class=\"panel-grid panel-no-style\" ><div id=\"pgc-2361-1-0\"  class=\"panel-grid-cell\" ><div id=\"panel-2361-1-0-0\" class=\"widget_text so-panel widget widget_custom_html panel-first-child panel-last-child\" data-index=\"0\" ><div class=\"textwidget custom-html-widget\"><h2>Historia<\/h2>\n<p>CETI es una comunidad continental de creyentes llena de dinamismo, inquietud, creatividad y compromiso con el Reino de Dios y su justicia. A trav\u00e9s de nuestra historia y en la amplia variedad de nuestros contextos, preguntas como \u00e9stas nos han vinculado en el quehacer teol\u00f3gico:<\/p>\n\n<p>\u00bfC\u00f3mo se vinculan la fe y los diversos campos del saber y la pr\u00e1ctica profesional? \u00bfQu\u00e9 aporte debe hacer el pueblo de Dios a las comunidades m\u00e1s amplias en las cuales est\u00e1 inmerso? \u00bfC\u00f3mo marca el evangelio las relaciones familiares? \u00bfLa fe evang\u00e9lica tiene algo que aportar en medio de las urgentes problem\u00e1ticas que aquejan a nuestro continente?<\/p>\n\n<h2>El trasfondo<\/h2>\n<p>Para los j\u00f3venes l\u00edderes de los incipientes movimientos universitarios cristianos dentro de Am\u00e9rica Latina en la d\u00e9cada de 1960 la pregunta era ineludible. Los amigos y las amigas de la Comunidad Internacional de Estudiantes Evang\u00e9licos (CIEE) se dedicaron a explorar c\u00f3mo se conectaban las buenas noticias del amor de Dios en Cristo con su campo de misi\u00f3n, la universidad. Muy pronto reconocieron que, aunque pod\u00edan aprovechar las articulaciones teol\u00f3gicas de otras latitudes, \u00e9stas no eran suficientes. Les tocaba generar una teolog\u00eda contextual, con ingredientes locales y articulaciones pertinentes al contexto revolucionario de la universidad y al contexto social m\u00e1s amplio.<\/p>\n\n<p>Con el transcurrir del tiempo, las personas vinculadas a la CIEE compartieron sus inquietudes en foros m\u00e1s amplios y contribuyeron a la fundaci\u00f3n de la Fraternidad Teol\u00f3gica Latinoamericana (FTL) en 1970. Mientras esta Fraternidad crec\u00eda a nivel continental y se proyectaba m\u00e1s all\u00e1, la visi\u00f3n de fomentar una reflexi\u00f3n teol\u00f3gica que naciera de y nutriera la misi\u00f3n de la iglesia en todas las \u00e1reas de la vida sigui\u00f3 creciendo en Argentina.<\/p>\n\n<h2>El inicio en Argentina<\/h2>\n<p>A mediados de los a\u00f1os setenta, en Villa Mar\u00eda, C\u00f3rdoba, se nuclearon personas como Miguel y Plinio Zandrino y Luis Perez Seggiaro, vinculadas al Ateneo B\u00edblico y a la Escuela B\u00edblica de Villa Mar\u00eda. Paralelamente, en Buenos Aires, construyendo sobre las iniciativas de la Asociaci\u00f3n de Te\u00f3logos Evang\u00e9licos, se consolid\u00f3 la Comunidad Kair\u00f3s, con personas como Andr\u00e9s Kirk, Samuel y Lilly Escobar, Ren\u00e9 y Catalina Feser Padilla, David y Elsie Romanenghi Powell, Eduardo y Elvira Ram\u00edrez, entre otras.<\/p>\n<p>Ambos grupos compart\u00edan la visi\u00f3n de capacitar a j\u00f3venes profesionales, a pastores y a las nuevas generaciones evang\u00e9licas en general para una vivencia integral del Evangelio en el mundo. Comenzaron juntos a so\u00f1ar, a orar, a reflexionar, a apoyarse mutuamente en sus campos profesionales y, con el tiempo, concibieron el Centro de Estudios Teol\u00f3gicos Interdisciplinarios (CETI). El programa comenz\u00f3 en Villa Mar\u00eda y en 1982 pas\u00f3 a ser administrado por Kair\u00f3s. Los cursos se organizaron alrededor de la vida, en m\u00f3dulos dedicados al trabajo, la familia, la iglesia y la sociedad, y fueron arm\u00e1ndose en forma comunitaria en intensas jornadas de estudio, con el aporte de las y los estudiantes, y bajo la dedicada direcci\u00f3n de la decana Catalina Feser Padilla.<\/p>\n<p>Inicialmente se ofrecieron una maestr\u00eda y una licenciatura, y con el tiempo CETI se incorpor\u00f3 como miembro de ASIT, la Asociaci\u00f3n de Seminarios e Instituciones Teol\u00f3gicas (ASIT), entidad que nuclea y acredita los centros de educaci\u00f3n teol\u00f3gica del Cono Sur. Con el correr del tiempo, se identific\u00f3 la necesidad de articular un programa m\u00e1s accesible a personas sin t\u00edtulo universitario. De particular importancia en el proceso de elaboraci\u00f3n de CETI B\u00e1sico fue la colaboraci\u00f3n con Carlos (Seoung) Park y los programas de formaci\u00f3n pastoral de la iglesia coreana Chung Ang, de Buenos Aires.<\/p>\n\n<h2>Crecimiento y consolidaci\u00f3n continental<\/h2>\n<p>En la d\u00e9cada del 2000, un acuerdo entre CETI y Semillas de Nueva Creaci\u00f3n, una entidad local auspiciada por la Misi\u00f3n Cristiana Reformada, abri\u00f3 el acceso a la formaci\u00f3n teol\u00f3gica mediante CETI B\u00e1sico a cientos de pastores, l\u00edderes, hombres y mujeres de la Misi\u00f3n Cristiana Elim y otras iglesias en El Salvador.<\/p>\n\n<p>A fines del 2010, las personas involucradas en la administraci\u00f3n de CETI tanto en Argentina como en Centroam\u00e9rica comenzaron a plantear una nueva y amplia visi\u00f3n de colaboraci\u00f3n para la renovaci\u00f3n metodol\u00f3gica y de contenido de la propuesta integral de CETI y para expandir su alcance en el continente. Consecuentemente, a comienzos del 2011, el programa pas\u00f3 a ser administrado por CETI Continental, una nueva entidad internacional con base en San Jos\u00e9, Costa Rica. Con una Junta Directiva, un equipo continental y un cuerpo estudiantil compuestos por personas de diversos pa\u00edses latinoamericanos, CETI hoy se identifica como Comunidad de Estudios Teol\u00f3gicos Interdisciplinarios. Ofrece varios Certificados, incluyendo Vida&Misi\u00f3n, Aqu\u00ed&Ahora y Contracorriente; una Maestr\u00eda en Liderazgo para la Transformaci\u00f3n con acreditaci\u00f3n universitaria (mediante Bakke Graduate University, Texas, EE.UU.); y otras oportunidades de aprendizaje a trav\u00e9s de webinars, cursos abiertos y la C\u00e1tedra Caty y Ren\u00e9 Padilla.<\/p><\/div><\/div><\/div><\/div><\/div>","protected":false},"excerpt":{"rendered":"<p>Historia CETI es una comunidad continental de creyentes llena de dinamismo, inquietud, creatividad y compromiso con el Reino de Dios y su justicia. A trav\u00e9s de nuestra historia y en la amplia variedad de nuestros contextos, preguntas como \u00e9stas nos <span class=\"readmore\"><a class=\"more-link\" href=\"https:\/\/www.ceticontinental.org\/portal\/quienes_somoshistoria\/\">Leer m\u00e1s&#8230;<\/a><\/span><\/p>\n","protected":false},"author":1,"featured_media":0,"parent":0,"menu_order":0,"comment_status":"closed","ping_status":"closed","template":"","meta":{"footnotes":""},"class_list":["post-2361","page","type-page","status-publish","hentry"],"_links":{"self":[{"href":"https:\/\/www.ceticontinental.org\/portal\/wp-json\/wp\/v2\/pages\/2361"}],"collection":[{"href":"https:\/\/www.ceticontinental.org\/portal\/wp-json\/wp\/v2\/pages"}],"about":[{"href":"https:\/\/www.ceticontinental.org\/portal\/wp-json\/wp\/v2\/types\/page"}],"author":[{"embeddable":true,"href":"https:\/\/www.ceticontinental.org\/portal\/wp-json\/wp\/v2\/users\/1"}],"replies":[{"embeddable":true,"href":"https:\/\/www.ceticontinental.org\/portal\/wp-json\/wp\/v2\/comments?post=2361"}],"version-history":[{"count":22,"href":"https:\/\/www.ceticontinental.org\/portal\/wp-json\/wp\/v2\/pages\/2361\/revisions"}],"predecessor-version":[{"id":6309,"href":"https:\/\/www.ceticontinental.org\/portal\/wp-json\/wp\/v2\/pages\/2361\/revisions\/6309"}],"wp:attachment":[{"href":"https:\/\/www.ceticontinental.org\/portal\/wp-json\/wp\/v2\/media?parent=2361"}],"curies":[{"name":"wp","href":"https:\/\/api.w.org\/{rel}","templated":true}]}}