{"id":4684,"date":"2019-04-01T14:34:16","date_gmt":"2019-04-01T17:34:16","guid":{"rendered":"http:\/\/www.ceticontinental.org\/portal\/?page_id=4684"},"modified":"2022-10-06T17:01:36","modified_gmt":"2022-10-06T20:01:36","slug":"recursos-para-el-camino-2","status":"publish","type":"page","link":"https:\/\/www.ceticontinental.org\/portal\/recursos-para-el-camino-2\/","title":{"rendered":"Recursos para el camino"},"content":{"rendered":"<div id=\"pl-4684\"  class=\"panel-layout\" ><div id=\"pg-4684-0\"  class=\"panel-grid panel-has-style\" ><div class=\"so-parallax siteorigin-panels-stretch panel-row-style panel-row-style-for-4684-0\" data-stretch-type=\"full\" ><img fetchpriority=\"high\" decoding=\"async\" width=\"1220\" height=\"508\" src=\"https:\/\/www.ceticontinental.org\/portal\/wp-content\/uploads\/2019\/04\/imageedit_2_2629046689.jpg\" class=\"attachment-full size-full\" alt=\"\" data-siteorigin-parallax=\"true\" loading=\"eager\" srcset=\"https:\/\/www.ceticontinental.org\/portal\/wp-content\/uploads\/2019\/04\/imageedit_2_2629046689.jpg 1220w, https:\/\/www.ceticontinental.org\/portal\/wp-content\/uploads\/2019\/04\/imageedit_2_2629046689-300x125.jpg 300w, https:\/\/www.ceticontinental.org\/portal\/wp-content\/uploads\/2019\/04\/imageedit_2_2629046689-768x320.jpg 768w, https:\/\/www.ceticontinental.org\/portal\/wp-content\/uploads\/2019\/04\/imageedit_2_2629046689-1024x426.jpg 1024w\" sizes=\"(max-width: 1220px) 100vw, 1220px\" \/><div id=\"pgc-4684-0-0\"  class=\"panel-grid-cell\" ><div id=\"panel-4684-0-0-0\" class=\"so-panel widget widget_sow-editor panel-first-child panel-last-child\" data-index=\"0\" ><div class=\"panel-widget-style panel-widget-style-for-4684-0-0-0\" ><div\n\t\t\t\n\t\t\tclass=\"so-widget-sow-editor so-widget-sow-editor-base\"\n\t\t\t\n\t\t>\n<div class=\"siteorigin-widget-tinymce textwidget\">\n\t<h1 class=\"heading-claim auto-font-size\"><strong>Recursos para el camino...<\/strong><\/h1>\n<\/div>\n<\/div><\/div><\/div><\/div><\/div><\/div><div id=\"pg-4684-1\"  class=\"panel-grid panel-no-style\" ><div id=\"pgc-4684-1-0\"  class=\"panel-grid-cell\" ><div id=\"panel-4684-1-0-0\" class=\"so-panel widget widget_sow-editor panel-first-child panel-last-child\" data-index=\"1\" ><div\n\t\t\t\n\t\t\tclass=\"so-widget-sow-editor so-widget-sow-editor-base\"\n\t\t\t\n\t\t>\n<div class=\"siteorigin-widget-tinymce textwidget\">\n\t<div class=\"text cf design-01\">\n<div class=\"text-content\">\n<h1>La vida espiritual en tiempos de coronavirus<\/h1>\n<p><img loading=\"lazy\" decoding=\"async\" class=\"alignright wp-image-5235\" src=\"https:\/\/www.ceticontinental.org\/portal\/wp-content\/uploads\/2020\/05\/01.jpg\" alt=\"\" width=\"350\" height=\"450\" srcset=\"https:\/\/www.ceticontinental.org\/portal\/wp-content\/uploads\/2020\/05\/01.jpg 498w, https:\/\/www.ceticontinental.org\/portal\/wp-content\/uploads\/2020\/05\/01-233x300.jpg 233w\" sizes=\"(max-width: 350px) 100vw, 350px\" \/>\u00bfD\u00f3nde est\u00e1 Dios cuando buena parte del mundo sufre los estragos de una pandemia? \u00bfC\u00f3mo vivimos esta realidad a la luz de nuestra fe en Jes\u00fas, el Se\u00f1or? \u00bfD\u00f3nde podemos ver el amor de Dios y sus bondades en medio de una pandemia que ha cobrado miles de vidas? Reconocemos que, ante la velocidad de los cambios en el mundo, en nuestras ciudades y en nuestras vidas, y ante las constantes noticias es dif\u00edcil tomarse el tiempo de procesar, de reconocer nuestros sentimientos y hacer frente a las nuevas circunstancias.<\/p>\n<p>Precisamente \u00e9se es el prop\u00f3sito de\u00a0<a href=\"https:\/\/entornoalescritura.blogspot.com\/\">En torno a la Palabra<\/a>,\u00a0acompa\u00f1arnos mutuamente como\u00a0hermanas y hermanos de toda nuestra Am\u00e9rica Latina, reuni\u00e9ndonos y orando\u00a0alrededor de la Palabra\u00a0Te invitamos a cultivar un ritmo saludable para estos d\u00edas marcando tres momentos cada d\u00eda para orar: Alertas (oraci\u00f3n matutina), Lamento o Arrepentimiento (oraci\u00f3n de medio d\u00eda), y Esperanza, Gracia y Hesed (oraci\u00f3n nocturna). Cada publicaci\u00f3n tiene una reflexi\u00f3n b\u00edblica, un dibujo, una oraci\u00f3n y\/o propuesta de oraci\u00f3n con el cuerpo. Los comentarios son un espacio donde puedes escribir\u00a0o dibujar tu propia oraci\u00f3n.<\/p>\n<p><strong>Pintura<\/strong>: Salmo 10 por Jun Mart\u00ednez<\/p>\n<h1 id=\"wnd_TextBlock_522853_inner_0\" data-wnd_is_separable=\"1\" data-wnd_separable_index=\"0\" data-wnd_separable_id=\"wnd_TextBlock_522853\">Reflexiones diarias<\/h1>\n<p>Recomendada: <a href=\"https:\/\/docs.google.com\/presentation\/d\/e\/2PACX-1vR6rJlceLfTQ8Rvwt3g7f_251K_rSp9GWJFB6DDR3Ir6jaLiLZM6XFHAvVDGQ_XhCounCHehfBcXZWT\/pub?start=false&amp;loop=false&amp;delayms=3000\">Dios es amor<\/a>, Carlos Scott, Argentina.<\/p>\n<\/div>\n<\/div>\n<div class=\"text cf design-01\">\n<div class=\"text-content\">\n<p><b>Al seguir cada uno de estos enlaces, encontrar\u00e1s una propuesta de lectura y reflexi\u00f3n diaria:<\/b><\/p>\n<ul>\n<li><a href=\"https:\/\/www.espaciosagrado.com\/\" target=\"_blank\" rel=\"nofollow noopener\"><i>Espacio sagrado<\/i>\u00a0<\/a> (Texto del Evangelio de acuerdo al calendario de lecturas y lit\u00fargico 2019)<\/li>\n<li><a href=\"http:\/\/lugarsagrado.com\/\" target=\"_blank\" rel=\"nofollow noopener\">Lugar Sagrado<\/a> (Portugu\u00e9s)<i><\/i><\/li>\n<li><a href=\"https:\/\/nuestropandiario.org\/\" target=\"_blank\" rel=\"nofollow noopener\">https:\/\/nuestropandiario.org\/\u00a0<\/a>\u00a0(Reflexiones diarias con base en un texto b\u00edblico)<\/li>\n<li><a href=\"http:\/\/paodiario.org\/\" target=\"_blank\" rel=\"nofollow noopener\">P\u00e3o Di\u00e1rio<\/a> (Portugu\u00e9s)<\/li>\n<li><i style=\"font-size: 1.5rem;\"><a href=\"http:\/\/rezandovoy.org\/\" target=\"_blank\" rel=\"nofollow noopener\">Rezando voy<\/a>\u00a0\u00a0<\/i><span style=\"font-size: 1.5rem;\">(Audio, lectura y reflexi\u00f3n diaria, Comunidad Jesuita de Espa\u00f1a)<\/span><\/li>\n<\/ul>\n<h1 class=\"wnd-align-center\"><span class=\"wsw-44\"><span class=\"wsw-01\">Auto-evaluaci\u00f3n de tu vida espiritual<\/span>\u00a0<\/span><\/h1>\n<p class=\"wnd-align-center\" style=\"text-align: left;\">En la vida cotidiana, asediados por muchos afanes, es dif\u00edcil encontrar el espacio para profundizar en la relaci\u00f3n con Dios y con los dem\u00e1s.<\/p>\n<p class=\"wnd-align-center\" style=\"text-align: left;\"><span style=\"font-size: 1.5rem;\">Tambi\u00e9n es dif\u00edcil saber d\u00f3nde se encuentra uno en este camino. Por esto, te proveemos la siguiente auto-evaluaci\u00f3n de la profundidad de tu relaci\u00f3n con Dios a la luz de algunas disciplinas espirituales. Qu\u00e9 tanto compromiso tienes con estas disciplinas. Est\u00e1s creciendo en ellas?<\/span><\/p>\n<div class=\"wnd-align-center\">\n<p style=\"text-align: left;\">Disciplinas de involucramiento (entrar en relaci\u00f3n de di\u00e1logo honesto con Dios y con otras personas para ejercitarse en dar y recibir amor)<\/p>\n<ul>\n<li>Lectura b\u00edblica (incluye meditaci\u00f3n, oraci\u00f3n de la Palabra y estudio b\u00edblico)<\/li>\n<li>Oraci\u00f3n (conversar con Dios, interceder por nosotros y otras personas)<\/li>\n<li>Reflexi\u00f3n personal (Atender al ser interior para crecer en amor a Dios, a otros y a nosotros mismos)<\/li>\n<li>Comunidad (amistad cristiana profunda, incluye grupos peque\u00f1os, mentoreo y direcci\u00f3n espiritual)<\/li>\n<li>Servicio (servir a Dios dejando que su amor y compasi\u00f3n alcance a otros, especialmente aquellos que se encuentran en necesidad)<\/li>\n<\/ul>\n<p>Disciplinas de abstinencia (negarnos a algo que queremos y\/o necesitamos para abrir un espacio de encuentro con Dios)<\/p>\n<ul>\n<li>Ayuno (abstenerse de comida u otro placer para enfocarse en la oraci\u00f3n)<\/li>\n<li>Silencio (abstenerse de hablar para enfocarse en Dios, o para escuchar a los dem\u00e1s)<\/li>\n<li>Soledad (retirarse de los dem\u00e1s para encontrarse con Dios)<\/li>\n<li>S\u00e1bado (descansar del trabajo para confiar en la provisi\u00f3n de Dios)<\/li>\n<\/ul>\n<p>\u00bfHay alguna de estas disciplinas que practicas regularmente? \u00bfHay alguna en la que te gustar\u00eda crecer?<\/p>\n<p>Si existe una disciplina en la que te gustar\u00eda crecer, \u00bfqu\u00e9 puedes hacer para lograr este prop\u00f3sito?<\/p>\n<p style=\"text-align: center;\"><span style=\"font-size: 1.5rem;\">Traducido y adaptado de: <a href=\"https:\/\/www.soulshepherding.org\/spiritual-disciplines-list\/\">https:\/\/www.soulshepherding.org\/spiritual-disciplines-list\/<\/a><\/span><\/p>\n<div class=\"text cf design-01\">\n<div class=\"text-content\">\n<h1><img loading=\"lazy\" decoding=\"async\" class=\"aligncenter size-large wp-image-4842\" src=\"http:\/\/www.ceticontinental.org\/portal\/wp-content\/uploads\/2019\/04\/mountain-1806236_1920-1024x427.jpg\" alt=\"\" width=\"860\" height=\"359\" srcset=\"https:\/\/www.ceticontinental.org\/portal\/wp-content\/uploads\/2019\/04\/mountain-1806236_1920-1024x427.jpg 1024w, https:\/\/www.ceticontinental.org\/portal\/wp-content\/uploads\/2019\/04\/mountain-1806236_1920-300x125.jpg 300w, https:\/\/www.ceticontinental.org\/portal\/wp-content\/uploads\/2019\/04\/mountain-1806236_1920-768x320.jpg 768w, https:\/\/www.ceticontinental.org\/portal\/wp-content\/uploads\/2019\/04\/mountain-1806236_1920.jpg 1920w\" sizes=\"(max-width: 860px) 100vw, 860px\" \/><\/h1>\n<hr \/>\n<p><span style=\"font-size: 30px;\">Ex\u00e1men diario<\/span><\/p>\n<\/div>\n<\/div>\n<div class=\"text cf design-01\">\n<div class=\"text-content\">\n<h4><span style=\"color: #999999;\">Es una propuesta de Ignacio de Loyola. Se sugiere realizarlo todos los d\u00edas a la tarde, tomando nota en un diario de oraci\u00f3n.<\/span><\/h4>\n<p><a href=\"http:\/\/www.ceticontinental.org\/portal\/examen-diario\/\" target=\"_blank\" rel=\"nofollow noopener\">Ex\u00e1men diario<\/a><\/p>\n<div class=\"text cf design-01\">\n<div class=\"text-content\">\n<p>Ignacio de Loyola escribe: \" por... , ejercicios espirituales, se entiende todo modo de examinar la conciencia, de meditar, de contemplar, de orar vocal y mental, y de otras espirituales operaciones, ... para quitar de s\u00ed todas las afecciones desordenadas y,..., para buscar y hallar la voluntad divina en la disposici\u00f3n de su vida para la salud del \u00e1nima..\".<\/p>\n<\/div>\n<\/div>\n<div class=\"text cf design-01\">\n<div class=\"text-content\">\n<hr \/>\n<h1 class=\"wnd-align-left\">Jes\u00fas le dice a Nicodemo...<\/h1>\n<h3 class=\"wnd-align-center\" style=\"text-align: center;\"><span style=\"color: #999999;\"><i>No te asombres de que te haya dicho: \"Os es necesario nacer de nuevo.\" El viento sopla donde quiere, y oyes su sonido, pero no sabes de d\u00f3nde viene ni ad\u00f3nde va; as\u00ed es todo aquel que es nacido del Esp\u00edritu.\u00a0<\/i><\/span><\/h3>\n<h3 class=\"wnd-align-center\" style=\"text-align: center;\"><span style=\"color: #999999;\"><i>Respondi\u00f3 Nicodemo y le dijo: \u00bfC\u00f3mo puede ser esto?<\/i><\/span><\/h3>\n<p>&nbsp;<\/p>\n<p><img loading=\"lazy\" decoding=\"async\" class=\"alignnone wp-image-4691 size-full\" src=\"http:\/\/www.ceticontinental.org\/portal\/wp-content\/uploads\/2019\/04\/boulder-cascade-creek-219932-e1554140548328.jpg\" alt=\"\" width=\"3872\" height=\"1374\" srcset=\"https:\/\/www.ceticontinental.org\/portal\/wp-content\/uploads\/2019\/04\/boulder-cascade-creek-219932-e1554140548328.jpg 3872w, https:\/\/www.ceticontinental.org\/portal\/wp-content\/uploads\/2019\/04\/boulder-cascade-creek-219932-e1554140548328-300x106.jpg 300w, https:\/\/www.ceticontinental.org\/portal\/wp-content\/uploads\/2019\/04\/boulder-cascade-creek-219932-e1554140548328-768x273.jpg 768w, https:\/\/www.ceticontinental.org\/portal\/wp-content\/uploads\/2019\/04\/boulder-cascade-creek-219932-e1554140548328-1024x363.jpg 1024w\" sizes=\"(max-width: 3872px) 100vw, 3872px\" \/><\/p>\n<div class=\"text cf design-01\">\n<div class=\"text-content\">\n<h1 class=\"wnd-align-left\"><\/h1>\n<div class=\"wnd-align-center\" style=\"text-align: center;\">\n<div class=\"wnd-align-center\" style=\"text-align: center;\"><i>Estad quietos, y conoced que yo soy Dios;<\/i><\/div>\n<div class=\"wnd-align-center\" style=\"text-align: center;\"><i>Ser\u00e9 exaltado entre las naciones; enaltecido ser\u00e9 en la tierra.\u00a0<\/i><\/div>\n<div class=\"wnd-align-center\" style=\"text-align: center;\"><i>Salmo 46:10<\/i><\/div>\n<\/div>\n<\/div>\n<\/div>\n<div class=\"text cf design-01\">\n<div class=\"text-content\">\n<hr \/>\n<h1>La pr\u00e1ctica de la presencia de Dios<\/h1>\n<p>Este es el t\u00edtulo de un peque\u00f1o libro, escrito y recopilado por el superior de un monje a partir de sus conversaciones con el Hermano Lorenzo, cuya labor era lavar los platos del monasterio, pero quien dedic\u00f3 su vida a permanecer en la presencia de Dios y que se ha convertido en un cl\u00e1sico de formaci\u00f3n para la vida espiritual.<\/p>\n<p>A continuaci\u00f3n est\u00e1n los v\u00ednculos al libro completo:<\/p>\n<p><a href=\"https:\/\/diariosdeavivamientos.wordpress.com\/2015\/03\/30\/la-practica-de-la-presencia-de-dios-hermano-lorenzo-pdf-hermano-lawrence\/\" target=\"_blank\" rel=\"nofollow noopener\">La pr\u00e1ctica de la presencia de Dios<\/a><\/p>\n<p><a href=\"https:\/\/issuu.com\/altcampus\/docs\/pratica_da_presenca_v2018_jocumccl\">A pr\u00e1tica da presen\u00e7a de Deus<\/a><\/p>\n<\/div>\n<\/div>\n<\/div>\n<\/div>\n<\/div>\n<\/div>\n<\/div>\n<\/div>\n<\/div>\n<\/div>\n<\/div><\/div><\/div><\/div><\/div>","protected":false},"excerpt":{"rendered":"<p>Recursos para el camino&#8230; La vida espiritual en tiempos de coronavirus \u00bfD\u00f3nde est\u00e1 Dios cuando buena parte del mundo sufre los estragos de una pandemia? \u00bfC\u00f3mo vivimos esta realidad a la luz de nuestra fe en Jes\u00fas, el Se\u00f1or? \u00bfD\u00f3nde <span class=\"readmore\"><a class=\"more-link\" href=\"https:\/\/www.ceticontinental.org\/portal\/recursos-para-el-camino-2\/\">Leer m\u00e1s&#8230;<\/a><\/span><\/p>\n","protected":false},"author":2,"featured_media":0,"parent":0,"menu_order":0,"comment_status":"closed","ping_status":"closed","template":"","meta":{"footnotes":""},"class_list":["post-4684","page","type-page","status-publish","hentry"],"_links":{"self":[{"href":"https:\/\/www.ceticontinental.org\/portal\/wp-json\/wp\/v2\/pages\/4684"}],"collection":[{"href":"https:\/\/www.ceticontinental.org\/portal\/wp-json\/wp\/v2\/pages"}],"about":[{"href":"https:\/\/www.ceticontinental.org\/portal\/wp-json\/wp\/v2\/types\/page"}],"author":[{"embeddable":true,"href":"https:\/\/www.ceticontinental.org\/portal\/wp-json\/wp\/v2\/users\/2"}],"replies":[{"embeddable":true,"href":"https:\/\/www.ceticontinental.org\/portal\/wp-json\/wp\/v2\/comments?post=4684"}],"version-history":[{"count":26,"href":"https:\/\/www.ceticontinental.org\/portal\/wp-json\/wp\/v2\/pages\/4684\/revisions"}],"predecessor-version":[{"id":6034,"href":"https:\/\/www.ceticontinental.org\/portal\/wp-json\/wp\/v2\/pages\/4684\/revisions\/6034"}],"wp:attachment":[{"href":"https:\/\/www.ceticontinental.org\/portal\/wp-json\/wp\/v2\/media?parent=4684"}],"curies":[{"name":"wp","href":"https:\/\/api.w.org\/{rel}","templated":true}]}}