{"id":4755,"date":"2019-04-10T17:43:07","date_gmt":"2019-04-10T20:43:07","guid":{"rendered":"http:\/\/www.ceticontinental.org\/portal\/?page_id=4755"},"modified":"2019-12-30T15:01:03","modified_gmt":"2019-12-30T18:01:03","slug":"examen-diario","status":"publish","type":"page","link":"https:\/\/www.ceticontinental.org\/portal\/examen-diario\/","title":{"rendered":"Ex\u00e1men diario"},"content":{"rendered":"<h2>\u00a0<\/h2>\n<h2>\u00a0<\/h2>\n<p><img loading=\"lazy\" decoding=\"async\" class=\"alignnone size-medium wp-image-4733 aligncenter\" src=\"http:\/\/www.ceticontinental.org\/portal\/wp-content\/uploads\/2019\/04\/87-1276689971v1i2-300x200.jpg\" alt=\"\" width=\"300\" height=\"200\" srcset=\"https:\/\/www.ceticontinental.org\/portal\/wp-content\/uploads\/2019\/04\/87-1276689971v1i2-300x200.jpg 300w, https:\/\/www.ceticontinental.org\/portal\/wp-content\/uploads\/2019\/04\/87-1276689971v1i2-768x512.jpg 768w, https:\/\/www.ceticontinental.org\/portal\/wp-content\/uploads\/2019\/04\/87-1276689971v1i2-1024x682.jpg 1024w, https:\/\/www.ceticontinental.org\/portal\/wp-content\/uploads\/2019\/04\/87-1276689971v1i2-480x320.jpg 480w, https:\/\/www.ceticontinental.org\/portal\/wp-content\/uploads\/2019\/04\/87-1276689971v1i2-272x182.jpg 272w, https:\/\/www.ceticontinental.org\/portal\/wp-content\/uploads\/2019\/04\/87-1276689971v1i2.jpg 1280w\" sizes=\"(max-width: 300px) 100vw, 300px\" \/><\/p>\n<h2 style=\"text-align: center;\">Examen Diario<\/h2>\n<p>\u00a0<\/p>\n<p><strong>La Pausa Diaria o el Examen<\/strong><strong>\u00a0<\/strong>es un m\u00e9todo que ayuda la oraci\u00f3n de los ignacianos al repasar el d\u00eda. Se encuentra b\u00e1sicamente compuesta de 5 pasos:<\/p>\n<p><strong>1. Disposici\u00f3n para Orar.\u00a0<\/strong><\/p>\n<p>En primer lugar es necesario \u201chacer lugar\u201d para la oraci\u00f3n. Busco un lugar c\u00f3modo y relajado, sin distracciones y que facilite mi concentraci\u00f3n. Me pongo en la presencia de Dios.<\/p>\n<p><strong>2. Agradecer.<\/strong><\/p>\n<p>Recorro este d\u00eda y traigo a la memoria los encuentros, \u00a0rostros, sentimientos y experiencias vividas. Doy gracias a Dios por las personas con que me he encontrado y por lo que he aprendido. Y agradezco al Se\u00f1or por su amistad y cercan\u00eda en el d\u00eda de hoy.<\/p>\n<p><strong><em>\u201cAgradecer se trata de buscar y hallar a Dios en todas las cosas\u201d<\/em><\/strong><\/p>\n<div id=\"attachment_4734\" style=\"width: 310px\" class=\"wp-caption alignnone\"><img loading=\"lazy\" decoding=\"async\" aria-describedby=\"caption-attachment-4734\" class=\"size-medium wp-image-4734\" src=\"http:\/\/www.ceticontinental.org\/portal\/wp-content\/uploads\/2019\/04\/istockphoto-532812903-612x612-300x200.jpg\" alt=\"\" width=\"300\" height=\"200\" srcset=\"https:\/\/www.ceticontinental.org\/portal\/wp-content\/uploads\/2019\/04\/istockphoto-532812903-612x612-300x200.jpg 300w, https:\/\/www.ceticontinental.org\/portal\/wp-content\/uploads\/2019\/04\/istockphoto-532812903-612x612-480x320.jpg 480w, https:\/\/www.ceticontinental.org\/portal\/wp-content\/uploads\/2019\/04\/istockphoto-532812903-612x612-272x182.jpg 272w, https:\/\/www.ceticontinental.org\/portal\/wp-content\/uploads\/2019\/04\/istockphoto-532812903-612x612.jpg 612w\" sizes=\"(max-width: 300px) 100vw, 300px\" \/><p id=\"caption-attachment-4734\" class=\"wp-caption-text\">Bosque de niebla, Costa Rica<\/p><\/div>\n<p><strong>3. Pedir Perd\u00f3n y Perdonar.<\/strong><\/p>\n<p>Tomo conciencia de lo que podr\u00eda haber sido mejor en mi d\u00eda. Miro donde mis respuestas a Dios y al pr\u00f3jimo han sido poco generosas.\u00a0Delante del Se\u00f1or, pido perd\u00f3n por mis faltas, omisiones y actitudes incoherentes. Por quedarme a mitad de camino y por aquellas personas que ofend\u00ed.<\/p>\n<p><strong>Me dispongo a perdonar a quienes me han da\u00f1ado<\/strong>. Acojo el perd\u00f3n que Jes\u00fas me regala. Agradezco al Se\u00f1or por quererme y aceptarme tal cual soy, regalandome siempre su amistad y cercan\u00eda en el d\u00eda de hoy<\/p>\n<ol start=\"4\">\n<li><strong>Pedir la Gracia<\/strong><\/li>\n<\/ol>\n<p>Le pido a Dios que me ayude a\u00a0<strong>reconocer lo que necesito<\/strong>, para as\u00ed poder acoger su voluntad para el d\u00eda siguiente, para m\u00e1s amar y servir, con lo que soy y lo que tengo. Termino ofreciendo mi vida con confianza diciendo: Tomad Se\u00f1or y Recibid.<\/p>\n<ol start=\"5\">\n<li><strong>Y el ma\u00f1ana ser\u00e1 mejor<\/strong><br \/>Me dispongo para el d\u00eda de ma\u00f1ana y para el tiempo que viene. Con la confianza que me viene de Dios, deseo hacer las cosas mejor, cada vez m\u00e1s cerca de \u00c9l. Concluyo mi oraci\u00f3n con la oraci\u00f3n del Padre Nuestro.<\/li>\n<\/ol>\n<p>Adaptado de: https:\/\/cvxvaldivia.wordpress.com\/examen-diario\/<\/p>\n\n\n<p><\/p>\n","protected":false},"excerpt":{"rendered":"<p>\u00a0 \u00a0 Examen Diario \u00a0 La Pausa Diaria o el Examen\u00a0es un m\u00e9todo que ayuda la oraci\u00f3n de los ignacianos al repasar el d\u00eda. Se encuentra b\u00e1sicamente compuesta de 5 pasos: 1. Disposici\u00f3n para Orar.\u00a0 En primer lugar es necesario <span class=\"readmore\"><a class=\"more-link\" href=\"https:\/\/www.ceticontinental.org\/portal\/examen-diario\/\">Leer m\u00e1s&#8230;<\/a><\/span><\/p>\n","protected":false},"author":3,"featured_media":0,"parent":0,"menu_order":0,"comment_status":"closed","ping_status":"closed","template":"","meta":{"footnotes":""},"class_list":["post-4755","page","type-page","status-publish","hentry"],"_links":{"self":[{"href":"https:\/\/www.ceticontinental.org\/portal\/wp-json\/wp\/v2\/pages\/4755"}],"collection":[{"href":"https:\/\/www.ceticontinental.org\/portal\/wp-json\/wp\/v2\/pages"}],"about":[{"href":"https:\/\/www.ceticontinental.org\/portal\/wp-json\/wp\/v2\/types\/page"}],"author":[{"embeddable":true,"href":"https:\/\/www.ceticontinental.org\/portal\/wp-json\/wp\/v2\/users\/3"}],"replies":[{"embeddable":true,"href":"https:\/\/www.ceticontinental.org\/portal\/wp-json\/wp\/v2\/comments?post=4755"}],"version-history":[{"count":6,"href":"https:\/\/www.ceticontinental.org\/portal\/wp-json\/wp\/v2\/pages\/4755\/revisions"}],"predecessor-version":[{"id":5133,"href":"https:\/\/www.ceticontinental.org\/portal\/wp-json\/wp\/v2\/pages\/4755\/revisions\/5133"}],"wp:attachment":[{"href":"https:\/\/www.ceticontinental.org\/portal\/wp-json\/wp\/v2\/media?parent=4755"}],"curies":[{"name":"wp","href":"https:\/\/api.w.org\/{rel}","templated":true}]}}