{"id":5137,"date":"2019-12-30T20:34:13","date_gmt":"2019-12-30T23:34:13","guid":{"rendered":"https:\/\/www.ceticontinental.org\/portal\/?page_id=5137"},"modified":"2019-12-30T20:42:48","modified_gmt":"2019-12-30T23:42:48","slug":"formacion-espiritual-retos-y-desafios","status":"publish","type":"page","link":"https:\/\/www.ceticontinental.org\/portal\/formacion-espiritual-retos-y-desafios\/","title":{"rendered":"Formaci\u00f3n espiritual, retos y desaf\u00edos"},"content":{"rendered":"<div class=\"hr-line block design-01\"><\/div>\n<div class=\"text cf design-01\">\n<div class=\"text-content\">\n<h1>.<\/h1>\n<\/div>\n<\/div>\n<div class=\"text cf design-01\">\n<div class=\"text-content\">\n<h1>Formaci\u00f3n espiritual, retos y desaf\u00edos<\/h1>\n<p>El mundo actual se caracteriza por un hambre profundo de lo trascendente que va m\u00e1s all\u00e1 del reduccionismo material de la modernidad. Hay un dolor profundo en el alma de muchos que anhela m\u00e1s que lo que puede conocer por los cinco sentidos. Este deseo ha echado le\u00f1a al fuego de la b\u00fasqueda de experimentar una realidad espiritual que ofrezca profundidad y significancia a nuestra existencia.<\/p>\n<h2>T\u00e9rminos y conceptos<\/h2>\n<ul>\n<li>La palabra &#8220;espiritualidad&#8221; a menudo se emplea para describir muchas cosas, tiene cualidad de un camale\u00f3n permitiendo un gran rango de significados que se adaptan a muchos contextos diferentes y contradictorios.<\/li>\n<li>Hay un n\u00famero de espiritualidades diversas tanto como la espiritualidad feminista, la espiritualidad de la Nueva Era con su popurr\u00ed de pr\u00e1cticas y ense\u00f1anzas; y la espiritualidad ecol\u00f3gica para nombrar algunas.<\/li>\n<\/ul>\n<h2>Presuposiciones<\/h2>\n<ul>\n<li>&#8220;La formaci\u00f3n espiritual, al margen de cu\u00e1l sea el contexto o la tradici\u00f3n religiosa, es el proceso por el cual el esp\u00edritu o voluntad humana se configuran con una &#8220;forma&#8221; o car\u00e1cter determinado. Es un proceso al que todos estamos sujetos. Tanto la persona m\u00e1s despreciable como la m\u00e1s admirable ha tenido una formaci\u00f3n espiritual. Tanto los terroristas como los santos son el resultado de una formaci\u00f3n espiritual. Sus esp\u00edritus o corazones han sido formados. Punto.&#8221;[1]<\/li>\n<li>Para los cristianos esto significa que o estamos siendo formados a la imagen de Cristo o a una caricatura destructiva de aquella imagen. No es una cuesti\u00f3n de si vamos a participar en la formaci\u00f3n espiritual, o no. Sino la pregunta es \u00bfen qu\u00e9 tipo de formaci\u00f3n seremos part\u00edcipes?<\/li>\n<\/ul>\n<h2>El Alcance<\/h2>\n<ul>\n<li>El alcance de la formaci\u00f3n espiritual cristiana toca todos los aspectos de nuestra vida en Cristo, desde nuestra mayor responsabilidad a nuestra tarea m\u00e1s humilde.<\/li>\n<li>Se halla la esencia de la espiritualidad cristiana en su meta: ser como Cristo, que es la restauraci\u00f3n por medio del poder del Esp\u00edritu de nuestra plena humanidad como la reflexi\u00f3n de la imagen de Dios.<\/li>\n<li>La formaci\u00f3n de ser como Cristo es un proceso de toda la vida en que los creyentes son continuamente transformados por la sanidad de los efectos de su rebeli\u00f3n contra el reino de Dios.<\/li>\n<li>La comunidad de fe es el contexto en el cual se realiza la transformaci\u00f3n del individuo; es donde se aprende y se celebra la obediencia a Dios y se forman las virtudes de car\u00e1cter -los h\u00e1bitos, capacidades, y disposici\u00f3n del coraz\u00f3n- que encarnan y establecen la vida de Cristo en el mundo.<\/li>\n<\/ul>\n<h2>Definici\u00f3n y Desarrollo<\/h2>\n<ul>\n<li>&#8220;La formaci\u00f3n espiritual cristiana es el proceso de ser conformado a la imagen de Cristo para el bien de otros&#8221;.[2]<\/li>\n<li>La formaci\u00f3n espiritual es un proceso -un peregrinaje, no es una experiencia instant\u00e1nea, ni es el resultado de un solo evento poderoso.<\/li>\n<li>La formaci\u00f3n espiritual es un proceso de ser conformado -solo Dios puede librarnos de la esclavitud a lo que nos destruye, sanar nuestras heridas y nuestro desorden, limpiar nuestra inmundicia y llevar la vida de la muerte. Por lo tanto la formaci\u00f3n espiritual es la experiencia de ser conformados por Dios hacia la integraci\u00f3n.<\/li>\n<li>La formaci\u00f3n espiritual es un proceso de ser conformado a la imagen de Cristo -la imagen de Cristo no es algo ajeno a los seres humanos, algo impuesto sobre nosotros de fuera. En realidad, la imagen de Cristo es el cumplimiento de los deseos m\u00e1s profundos del coraz\u00f3n humano para la integridad.<\/li>\n<\/ul>\n<p>i. El proceso de ser conformados a la imagen de Cristo tiene lugar principalmente en los puntos en que no somos como Cristo.<\/p>\n<p>ii. Las disciplinas espirituales son el acto de entregarnos nosotros mismos a Dios de una manera consistente, abriendo las puertas de modo regular para permitir la obra transformadora de Dios en nuestra vida.<\/p>\n<ul>\n<li>La formaci\u00f3n espiritual es un proceso de ser conformado a la imagen de Cristo para el bien de otros -las Escrituras revelan que la integridad humana siempre ha sido realizada por medio de relaciones estrechas en comunidad.<\/li>\n<\/ul>\n<p>i. Toda la obra de Dios para conformarnos a la imagen de Cristo tiene como su \u00fanico fin que seamos lo que Dios nos cre\u00f3 para ser en relaci\u00f3n con \u00e9l y con nuestro pr\u00f3ximo.<\/p>\n<h2>\u00bfEs la transformaci\u00f3n posible? Posibles estorbos:<\/h2>\n<ul>\n<li>Falta de expectativa<\/li>\n<li>El problema del &#8220;evangelio reducido&#8221;<\/li>\n<li>Escollos:<\/li>\n<li>Legalismo: un apego al pie de la letra de la ley pero no a su esp\u00edritu, frecuentemente ha aparecido como manera de congraciarse con Dios o como un medio de mantenerse en relaci\u00f3n con Dios.<\/li>\n<li>Elitismo: la idea que el avance espiritual es el resultado del esfuerzo personal heroico o un s\u00edntoma de los que creen que poseen un conocimiento superior de Dios que no ha sido revelada en la Escritura y est\u00e1 disponible a unos pocos que son los iluminados.<\/li>\n<li>Escapismo: escaparse del responsabilidades y luchas<\/li>\n<li>Activismo\/moralismo<\/li>\n<\/ul>\n<h2>Disciplinas espirituales&#8211;\u00bfclaves o clavos?<\/h2>\n<ul>\n<li>Entrenamiento en lugar de esforzarse a ser como Cristo<\/li>\n<li>La formaci\u00f3n espiritual no es un asunto de esforzarse, sino de entrenarse sabidamente.<\/li>\n<li>Las disciplinas espirituales no son un bar\u00f3metro de la espiritualidad -el verdadero indicador del bienestar espiritual es la habilidad de amar a Dios y otros.<\/li>\n<li>Las disciplinas espirituales no son necesariamente desagradables -si estamos entren\u00e1ndonos para una vida de gozo, paz, y amor, debemos presuponer que algunas de las disciplinas son totalmente agradables.<\/li>\n<li>Las disciplinas espirituales no son una manera de ganarse favor con Dios -la pr\u00e1ctica de las disciplinas no demuestran cuan dedicados a Dios somos. Ellas son para nuestro beneficio, si nos ayuda amar a Dios y otros m\u00e1s, han cumplido su prop\u00f3sito.<\/li>\n<\/ul>\n<h2>Las Disciplinas seg\u00fan Dallas Willard:<\/h2>\n<ul>\n<li>Disciplinas de abstinencia: la soledad, el silencio, el ayuno, la frugalidad, la castidad, el secreto y el sacrificio.<\/li>\n<li>Disciplinas de ejecuci\u00f3n (o participaci\u00f3n): el estudio, la adoraci\u00f3n, la celebraci\u00f3n, el servicio, la oraci\u00f3n, el compa\u00f1erismo, la confesi\u00f3n y la sumisi\u00f3n.<\/li>\n<\/ul>\n<p>[1] Renueva Tu Coraz\u00f3n, p 29.<\/p>\n<p>[2] Robert Mulholland, Invitation to a Journey<\/p>\n<p>Tomado de: Cuaderno V Congreso Latinoamericano de Evangelizaci\u00f3n mundial, CLADE V2012.<\/p>\n<\/div>\n<\/div>\n","protected":false},"excerpt":{"rendered":"<p>. Formaci\u00f3n espiritual, retos y desaf\u00edos El mundo actual se caracteriza por un hambre profundo de lo trascendente que va m\u00e1s all\u00e1 del reduccionismo material de la modernidad. Hay un dolor profundo en el alma de muchos que anhela m\u00e1s <span class=\"readmore\"><a class=\"more-link\" href=\"https:\/\/www.ceticontinental.org\/portal\/formacion-espiritual-retos-y-desafios\/\">Leer m\u00e1s&#8230;<\/a><\/span><\/p>\n","protected":false},"author":2,"featured_media":0,"parent":0,"menu_order":0,"comment_status":"closed","ping_status":"closed","template":"","meta":{"footnotes":""},"class_list":["post-5137","page","type-page","status-publish","hentry"],"_links":{"self":[{"href":"https:\/\/www.ceticontinental.org\/portal\/wp-json\/wp\/v2\/pages\/5137"}],"collection":[{"href":"https:\/\/www.ceticontinental.org\/portal\/wp-json\/wp\/v2\/pages"}],"about":[{"href":"https:\/\/www.ceticontinental.org\/portal\/wp-json\/wp\/v2\/types\/page"}],"author":[{"embeddable":true,"href":"https:\/\/www.ceticontinental.org\/portal\/wp-json\/wp\/v2\/users\/2"}],"replies":[{"embeddable":true,"href":"https:\/\/www.ceticontinental.org\/portal\/wp-json\/wp\/v2\/comments?post=5137"}],"version-history":[{"count":7,"href":"https:\/\/www.ceticontinental.org\/portal\/wp-json\/wp\/v2\/pages\/5137\/revisions"}],"predecessor-version":[{"id":5146,"href":"https:\/\/www.ceticontinental.org\/portal\/wp-json\/wp\/v2\/pages\/5137\/revisions\/5146"}],"wp:attachment":[{"href":"https:\/\/www.ceticontinental.org\/portal\/wp-json\/wp\/v2\/media?parent=5137"}],"curies":[{"name":"wp","href":"https:\/\/api.w.org\/{rel}","templated":true}]}}