{"id":6059,"date":"2022-12-01T19:49:23","date_gmt":"2022-12-01T22:49:23","guid":{"rendered":"https:\/\/www.ceticontinental.org\/portal\/?page_id=6059"},"modified":"2024-05-22T12:02:25","modified_gmt":"2024-05-22T15:02:25","slug":"apoyanos","status":"publish","type":"page","link":"https:\/\/www.ceticontinental.org\/portal\/apoyanos\/","title":{"rendered":"Apoya a nuestra comunidad"},"content":{"rendered":"<div id=\"pl-6059\"  class=\"panel-layout\" ><div id=\"pg-6059-0\"  class=\"panel-grid panel-has-style\" ><div class=\"panel-row-style panel-row-style-for-6059-0\" ><div id=\"pgc-6059-0-0\"  class=\"panel-grid-cell\" ><div id=\"panel-6059-0-0-0\" class=\"so-panel widget widget_sow-editor panel-first-child panel-last-child\" data-index=\"0\" ><div\n\t\t\t\n\t\t\tclass=\"so-widget-sow-editor so-widget-sow-editor-base\"\n\t\t\t\n\t\t>\n<div class=\"siteorigin-widget-tinymce textwidget\">\n\t<p><span style=\"font-family: via-sans-black; font-size: 36pt;\">Apoya a nuestra comunidad<\/span><\/p>\n<p><a href=\"https:\/\/www.ceticontinental.org\/portal\/support-us\/\"><span style=\"font-family: via-sans-italic; font-size: 12pt;\">(See this page in English)<\/span><\/a><\/p>\n<p><span style=\"font-family: via-sans; font-size: 14pt;\">Te presentamos algunas \u00e1reas de CETI que podr\u00edan beneficiarse de tu apoyo. Haz clic en el v\u00ednculo \"donar\" en alguna categor\u00eda y te llevar\u00e1 a una p\u00e1gina donde puedes realizar una donaci\u00f3n que ser\u00e1 dirigida a esa \u00e1rea del trabajo de CETI.<\/span><\/p>\n<\/div>\n<\/div><\/div><\/div><\/div><\/div><div id=\"pg-6059-1\"  class=\"panel-grid panel-no-style\" ><div id=\"pgc-6059-1-0\"  class=\"panel-grid-cell\" ><div class=\"so-rounded panel-cell-style panel-cell-style-for-6059-1-0\" ><div id=\"panel-6059-1-0-0\" class=\"so-panel widget widget_sow-editor panel-first-child\" data-index=\"1\" ><div class=\"so-rounded panel-widget-style panel-widget-style-for-6059-1-0-0\" ><div\n\t\t\t\n\t\t\tclass=\"so-widget-sow-editor so-widget-sow-editor-base\"\n\t\t\t\n\t\t>\n<div class=\"siteorigin-widget-tinymce textwidget\">\n\t<h1 style=\"text-align: center;\"><span style=\"font-weight: 400; color: #301a0f; font-family: via-sans-black; font-size: 24pt;\">C\u00e1tedra Caty y Ren\u00e9 Padilla<\/span><\/h1>\n<p><img loading=\"lazy\" decoding=\"async\" class=\"size-full wp-image-6082 aligncenter\" src=\"https:\/\/www.ceticontinental.org\/portal\/wp-content\/uploads\/2022\/12\/43-Caty-y-Rene\u03011-2.jpg\" alt=\"\" width=\"792\" height=\"528\" srcset=\"https:\/\/www.ceticontinental.org\/portal\/wp-content\/uploads\/2022\/12\/43-Caty-y-Rene\u03011-2.jpg 792w, https:\/\/www.ceticontinental.org\/portal\/wp-content\/uploads\/2022\/12\/43-Caty-y-Rene\u03011-2-300x200.jpg 300w, https:\/\/www.ceticontinental.org\/portal\/wp-content\/uploads\/2022\/12\/43-Caty-y-Rene\u03011-2-768x512.jpg 768w, https:\/\/www.ceticontinental.org\/portal\/wp-content\/uploads\/2022\/12\/43-Caty-y-Rene\u03011-2-480x320.jpg 480w, https:\/\/www.ceticontinental.org\/portal\/wp-content\/uploads\/2022\/12\/43-Caty-y-Rene\u03011-2-272x182.jpg 272w\" sizes=\"(max-width: 792px) 100vw, 792px\" \/><\/p>\n<p><span style=\"font-weight: 400; color: #000000; font-size: 14pt; font-family: via-sans;\"><span style=\"font-weight: 400;\">Apoya a la C\u00e1tedra Caty y Ren\u00e9 Padilla, un evento organizado por CETI que explora<\/span> las implicaciones contempor\u00e1neas del trabajo pionero de Caty y Ren\u00e9 Padilla en el \u00e1mbito evang\u00e9lico latinoamericano e internacional, tanto en la reflexi\u00f3n como en la pr\u00e1ctica. Procuramos brindar un espacio para seguir cultivando y desarrollando el saber teol\u00f3gico desde y para Am\u00e9rica Latina, fomentando una comunidad de apoyo e intercambio y promoviendo la pr\u00e1ctica de la misi\u00f3n integral en comunidades de fe a lo largo del continente. Este evento se realiza cada 2-3 a\u00f1os.<\/span><\/p>\n<\/div>\n<\/div><\/div><\/div><div id=\"panel-6059-1-0-1\" class=\"so-panel widget widget_sow-button panel-last-child\" data-index=\"2\" ><div\n\t\t\t\n\t\t\tclass=\"so-widget-sow-button so-widget-sow-button-wire-52e1e30ca021-6059\"\n\t\t\t\n\t\t><div class=\"ow-button-base ow-button-align-center\"\n>\n\t\t\t<a\n\t\t\t\t\thref=\"https:\/\/www.paypal.com\/donate\/?hosted_button_id=73RY6VAE55BN8\"\n\t\t\t\t\tclass=\"sowb-button ow-icon-placement-left ow-button-hover\" target=\"_blank\" rel=\"noopener noreferrer\" \t>\n\t\t<span>\n\t\t\t\n\t\t\tDonar\t\t<\/span>\n\t\t\t<\/a>\n\t<\/div>\n<\/div><\/div><\/div><\/div><div id=\"pgc-6059-1-1\"  class=\"panel-grid-cell\" ><div class=\"so-rounded panel-cell-style panel-cell-style-for-6059-1-1\" ><div id=\"panel-6059-1-1-0\" class=\"so-panel widget widget_sow-editor panel-first-child\" data-index=\"3\" ><div class=\"so-rounded panel-widget-style panel-widget-style-for-6059-1-1-0\" ><div\n\t\t\t\n\t\t\tclass=\"so-widget-sow-editor so-widget-sow-editor-base\"\n\t\t\t\n\t\t>\n<div class=\"siteorigin-widget-tinymce textwidget\">\n\t<h1 style=\"text-align: center;\"><span style=\"font-weight: 400; font-family: via-sans-black; font-size: 24pt; color: #ffd249;\">Formaci\u00f3n para la facilitaci\u00f3n<\/span><\/h1>\n<p><img loading=\"lazy\" decoding=\"async\" class=\"size-full wp-image-6086 aligncenter\" src=\"https:\/\/www.ceticontinental.org\/portal\/wp-content\/uploads\/2022\/12\/18836725_1399876250079436_7769149748606192773_o-1.jpg\" alt=\"\" width=\"900\" height=\"535\" srcset=\"https:\/\/www.ceticontinental.org\/portal\/wp-content\/uploads\/2022\/12\/18836725_1399876250079436_7769149748606192773_o-1.jpg 900w, https:\/\/www.ceticontinental.org\/portal\/wp-content\/uploads\/2022\/12\/18836725_1399876250079436_7769149748606192773_o-1-300x178.jpg 300w, https:\/\/www.ceticontinental.org\/portal\/wp-content\/uploads\/2022\/12\/18836725_1399876250079436_7769149748606192773_o-1-768x457.jpg 768w\" sizes=\"(max-width: 900px) 100vw, 900px\" \/><\/p>\n<p><span style=\"font-weight: 400; color: #000000; font-size: 14pt; font-family: via-sans;\"><span style=\"font-weight: 400;\">Una caracter\u00edstica distintiva de CETI es su modelo educativo que se basa en el compromiso de que los y las estudiantes aportan tanto como aprenden en el proceso educativo. <\/span>Procuramos espacios de formaci\u00f3n dial\u00f3gicos, que incorporan experiencias de vida y conocimientos de diversos campos acad\u00e9micos. En este modelo, el papel del\/a facilitador\/a es clave, porque debe estimular la participaci\u00f3n y colaboraci\u00f3n de los y las participantes. <span style=\"font-weight: 400;\">Puedes ayudar a CETI a desarrollar procesos de formaci\u00f3n para quienes facilitar\u00e1n los c\u00edrculos de estudio y los cursos a nivel de maestr\u00eda.<\/span><\/span><\/p>\n<\/div>\n<\/div><\/div><\/div><div id=\"panel-6059-1-1-1\" class=\"so-panel widget widget_sow-button panel-last-child\" data-index=\"4\" ><div\n\t\t\t\n\t\t\tclass=\"so-widget-sow-button so-widget-sow-button-wire-52f53335ebe2-6059\"\n\t\t\t\n\t\t><div class=\"ow-button-base ow-button-align-center\"\n>\n\t\t\t<a\n\t\t\t\t\thref=\"https:\/\/www.paypal.com\/donate\/?hosted_button_id=D6HPCE885XQXU\"\n\t\t\t\t\tclass=\"sowb-button ow-icon-placement-left ow-button-hover\" target=\"_blank\" rel=\"noopener noreferrer\" \t>\n\t\t<span>\n\t\t\t\n\t\t\tDonar\t\t<\/span>\n\t\t\t<\/a>\n\t<\/div>\n<\/div><\/div><\/div><\/div><\/div><div id=\"pg-6059-2\"  class=\"panel-grid panel-no-style\" ><div id=\"pgc-6059-2-0\"  class=\"panel-grid-cell\" ><div class=\"so-rounded panel-cell-style panel-cell-style-for-6059-2-0\" ><div id=\"panel-6059-2-0-0\" class=\"so-panel widget widget_sow-editor panel-first-child\" data-index=\"5\" ><div class=\"so-rounded panel-widget-style panel-widget-style-for-6059-2-0-0\" ><div\n\t\t\t\n\t\t\tclass=\"so-widget-sow-editor so-widget-sow-editor-base\"\n\t\t\t\n\t\t>\n<div class=\"siteorigin-widget-tinymce textwidget\">\n\t<h1 style=\"text-align: center;\"><span style=\"font-weight: 400; color: #5c9359; font-family: via-sans-black; font-size: 24pt;\">Educaci\u00f3n popular<\/span><\/h1>\n<p><img loading=\"lazy\" decoding=\"async\" class=\"size-full wp-image-6080 aligncenter\" src=\"https:\/\/www.ceticontinental.org\/portal\/wp-content\/uploads\/2022\/12\/Picture1-1.png\" alt=\"\" width=\"900\" height=\"600\" srcset=\"https:\/\/www.ceticontinental.org\/portal\/wp-content\/uploads\/2022\/12\/Picture1-1.png 900w, https:\/\/www.ceticontinental.org\/portal\/wp-content\/uploads\/2022\/12\/Picture1-1-300x200.png 300w, https:\/\/www.ceticontinental.org\/portal\/wp-content\/uploads\/2022\/12\/Picture1-1-768x512.png 768w, https:\/\/www.ceticontinental.org\/portal\/wp-content\/uploads\/2022\/12\/Picture1-1-480x320.png 480w, https:\/\/www.ceticontinental.org\/portal\/wp-content\/uploads\/2022\/12\/Picture1-1-272x182.png 272w\" sizes=\"(max-width: 900px) 100vw, 900px\" \/><\/p>\n<p><span style=\"font-weight: 400; color: #000000; font-family: via-sans; font-size: 14pt;\">A trav\u00e9s de sus certificados en <strong>Vida&amp;Misi\u00f3n<\/strong> y <strong>Contracorriente<\/strong>, CETI facilita procesos de formaci\u00f3n teol\u00f3gica integral en c\u00edrculos de estudio en todo el continente. Tu donaci\u00f3n nos ayuda a seguir actualizando el curr\u00edculo a la luz de las realidades de nuestros contextos, desarrollar relaciones y apoyar a los aliados que utilizan el material en sus contextos e inclusive dise\u00f1ar nuevos programas que se adapten a las necesidades de los y las participantes. En este momento, estamos dise\u00f1ando un programa de estudio m\u00e1s flexible y corto que se llamar\u00e1 <strong>Aqu\u00ed y Ahora<\/strong>.<\/span><\/p>\n<\/div>\n<\/div><\/div><\/div><div id=\"panel-6059-2-0-1\" class=\"so-panel widget widget_sow-button panel-last-child\" data-index=\"6\" ><div\n\t\t\t\n\t\t\tclass=\"so-widget-sow-button so-widget-sow-button-wire-d72a308f23b6-6059\"\n\t\t\t\n\t\t><div class=\"ow-button-base ow-button-align-center\"\n>\n\t\t\t<a\n\t\t\t\t\thref=\"https:\/\/www.paypal.com\/donate\/?hosted_button_id=3Z3R4QYAA7ZG2\"\n\t\t\t\t\tclass=\"sowb-button ow-icon-placement-left ow-button-hover\" target=\"_blank\" rel=\"noopener noreferrer\" \t>\n\t\t<span>\n\t\t\t\n\t\t\tDonar\t\t<\/span>\n\t\t\t<\/a>\n\t<\/div>\n<\/div><\/div><\/div><\/div><div id=\"pgc-6059-2-1\"  class=\"panel-grid-cell\" ><div class=\"so-rounded panel-cell-style panel-cell-style-for-6059-2-1\" ><div id=\"panel-6059-2-1-0\" class=\"so-panel widget widget_sow-editor panel-first-child\" data-index=\"7\" ><div class=\"so-rounded panel-widget-style panel-widget-style-for-6059-2-1-0\" ><div\n\t\t\t\n\t\t\tclass=\"so-widget-sow-editor so-widget-sow-editor-base\"\n\t\t\t\n\t\t>\n<div class=\"siteorigin-widget-tinymce textwidget\">\n\t<h1 style=\"text-align: center;\"><span style=\"font-weight: 400; font-family: via-sans-black; font-size: 24pt; color: #244b91;\">Estudiantes de maestr\u00eda<\/span><\/h1>\n<p><img loading=\"lazy\" decoding=\"async\" class=\"size-full wp-image-6081 aligncenter\" src=\"https:\/\/www.ceticontinental.org\/portal\/wp-content\/uploads\/2022\/12\/IMG_6686.jpg\" alt=\"\" width=\"900\" height=\"600\" srcset=\"https:\/\/www.ceticontinental.org\/portal\/wp-content\/uploads\/2022\/12\/IMG_6686.jpg 900w, https:\/\/www.ceticontinental.org\/portal\/wp-content\/uploads\/2022\/12\/IMG_6686-300x200.jpg 300w, https:\/\/www.ceticontinental.org\/portal\/wp-content\/uploads\/2022\/12\/IMG_6686-768x512.jpg 768w, https:\/\/www.ceticontinental.org\/portal\/wp-content\/uploads\/2022\/12\/IMG_6686-480x320.jpg 480w, https:\/\/www.ceticontinental.org\/portal\/wp-content\/uploads\/2022\/12\/IMG_6686-272x182.jpg 272w\" sizes=\"(max-width: 900px) 100vw, 900px\" \/><\/p>\n<p><span style=\"font-family: via-sans; font-size: 14pt; color: #000000;\">Gracias a los esfuerzos de CETI y nuestro aliado, Bakke Graduate University, los y las estudiantes de la <strong>Maestr\u00eda en Liderazgo para la Transformaci\u00f3n<\/strong> tienen acceso a una formaci\u00f3n que les impulsa a ser l\u00edderes que reflexionan y viven a la luz de un evangelio integral, dando el ejemplo para otras personas en sus contextos. Cada tanda estudiantil invierte conjuntamente para cubrir el costo de sus cursos. Tus donaciones van a un fondo de \"rescate\" que ayuda al grupo y a miembros individuales en momentos de dificultad financiera, para que no inhiba su progreso.<\/span><\/p>\n<\/div>\n<\/div><\/div><\/div><div id=\"panel-6059-2-1-1\" class=\"so-panel widget widget_sow-button panel-last-child\" data-index=\"8\" ><div\n\t\t\t\n\t\t\tclass=\"so-widget-sow-button so-widget-sow-button-wire-d70db652c954-6059\"\n\t\t\t\n\t\t><div class=\"ow-button-base ow-button-align-center\"\n>\n\t\t\t<a\n\t\t\t\t\thref=\"https:\/\/www.paypal.com\/donate\/?hosted_button_id=C9PVVDRVQD7KS\"\n\t\t\t\t\tclass=\"sowb-button ow-icon-placement-left ow-button-hover\" target=\"_blank\" rel=\"noopener noreferrer\" \t>\n\t\t<span>\n\t\t\t\n\t\t\tDonar\t\t<\/span>\n\t\t\t<\/a>\n\t<\/div>\n<\/div><\/div><\/div><\/div><\/div><div id=\"pg-6059-3\"  class=\"panel-grid panel-no-style\" ><div id=\"pgc-6059-3-0\"  class=\"panel-grid-cell\" ><div class=\"so-rounded panel-cell-style panel-cell-style-for-6059-3-0\" ><div id=\"panel-6059-3-0-0\" class=\"so-panel widget widget_sow-editor panel-first-child\" data-index=\"9\" ><div class=\"so-rounded panel-widget-style panel-widget-style-for-6059-3-0-0\" ><div\n\t\t\t\n\t\t\tclass=\"so-widget-sow-editor so-widget-sow-editor-base\"\n\t\t\t\n\t\t>\n<div class=\"siteorigin-widget-tinymce textwidget\">\n\t<h1 style=\"text-align: center;\"><span style=\"font-weight: 400; font-family: via-sans-black; font-size: 24pt; color: #27625a;\">Recursos educativos<\/span><\/h1>\n<p><img loading=\"lazy\" decoding=\"async\" class=\"size-full wp-image-6090 aligncenter\" src=\"https:\/\/www.ceticontinental.org\/portal\/wp-content\/uploads\/2022\/12\/307021050_2010410685800764_6720370737095014866_n.jpeg\" alt=\"\" width=\"900\" height=\"600\" srcset=\"https:\/\/www.ceticontinental.org\/portal\/wp-content\/uploads\/2022\/12\/307021050_2010410685800764_6720370737095014866_n.jpeg 900w, https:\/\/www.ceticontinental.org\/portal\/wp-content\/uploads\/2022\/12\/307021050_2010410685800764_6720370737095014866_n-300x200.jpeg 300w, https:\/\/www.ceticontinental.org\/portal\/wp-content\/uploads\/2022\/12\/307021050_2010410685800764_6720370737095014866_n-768x512.jpeg 768w, https:\/\/www.ceticontinental.org\/portal\/wp-content\/uploads\/2022\/12\/307021050_2010410685800764_6720370737095014866_n-480x320.jpeg 480w, https:\/\/www.ceticontinental.org\/portal\/wp-content\/uploads\/2022\/12\/307021050_2010410685800764_6720370737095014866_n-272x182.jpeg 272w\" sizes=\"(max-width: 900px) 100vw, 900px\" \/><\/p>\n<p><span style=\"font-weight: 400; font-size: 14pt; color: #000000; font-family: via-sans;\">Un \u00e1rea de inversi\u00f3n constante para CETI son los libros, herramientas, bases de datos, y materiales que proveemos a las personas que participan en nuestros programas. Nuestra tarea se complica por los escasos recursos disponibles en l\u00ednea en espa\u00f1ol que provienen del contexto latinoamericano. Tu donaci\u00f3n puede cubrir el costo de un libro para un grupo de estudiantes, proveerles acceso a art\u00edculos de revista, permitir la publicaci\u00f3n de un material en formato ebook, o conseguir otras herramientas que mejoran la experiencia educativa en l\u00ednea.<\/span><\/p>\n<\/div>\n<\/div><\/div><\/div><div id=\"panel-6059-3-0-1\" class=\"so-panel widget widget_sow-button panel-last-child\" data-index=\"10\" ><div\n\t\t\t\n\t\t\tclass=\"so-widget-sow-button so-widget-sow-button-wire-4c3c158f3120-6059\"\n\t\t\t\n\t\t><div class=\"ow-button-base ow-button-align-center\"\n>\n\t\t\t<a\n\t\t\t\t\thref=\"https:\/\/www.paypal.com\/donate\/?hosted_button_id=JN29FWD6UQC7E\"\n\t\t\t\t\tclass=\"sowb-button ow-icon-placement-left ow-button-hover\" target=\"_blank\" rel=\"noopener noreferrer\" \t>\n\t\t<span>\n\t\t\t\n\t\t\tDonar\t\t<\/span>\n\t\t\t<\/a>\n\t<\/div>\n<\/div><\/div><\/div><\/div><div id=\"pgc-6059-3-1\"  class=\"panel-grid-cell\" ><div class=\"so-rounded panel-cell-style panel-cell-style-for-6059-3-1\" ><div id=\"panel-6059-3-1-0\" class=\"so-panel widget widget_sow-editor panel-first-child\" data-index=\"11\" ><div class=\"so-rounded panel-widget-style panel-widget-style-for-6059-3-1-0\" ><div\n\t\t\t\n\t\t\tclass=\"so-widget-sow-editor so-widget-sow-editor-base\"\n\t\t\t\n\t\t>\n<div class=\"siteorigin-widget-tinymce textwidget\">\n\t<h1 style=\"text-align: center;\"><span style=\"font-weight: 400; color: #301a0f; font-family: via-sans-black; font-size: 24pt;\">Equipo Continental<\/span><\/h1>\n<p><img loading=\"lazy\" decoding=\"async\" class=\"size-full wp-image-6089 aligncenter\" src=\"https:\/\/www.ceticontinental.org\/portal\/wp-content\/uploads\/2022\/12\/IMG_9556-2.jpg\" alt=\"\" width=\"900\" height=\"600\" srcset=\"https:\/\/www.ceticontinental.org\/portal\/wp-content\/uploads\/2022\/12\/IMG_9556-2.jpg 900w, https:\/\/www.ceticontinental.org\/portal\/wp-content\/uploads\/2022\/12\/IMG_9556-2-300x200.jpg 300w, https:\/\/www.ceticontinental.org\/portal\/wp-content\/uploads\/2022\/12\/IMG_9556-2-768x512.jpg 768w, https:\/\/www.ceticontinental.org\/portal\/wp-content\/uploads\/2022\/12\/IMG_9556-2-480x320.jpg 480w, https:\/\/www.ceticontinental.org\/portal\/wp-content\/uploads\/2022\/12\/IMG_9556-2-272x182.jpg 272w\" sizes=\"(max-width: 900px) 100vw, 900px\" \/><\/p>\n<p><span style=\"font-weight: 400; color: #000000; font-size: 14pt; font-family: via-sans;\">El trabajo de CETI es posible gracias al equipo continental, cuyos miembros se destacan por su excelencia en sus respectivos campos, su pasi\u00f3n y el amor que demuestran para la comunidad que servimos. Haciendo una donaci\u00f3n al fondo general de CETI, puedes apoyar al \u00e1rea donde haya mayor necesidad en este momento, y as\u00ed ayudarnos a seguir haciendo este valioso trabajo. Es una alegr\u00eda y un honor servir a la Iglesia latinoamericana en su b\u00fasqueda de una vivencia integral, aut\u00e9ntica y transformadora del Reino de Dios y su justicia en el contexto latinoamericano.<\/span><\/p>\n<\/div>\n<\/div><\/div><\/div><div id=\"panel-6059-3-1-1\" class=\"so-panel widget widget_sow-button panel-last-child\" data-index=\"12\" ><div\n\t\t\t\n\t\t\tclass=\"so-widget-sow-button so-widget-sow-button-wire-52e1e30ca021-6059\"\n\t\t\t\n\t\t><div class=\"ow-button-base ow-button-align-center\"\n>\n\t\t\t<a\n\t\t\t\t\thref=\"https:\/\/www.paypal.com\/donate\/?hosted_button_id=ZSP49LF3H9QXJ\"\n\t\t\t\t\tclass=\"sowb-button ow-icon-placement-left ow-button-hover\" target=\"_blank\" rel=\"noopener noreferrer\" \t>\n\t\t<span>\n\t\t\t\n\t\t\tDonar\t\t<\/span>\n\t\t\t<\/a>\n\t<\/div>\n<\/div><\/div><\/div><\/div><\/div><div id=\"pg-6059-4\"  class=\"panel-grid panel-has-style\" ><div class=\"panel-row-style panel-row-style-for-6059-4\" ><div id=\"pgc-6059-4-0\"  class=\"panel-grid-cell panel-grid-cell-empty\" ><\/div><\/div><\/div><\/div>","protected":false},"excerpt":{"rendered":"<p>Apoya a nuestra comunidad (See this page in English) Te presentamos algunas \u00e1reas de CETI que podr\u00edan beneficiarse de tu apoyo. Haz clic en el v\u00ednculo &#8220;donar&#8221; en alguna categor\u00eda y te llevar\u00e1 a una p\u00e1gina donde puedes realizar una <span class=\"readmore\"><a class=\"more-link\" href=\"https:\/\/www.ceticontinental.org\/portal\/apoyanos\/\">Leer m\u00e1s&#8230;<\/a><\/span><\/p>\n","protected":false},"author":2,"featured_media":0,"parent":0,"menu_order":0,"comment_status":"closed","ping_status":"closed","template":"","meta":{"footnotes":""},"class_list":["post-6059","page","type-page","status-publish","hentry"],"_links":{"self":[{"href":"https:\/\/www.ceticontinental.org\/portal\/wp-json\/wp\/v2\/pages\/6059"}],"collection":[{"href":"https:\/\/www.ceticontinental.org\/portal\/wp-json\/wp\/v2\/pages"}],"about":[{"href":"https:\/\/www.ceticontinental.org\/portal\/wp-json\/wp\/v2\/types\/page"}],"author":[{"embeddable":true,"href":"https:\/\/www.ceticontinental.org\/portal\/wp-json\/wp\/v2\/users\/2"}],"replies":[{"embeddable":true,"href":"https:\/\/www.ceticontinental.org\/portal\/wp-json\/wp\/v2\/comments?post=6059"}],"version-history":[{"count":38,"href":"https:\/\/www.ceticontinental.org\/portal\/wp-json\/wp\/v2\/pages\/6059\/revisions"}],"predecessor-version":[{"id":6469,"href":"https:\/\/www.ceticontinental.org\/portal\/wp-json\/wp\/v2\/pages\/6059\/revisions\/6469"}],"wp:attachment":[{"href":"https:\/\/www.ceticontinental.org\/portal\/wp-json\/wp\/v2\/media?parent=6059"}],"curies":[{"name":"wp","href":"https:\/\/api.w.org\/{rel}","templated":true}]}}