{"id":6115,"date":"2022-12-02T17:52:24","date_gmt":"2022-12-02T20:52:24","guid":{"rendered":"https:\/\/www.ceticontinental.org\/portal\/?page_id=6115"},"modified":"2025-10-17T17:14:41","modified_gmt":"2025-10-17T20:14:41","slug":"support-us","status":"publish","type":"page","link":"https:\/\/www.ceticontinental.org\/portal\/support-us\/","title":{"rendered":"Support our Community"},"content":{"rendered":"<div id=\"pl-6115\"  class=\"panel-layout\" ><div id=\"pg-6115-0\"  class=\"panel-grid panel-has-style\" ><div class=\"panel-row-style panel-row-style-for-6115-0\" ><div id=\"pgc-6115-0-0\"  class=\"panel-grid-cell\" ><div id=\"panel-6115-0-0-0\" class=\"so-panel widget widget_sow-editor panel-first-child panel-last-child\" data-index=\"0\" ><div\n\t\t\t\n\t\t\tclass=\"so-widget-sow-editor so-widget-sow-editor-base\"\n\t\t\t\n\t\t>\n<div class=\"siteorigin-widget-tinymce textwidget\">\n\t<p><span style=\"font-family: via-sans-black; font-size: 36pt;\">Support Our Community<\/span><\/p>\n<p><a href=\"https:\/\/www.ceticontinental.org\/portal\/apoyanos\/\"><span style=\"font-family: via-sans-italic; font-size: 12pt;\">(Ver esta p\u00e1gina en espa\u00f1ol)<\/span><\/a><\/p>\n<p><span style=\"font-weight: 400; font-size: 14pt; color: #000000; font-family: via-sans;\">Here are some areas in which you can help support the work of CETI. Click on the \u201cDonate\u201d button within any category, and you will be redirected to a page where you can make a donation directly to that area of our ministry.\u00a0<\/span><\/p>\n<\/div>\n<\/div><\/div><\/div><\/div><\/div><div id=\"pg-6115-1\"  class=\"panel-grid panel-no-style\" ><div id=\"pgc-6115-1-0\"  class=\"panel-grid-cell\" ><div class=\"so-rounded panel-cell-style panel-cell-style-for-6115-1-0\" ><div id=\"panel-6115-1-0-0\" class=\"so-panel widget widget_sow-editor panel-first-child\" data-index=\"1\" ><div class=\"so-rounded panel-widget-style panel-widget-style-for-6115-1-0-0\" ><div\n\t\t\t\n\t\t\tclass=\"so-widget-sow-editor so-widget-sow-editor-base\"\n\t\t\t\n\t\t>\n<div class=\"siteorigin-widget-tinymce textwidget\">\n\t<h1 style=\"text-align: center;\"><span style=\"font-weight: 400; color: #301a0f; font-family: via-sans-black; font-size: 24pt;\">Caty and Ren\u00e9 Padilla Summit<\/span><\/h1>\n<p><img loading=\"lazy\" decoding=\"async\" class=\"size-full wp-image-6082 aligncenter\" src=\"https:\/\/www.ceticontinental.org\/portal\/wp-content\/uploads\/2022\/12\/43-Caty-y-Rene\u03011-2.jpg\" alt=\"\" width=\"792\" height=\"528\" srcset=\"https:\/\/www.ceticontinental.org\/portal\/wp-content\/uploads\/2022\/12\/43-Caty-y-Rene\u03011-2.jpg 792w, https:\/\/www.ceticontinental.org\/portal\/wp-content\/uploads\/2022\/12\/43-Caty-y-Rene\u03011-2-300x200.jpg 300w, https:\/\/www.ceticontinental.org\/portal\/wp-content\/uploads\/2022\/12\/43-Caty-y-Rene\u03011-2-768x512.jpg 768w, https:\/\/www.ceticontinental.org\/portal\/wp-content\/uploads\/2022\/12\/43-Caty-y-Rene\u03011-2-480x320.jpg 480w, https:\/\/www.ceticontinental.org\/portal\/wp-content\/uploads\/2022\/12\/43-Caty-y-Rene\u03011-2-272x182.jpg 272w\" sizes=\"(max-width: 792px) 100vw, 792px\" \/><\/p>\n<p><span style=\"font-weight: 400; color: #000000; font-family: via-sans; font-size: 14pt;\">Support CETI's summit: the C\u00e1tedra Caty y Ren\u00e9 Padilla, which explores the contemporary implications of Caty and Ren\u00e9 Padilla\u2019s pioneering work in the Latin American and international evangelical sphere, both in terms of reflection and practice. We aim to provide space to continue cultivating and developing theologies from and for Latin America, promoting a community of support and exchange, and stimulating the practice of integral mission in faith communities across the continent. This event is held every 2-3 years.<\/span><\/p>\n<\/div>\n<\/div><\/div><\/div><div id=\"panel-6115-1-0-1\" class=\"so-panel widget widget_sow-button panel-last-child\" data-index=\"2\" ><div\n\t\t\t\n\t\t\tclass=\"so-widget-sow-button so-widget-sow-button-wire-8a2ae8c6ed14-6115\"\n\t\t\t\n\t\t><div class=\"ow-button-base ow-button-align-center\"\n>\n\t\t\t<a\n\t\t\t\t\thref=\"https:\/\/www.paypal.com\/donate\/?hosted_button_id=3N6JUWQ86JNAW\"\n\t\t\t\t\tclass=\"sowb-button ow-icon-placement-left ow-button-hover\" target=\"_blank\" rel=\"noopener noreferrer\" \t>\n\t\t<span>\n\t\t\t\n\t\t\tDonate\t\t<\/span>\n\t\t\t<\/a>\n\t<\/div>\n<\/div><\/div><\/div><\/div><div id=\"pgc-6115-1-1\"  class=\"panel-grid-cell\" ><div class=\"so-rounded panel-cell-style panel-cell-style-for-6115-1-1\" ><div id=\"panel-6115-1-1-0\" class=\"so-panel widget widget_sow-editor panel-first-child\" data-index=\"3\" ><div class=\"so-rounded panel-widget-style panel-widget-style-for-6115-1-1-0\" ><div\n\t\t\t\n\t\t\tclass=\"so-widget-sow-editor so-widget-sow-editor-base\"\n\t\t\t\n\t\t>\n<div class=\"siteorigin-widget-tinymce textwidget\">\n\t<h1 style=\"text-align: center;\"><span style=\"font-weight: 400; font-family: via-sans-black; font-size: 24pt; color: #ffd249;\">Formation for\u00a0 Facilitators<\/span><\/h1>\n<p><img loading=\"lazy\" decoding=\"async\" class=\"size-full wp-image-6086 aligncenter\" src=\"https:\/\/www.ceticontinental.org\/portal\/wp-content\/uploads\/2022\/12\/18836725_1399876250079436_7769149748606192773_o-1.jpg\" alt=\"\" width=\"900\" height=\"535\" srcset=\"https:\/\/www.ceticontinental.org\/portal\/wp-content\/uploads\/2022\/12\/18836725_1399876250079436_7769149748606192773_o-1.jpg 900w, https:\/\/www.ceticontinental.org\/portal\/wp-content\/uploads\/2022\/12\/18836725_1399876250079436_7769149748606192773_o-1-300x178.jpg 300w, https:\/\/www.ceticontinental.org\/portal\/wp-content\/uploads\/2022\/12\/18836725_1399876250079436_7769149748606192773_o-1-768x457.jpg 768w\" sizes=\"(max-width: 900px) 100vw, 900px\" \/><\/p>\n<p><span style=\"font-weight: 400; font-size: 14pt; color: #000000; font-family: via-sans;\">A distinctive characteristic of CETI is its educational model based on a commitment that students have as much to contribute as they do to learn in the educational process. We seek to provide formational spaces that are dialogical and that incorporate lived experiences as well as tools and concepts from various academic disciplines. In this model, the role of the facilitator is key, since this person is responsible for stimulating students\u2019 participation and collaboration. You can help CETI offer robust facilitator trainings to prepare those who will facilitate local study circles and master\u2019s courses.<\/span><\/p>\n<\/div>\n<\/div><\/div><\/div><div id=\"panel-6115-1-1-1\" class=\"so-panel widget widget_sow-button panel-last-child\" data-index=\"4\" ><div\n\t\t\t\n\t\t\tclass=\"so-widget-sow-button so-widget-sow-button-wire-52f53335ebe2-6115\"\n\t\t\t\n\t\t><div class=\"ow-button-base ow-button-align-center\"\n>\n\t\t\t<a\n\t\t\t\t\thref=\"https:\/\/www.paypal.com\/donate\/?hosted_button_id=SK29ATYPS5CNU\"\n\t\t\t\t\tclass=\"sowb-button ow-icon-placement-left ow-button-hover\" target=\"_blank\" rel=\"noopener noreferrer\" \t>\n\t\t<span>\n\t\t\t\n\t\t\tDonate\t\t<\/span>\n\t\t\t<\/a>\n\t<\/div>\n<\/div><\/div><\/div><\/div><\/div><div id=\"pg-6115-2\"  class=\"panel-grid panel-no-style\" ><div id=\"pgc-6115-2-0\"  class=\"panel-grid-cell\" ><div class=\"so-rounded panel-cell-style panel-cell-style-for-6115-2-0\" ><div id=\"panel-6115-2-0-0\" class=\"so-panel widget widget_sow-editor panel-first-child\" data-index=\"5\" ><div class=\"so-rounded panel-widget-style panel-widget-style-for-6115-2-0-0\" ><div\n\t\t\t\n\t\t\tclass=\"so-widget-sow-editor so-widget-sow-editor-base\"\n\t\t\t\n\t\t>\n<div class=\"siteorigin-widget-tinymce textwidget\">\n\t<h1 style=\"text-align: center;\"><span style=\"font-weight: 400; color: #5c9359; font-family: via-sans-black; font-size: 24pt;\">Popular Education<\/span><\/h1>\n<p><img loading=\"lazy\" decoding=\"async\" class=\"size-full wp-image-6080 aligncenter\" src=\"https:\/\/www.ceticontinental.org\/portal\/wp-content\/uploads\/2022\/12\/Picture1-1.png\" alt=\"\" width=\"900\" height=\"600\" srcset=\"https:\/\/www.ceticontinental.org\/portal\/wp-content\/uploads\/2022\/12\/Picture1-1.png 900w, https:\/\/www.ceticontinental.org\/portal\/wp-content\/uploads\/2022\/12\/Picture1-1-300x200.png 300w, https:\/\/www.ceticontinental.org\/portal\/wp-content\/uploads\/2022\/12\/Picture1-1-768x512.png 768w, https:\/\/www.ceticontinental.org\/portal\/wp-content\/uploads\/2022\/12\/Picture1-1-480x320.png 480w, https:\/\/www.ceticontinental.org\/portal\/wp-content\/uploads\/2022\/12\/Picture1-1-272x182.png 272w\" sizes=\"(max-width: 900px) 100vw, 900px\" \/><\/p>\n<p><span style=\"color: #000000; font-size: 14pt; font-family: via-sans;\"><span style=\"font-weight: 400;\">Through our certificates, <\/span><b>Vida&amp;Misi\u00f3n<\/b><span style=\"font-weight: 400;\"> and <\/span><b>Contracorriente<\/b><span style=\"font-weight: 400;\">, CETI facilitates holistic theological formation processes in local study circles across the continent. Your donation helps us continue updating curriculum in light of the realities of our contexts, develop relationships and support the partners that use our materials in their contexts, and even design new programs that adapt to the needs of the participants. CETI also develops short <strong>open online courses<\/strong> that allow students across the continent to explore the relationship of their faith to major issues of today.<\/span><\/span><\/p>\n<\/div>\n<\/div><\/div><\/div><div id=\"panel-6115-2-0-1\" class=\"so-panel widget widget_sow-button panel-last-child\" data-index=\"6\" ><div\n\t\t\t\n\t\t\tclass=\"so-widget-sow-button so-widget-sow-button-wire-d72a308f23b6-6115\"\n\t\t\t\n\t\t><div class=\"ow-button-base ow-button-align-center\"\n>\n\t\t\t<a\n\t\t\t\t\thref=\"https:\/\/www.paypal.com\/donate\/?hosted_button_id=DLYGSHKE2K5X8\"\n\t\t\t\t\tclass=\"sowb-button ow-icon-placement-left ow-button-hover\" target=\"_blank\" rel=\"noopener noreferrer\" \t>\n\t\t<span>\n\t\t\t\n\t\t\tDonate\t\t<\/span>\n\t\t\t<\/a>\n\t<\/div>\n<\/div><\/div><\/div><\/div><div id=\"pgc-6115-2-1\"  class=\"panel-grid-cell\" ><div class=\"so-rounded panel-cell-style panel-cell-style-for-6115-2-1\" ><div id=\"panel-6115-2-1-0\" class=\"so-panel widget widget_sow-editor panel-first-child\" data-index=\"7\" ><div class=\"so-rounded panel-widget-style panel-widget-style-for-6115-2-1-0\" ><div\n\t\t\t\n\t\t\tclass=\"so-widget-sow-editor so-widget-sow-editor-base\"\n\t\t\t\n\t\t>\n<div class=\"siteorigin-widget-tinymce textwidget\">\n\t<h1 style=\"text-align: center;\"><span style=\"font-weight: 400; font-family: via-sans-black; font-size: 24pt; color: #244b91;\">Graduate Students<\/span><\/h1>\n<p><img loading=\"lazy\" decoding=\"async\" class=\"size-full wp-image-6081 aligncenter\" src=\"https:\/\/www.ceticontinental.org\/portal\/wp-content\/uploads\/2022\/12\/IMG_6686.jpg\" alt=\"\" width=\"900\" height=\"600\" srcset=\"https:\/\/www.ceticontinental.org\/portal\/wp-content\/uploads\/2022\/12\/IMG_6686.jpg 900w, https:\/\/www.ceticontinental.org\/portal\/wp-content\/uploads\/2022\/12\/IMG_6686-300x200.jpg 300w, https:\/\/www.ceticontinental.org\/portal\/wp-content\/uploads\/2022\/12\/IMG_6686-768x512.jpg 768w, https:\/\/www.ceticontinental.org\/portal\/wp-content\/uploads\/2022\/12\/IMG_6686-480x320.jpg 480w, https:\/\/www.ceticontinental.org\/portal\/wp-content\/uploads\/2022\/12\/IMG_6686-272x182.jpg 272w\" sizes=\"(max-width: 900px) 100vw, 900px\" \/><\/p>\n<p><span style=\"font-size: 14pt; font-family: via-sans; color: #000000;\"><span style=\"font-weight: 400;\">CETI offers graduate level<\/span><span style=\"font-weight: 400;\"> formation programs to key leaders across the continent. In their studies, students are challenged and equipped to live in light of the whole Gospel, setting an example for others in their contexts. CETI programs use a cohort model, in which a small group of students journey together through their studies, building lasting relationships and contributing to one another's learning. Your donations help support the cohort as a whole, as well as individual members who are facing momentary financial difficulties, so that their studies can continue uninterrupted.<\/span><\/span><\/p>\n<\/div>\n<\/div><\/div><\/div><div id=\"panel-6115-2-1-1\" class=\"so-panel widget widget_sow-button panel-last-child\" data-index=\"8\" ><div\n\t\t\t\n\t\t\tclass=\"so-widget-sow-button so-widget-sow-button-wire-d70db652c954-6115\"\n\t\t\t\n\t\t><div class=\"ow-button-base ow-button-align-center\"\n>\n\t\t\t<a\n\t\t\t\t\thref=\"https:\/\/www.paypal.com\/donate\/?hosted_button_id=CZXB6TB6GWYUL\"\n\t\t\t\t\tclass=\"sowb-button ow-icon-placement-left ow-button-hover\" target=\"_blank\" rel=\"noopener noreferrer\" \t>\n\t\t<span>\n\t\t\t\n\t\t\tDonate\t\t<\/span>\n\t\t\t<\/a>\n\t<\/div>\n<\/div><\/div><\/div><\/div><\/div><div id=\"pg-6115-3\"  class=\"panel-grid panel-no-style\" ><div id=\"pgc-6115-3-0\"  class=\"panel-grid-cell\" ><div class=\"so-rounded panel-cell-style panel-cell-style-for-6115-3-0\" ><div id=\"panel-6115-3-0-0\" class=\"so-panel widget widget_sow-editor panel-first-child\" data-index=\"9\" ><div class=\"so-rounded panel-widget-style panel-widget-style-for-6115-3-0-0\" ><div\n\t\t\t\n\t\t\tclass=\"so-widget-sow-editor so-widget-sow-editor-base\"\n\t\t\t\n\t\t>\n<div class=\"siteorigin-widget-tinymce textwidget\">\n\t<h1 style=\"text-align: center;\"><span style=\"font-weight: 400; font-family: via-sans-black; font-size: 24pt; color: #27625a;\">Educational Resources<\/span><\/h1>\n<p><img loading=\"lazy\" decoding=\"async\" class=\"size-full wp-image-6090 aligncenter\" src=\"https:\/\/www.ceticontinental.org\/portal\/wp-content\/uploads\/2022\/12\/307021050_2010410685800764_6720370737095014866_n.jpeg\" alt=\"\" width=\"900\" height=\"600\" srcset=\"https:\/\/www.ceticontinental.org\/portal\/wp-content\/uploads\/2022\/12\/307021050_2010410685800764_6720370737095014866_n.jpeg 900w, https:\/\/www.ceticontinental.org\/portal\/wp-content\/uploads\/2022\/12\/307021050_2010410685800764_6720370737095014866_n-300x200.jpeg 300w, https:\/\/www.ceticontinental.org\/portal\/wp-content\/uploads\/2022\/12\/307021050_2010410685800764_6720370737095014866_n-768x512.jpeg 768w, https:\/\/www.ceticontinental.org\/portal\/wp-content\/uploads\/2022\/12\/307021050_2010410685800764_6720370737095014866_n-480x320.jpeg 480w, https:\/\/www.ceticontinental.org\/portal\/wp-content\/uploads\/2022\/12\/307021050_2010410685800764_6720370737095014866_n-272x182.jpeg 272w\" sizes=\"(max-width: 900px) 100vw, 900px\" \/><\/p>\n<p><span style=\"font-weight: 400; font-size: 14pt; font-family: via-sans; color: #000000;\">CETI must constantly invest in the books, tools, databases, and materials that we provide to the participants in our programs. This task is complicated by the scarcity of resources available online in Spanish that emerge from and reflect the Latin American context. Your donation can cover the cost of a book for a group of students, provide access to journal articles, sponsor the publication of material in the format of an ebook, or allow us to obtain other tools that improve the online learning experience.<\/span><\/p>\n<\/div>\n<\/div><\/div><\/div><div id=\"panel-6115-3-0-1\" class=\"so-panel widget widget_sow-button panel-last-child\" data-index=\"10\" ><div\n\t\t\t\n\t\t\tclass=\"so-widget-sow-button so-widget-sow-button-wire-4c3c158f3120-6115\"\n\t\t\t\n\t\t><div class=\"ow-button-base ow-button-align-center\"\n>\n\t\t\t<a\n\t\t\t\t\thref=\"https:\/\/www.paypal.com\/donate\/?hosted_button_id=N5B9968XT883Q\"\n\t\t\t\t\tclass=\"sowb-button ow-icon-placement-left ow-button-hover\" target=\"_blank\" rel=\"noopener noreferrer\" \t>\n\t\t<span>\n\t\t\t\n\t\t\tDonate\t\t<\/span>\n\t\t\t<\/a>\n\t<\/div>\n<\/div><\/div><\/div><\/div><div id=\"pgc-6115-3-1\"  class=\"panel-grid-cell\" ><div class=\"so-rounded panel-cell-style panel-cell-style-for-6115-3-1\" ><div id=\"panel-6115-3-1-0\" class=\"so-panel widget widget_sow-editor panel-first-child\" data-index=\"11\" ><div class=\"so-rounded panel-widget-style panel-widget-style-for-6115-3-1-0\" ><div\n\t\t\t\n\t\t\tclass=\"so-widget-sow-editor so-widget-sow-editor-base\"\n\t\t\t\n\t\t>\n<div class=\"siteorigin-widget-tinymce textwidget\">\n\t<h1 style=\"text-align: center;\"><span style=\"font-weight: 400; color: #301a0f; font-family: via-sans-black; font-size: 24pt;\">The Continental Team<\/span><\/h1>\n<p><img loading=\"lazy\" decoding=\"async\" class=\"size-full wp-image-6089 aligncenter\" src=\"https:\/\/www.ceticontinental.org\/portal\/wp-content\/uploads\/2022\/12\/IMG_9556-2.jpg\" alt=\"\" width=\"900\" height=\"600\" srcset=\"https:\/\/www.ceticontinental.org\/portal\/wp-content\/uploads\/2022\/12\/IMG_9556-2.jpg 900w, https:\/\/www.ceticontinental.org\/portal\/wp-content\/uploads\/2022\/12\/IMG_9556-2-300x200.jpg 300w, https:\/\/www.ceticontinental.org\/portal\/wp-content\/uploads\/2022\/12\/IMG_9556-2-768x512.jpg 768w, https:\/\/www.ceticontinental.org\/portal\/wp-content\/uploads\/2022\/12\/IMG_9556-2-480x320.jpg 480w, https:\/\/www.ceticontinental.org\/portal\/wp-content\/uploads\/2022\/12\/IMG_9556-2-272x182.jpg 272w\" sizes=\"(max-width: 900px) 100vw, 900px\" \/><\/p>\n<p><span style=\"font-weight: 400; color: #000000; font-size: 14pt; font-family: via-sans;\">CETI\u2019s work is possible thanks to the members of our Continental Team, who are each leaders in their respective fields, passionate, and committed to the community we serve. By making a donation to CETI\u2019s general fund, your support will be used wherever it is most needed at this time, and you help us continue doing this valuable work. It is a joy and an honor to serve the Latin American Church as it seeks to live out God\u2019s Kingdom and justice holistically, authentically, and transformatively in the Latin American context.\u00a0<\/span><\/p>\n<\/div>\n<\/div><\/div><\/div><div id=\"panel-6115-3-1-1\" class=\"so-panel widget widget_sow-button panel-last-child\" data-index=\"12\" ><div\n\t\t\t\n\t\t\tclass=\"so-widget-sow-button so-widget-sow-button-wire-52e1e30ca021-6115\"\n\t\t\t\n\t\t><div class=\"ow-button-base ow-button-align-center\"\n>\n\t\t\t<a\n\t\t\t\t\thref=\"https:\/\/www.paypal.com\/donate\/?hosted_button_id=NYP3ZDN3CFPGL\"\n\t\t\t\t\tclass=\"sowb-button ow-icon-placement-left ow-button-hover\" target=\"_blank\" rel=\"noopener noreferrer\" \t>\n\t\t<span>\n\t\t\t\n\t\t\tDonate\t\t<\/span>\n\t\t\t<\/a>\n\t<\/div>\n<\/div><\/div><\/div><\/div><\/div><div id=\"pg-6115-4\"  class=\"panel-grid panel-has-style\" ><div class=\"panel-row-style panel-row-style-for-6115-4\" ><div id=\"pgc-6115-4-0\"  class=\"panel-grid-cell\" ><div id=\"panel-6115-4-0-0\" class=\"so-panel widget widget_sow-editor panel-first-child panel-last-child\" data-index=\"13\" ><div\n\t\t\t\n\t\t\tclass=\"so-widget-sow-editor so-widget-sow-editor-base\"\n\t\t\t\n\t\t>\n<div class=\"siteorigin-widget-tinymce textwidget\">\n\t<p style=\"text-align: center;\"><span style=\"font-size: 14pt;\"><a href=\"https:\/\/www.ceticontinental.org\/portal\/ceti-en\/\"><span style=\"text-decoration: underline;\"><strong>Back to CETI-En<\/strong><\/span><\/a><\/span><\/p>\n<\/div>\n<\/div><\/div><\/div><div id=\"pgc-6115-4-1\"  class=\"panel-grid-cell panel-grid-cell-empty panel-grid-cell-mobile-last\" ><\/div><div id=\"pgc-6115-4-2\"  class=\"panel-grid-cell panel-grid-cell-empty\" ><\/div><\/div><\/div><div id=\"pg-6115-5\"  class=\"panel-grid panel-no-style\" ><div id=\"pgc-6115-5-0\"  class=\"panel-grid-cell panel-grid-cell-empty\" ><\/div><div id=\"pgc-6115-5-1\"  class=\"panel-grid-cell panel-grid-cell-empty panel-grid-cell-mobile-last\" ><\/div><div id=\"pgc-6115-5-2\"  class=\"panel-grid-cell panel-grid-cell-empty\" ><\/div><\/div><\/div>","protected":false},"excerpt":{"rendered":"<p>Support Our Community (Ver esta p\u00e1gina en espa\u00f1ol) Here are some areas in which you can help support the work of CETI. Click on the \u201cDonate\u201d button within any category, and you will be redirected to a page where you <span class=\"readmore\"><a class=\"more-link\" href=\"https:\/\/www.ceticontinental.org\/portal\/support-us\/\">Leer m\u00e1s&#8230;<\/a><\/span><\/p>\n","protected":false},"author":2,"featured_media":0,"parent":0,"menu_order":0,"comment_status":"closed","ping_status":"closed","template":"","meta":{"footnotes":""},"class_list":["post-6115","page","type-page","status-publish","hentry"],"_links":{"self":[{"href":"https:\/\/www.ceticontinental.org\/portal\/wp-json\/wp\/v2\/pages\/6115"}],"collection":[{"href":"https:\/\/www.ceticontinental.org\/portal\/wp-json\/wp\/v2\/pages"}],"about":[{"href":"https:\/\/www.ceticontinental.org\/portal\/wp-json\/wp\/v2\/types\/page"}],"author":[{"embeddable":true,"href":"https:\/\/www.ceticontinental.org\/portal\/wp-json\/wp\/v2\/users\/2"}],"replies":[{"embeddable":true,"href":"https:\/\/www.ceticontinental.org\/portal\/wp-json\/wp\/v2\/comments?post=6115"}],"version-history":[{"count":33,"href":"https:\/\/www.ceticontinental.org\/portal\/wp-json\/wp\/v2\/pages\/6115\/revisions"}],"predecessor-version":[{"id":6615,"href":"https:\/\/www.ceticontinental.org\/portal\/wp-json\/wp\/v2\/pages\/6115\/revisions\/6615"}],"wp:attachment":[{"href":"https:\/\/www.ceticontinental.org\/portal\/wp-json\/wp\/v2\/media?parent=6115"}],"curies":[{"name":"wp","href":"https:\/\/api.w.org\/{rel}","templated":true}]}}