{"id":6165,"date":"2023-02-21T09:17:57","date_gmt":"2023-02-21T12:17:57","guid":{"rendered":"https:\/\/www.ceticontinental.org\/portal\/?page_id=6165"},"modified":"2024-08-16T17:23:09","modified_gmt":"2024-08-16T20:23:09","slug":"certificados","status":"publish","type":"page","link":"https:\/\/www.ceticontinental.org\/portal\/certificados\/","title":{"rendered":"Certificados"},"content":{"rendered":"<div id=\"pl-6165\"  class=\"panel-layout\" ><div id=\"pg-6165-0\"  class=\"panel-grid panel-has-style\" ><div class=\"so-parallax siteorigin-panels-stretch panel-row-style panel-row-style-for-6165-0\" data-stretch-type=\"full\" ><img fetchpriority=\"high\" decoding=\"async\" width=\"1220\" height=\"800\" src=\"https:\/\/www.ceticontinental.org\/portal\/wp-content\/uploads\/2024\/08\/imageedit_4_7180181753.gif\" class=\"attachment-full size-full\" alt=\"\" data-siteorigin-parallax=\"true\" loading=\"eager\" \/><div id=\"pgc-6165-0-0\"  class=\"panel-grid-cell\" ><div id=\"panel-6165-0-0-0\" class=\"widget_text so-panel widget widget_custom_html panel-first-child\" data-index=\"0\" ><div class=\"textwidget custom-html-widget\"><\/div><\/div><div id=\"panel-6165-0-0-1\" class=\"so-panel widget widget_sow-editor panel-last-child\" data-index=\"1\" ><div class=\"panel-widget-style panel-widget-style-for-6165-0-0-1\" ><div\n\t\t\t\n\t\t\tclass=\"so-widget-sow-editor so-widget-sow-editor-base\"\n\t\t\t\n\t\t>\n<div class=\"siteorigin-widget-tinymce textwidget\">\n\t<h1><strong style=\"font-size: 56px !important; font-family: 'via_sans_boldbold';\">Certificados<\/strong><\/h1>\n<\/div>\n<\/div><\/div><\/div><\/div><\/div><\/div><div id=\"pg-6165-1\"  class=\"panel-grid panel-no-style\" ><div id=\"pgc-6165-1-0\"  class=\"panel-grid-cell\" ><div id=\"panel-6165-1-0-0\" class=\"so-panel widget widget_sow-editor panel-first-child\" data-index=\"2\" ><div\n\t\t\t\n\t\t\tclass=\"so-widget-sow-editor so-widget-sow-editor-base\"\n\t\t\t\n\t\t>\n<div class=\"siteorigin-widget-tinymce textwidget\">\n\t<h1><strong><span style=\"font-size: 36pt;\">\u00bfTiene la fe cristiana algo que ver...?<\/span><\/strong><\/h1>\n<\/div>\n<\/div><\/div><div id=\"panel-6165-1-0-1\" class=\"so-panel widget widget_sow-layout-slider\" data-index=\"3\" ><div\n\t\t\t\n\t\t\tclass=\"so-widget-sow-layout-slider so-widget-sow-layout-slider-default-f251471d8026-6165\"\n\t\t\t\n\t\t>\t\t\t\t<div class=\"sow-slider-base\" style=\"display: none\" tabindex=\"0\">\n\t\t\t\t\t<ul\n\t\t\t\t\tclass=\"sow-slider-images\"\n\t\t\t\t\tdata-settings=\"{&quot;pagination&quot;:true,&quot;speed&quot;:800,&quot;timeout&quot;:4000,&quot;paused&quot;:false,&quot;pause_on_hover&quot;:false,&quot;swipe&quot;:true,&quot;nav_always_show_desktop&quot;:&quot;&quot;,&quot;nav_always_show_mobile&quot;:&quot;&quot;,&quot;breakpoint&quot;:&quot;780px&quot;,&quot;unmute&quot;:false,&quot;anchor&quot;:null}\"\n\t\t\t\t\t\t\t\t\t\tdata-anchor-id=\"\"\n\t\t\t\t>\t\t<li class=\"sow-slider-image\" style=\"visibility: visible;;background-color: #ffffff\" >\n\t\t\t\t\t<div class=\"sow-slider-image-container\">\n\t\t\t<div class=\"sow-slider-image-wrapper\">\n\t\t\t\t<div id=\"pl-w5006c0e2\"  class=\"panel-layout\" ><div id=\"pg-w5006c0e2-0\"  class=\"panel-grid panel-no-style\" ><div id=\"pgc-w5006c0e2-0-0\"  class=\"panel-grid-cell\" ><div id=\"panel-w5006c0e2-0-0-0\" class=\"so-panel widget widget_sow-editor panel-first-child panel-last-child\" data-index=\"0\" ><div class=\"panel-widget-style panel-widget-style-for-w5006c0e2-0-0-0\" ><div\n\t\t\t\n\t\t\tclass=\"so-widget-sow-editor so-widget-sow-editor-base\"\n\t\t\t\n\t\t>\n<div class=\"siteorigin-widget-tinymce textwidget\">\n\t<h1><span style=\"font-weight: 400; color: #5c9359;\">\u00bfCon el calentamiento global?<\/span><\/h1>\n<\/div>\n<\/div><\/div><\/div><\/div><\/div><\/div>\t\t\t<\/div>\n\t\t<\/div>\n\t\t\t\t<\/li>\n\t\t\t\t<li class=\"sow-slider-image\" style=\"visibility: hidden;;background-color: #ffffff\" >\n\t\t\t\t\t<div class=\"sow-slider-image-container\">\n\t\t\t<div class=\"sow-slider-image-wrapper\">\n\t\t\t\t<div id=\"pl-wca690879\"  class=\"panel-layout\" ><div id=\"pg-wca690879-0\"  class=\"panel-grid panel-no-style\" ><div id=\"pgc-wca690879-0-0\"  class=\"panel-grid-cell\" ><div id=\"panel-wca690879-0-0-0\" class=\"so-panel widget widget_sow-editor panel-first-child panel-last-child\" data-index=\"0\" ><div class=\"panel-widget-style panel-widget-style-for-wca690879-0-0-0\" ><div\n\t\t\t\n\t\t\tclass=\"so-widget-sow-editor so-widget-sow-editor-base\"\n\t\t\t\n\t\t>\n<div class=\"siteorigin-widget-tinymce textwidget\">\n\t<h1><span style=\"font-weight: 400; color: #244b91;\">\u00bfCon nuestra forma de ser iglesia?<\/span><\/h1>\n<\/div>\n<\/div><\/div><\/div><\/div><\/div><\/div>\t\t\t<\/div>\n\t\t<\/div>\n\t\t\t\t<\/li>\n\t\t\t\t<li class=\"sow-slider-image\" style=\"visibility: hidden;;background-color: #ffffff\" >\n\t\t\t\t\t<div class=\"sow-slider-image-container\">\n\t\t\t<div class=\"sow-slider-image-wrapper\">\n\t\t\t\t<div id=\"pl-w2a82a0d8\"  class=\"panel-layout\" ><div id=\"pg-w2a82a0d8-0\"  class=\"panel-grid panel-no-style\" ><div id=\"pgc-w2a82a0d8-0-0\"  class=\"panel-grid-cell\" ><div id=\"panel-w2a82a0d8-0-0-0\" class=\"so-panel widget widget_sow-editor panel-first-child panel-last-child\" data-index=\"0\" ><div class=\"panel-widget-style panel-widget-style-for-w2a82a0d8-0-0-0\" ><div\n\t\t\t\n\t\t\tclass=\"so-widget-sow-editor so-widget-sow-editor-base\"\n\t\t\t\n\t\t>\n<div class=\"siteorigin-widget-tinymce textwidget\">\n\t<h1><span style=\"font-weight: 400; color: #27625a;\">\u00bfCon el uso del dinero?<\/span><\/h1>\n<\/div>\n<\/div><\/div><\/div><\/div><\/div><\/div>\t\t\t<\/div>\n\t\t<\/div>\n\t\t\t\t<\/li>\n\t\t\t\t<li class=\"sow-slider-image\" style=\"visibility: hidden;;background-color: #ffffff\" >\n\t\t\t\t\t<div class=\"sow-slider-image-container\">\n\t\t\t<div class=\"sow-slider-image-wrapper\">\n\t\t\t\t<div id=\"pl-w142daa77\"  class=\"panel-layout\" ><div id=\"pg-w142daa77-0\"  class=\"panel-grid panel-no-style\" ><div id=\"pgc-w142daa77-0-0\"  class=\"panel-grid-cell\" ><div id=\"panel-w142daa77-0-0-0\" class=\"so-panel widget widget_sow-editor panel-first-child panel-last-child\" data-index=\"0\" ><div class=\"panel-widget-style panel-widget-style-for-w142daa77-0-0-0\" ><div\n\t\t\t\n\t\t\tclass=\"so-widget-sow-editor so-widget-sow-editor-base\"\n\t\t\t\n\t\t>\n<div class=\"siteorigin-widget-tinymce textwidget\">\n\t<h1><span style=\"font-weight: 400; color: #ffd249;\">\u00bfCon las relaciones familiares?<\/span><\/h1>\n<\/div>\n<\/div><\/div><\/div><\/div><\/div><\/div>\t\t\t<\/div>\n\t\t<\/div>\n\t\t\t\t<\/li>\n\t\t<\/ul>\t\t\t\t<ol class=\"sow-slider-pagination\">\n\t\t\t\t\t\t\t\t\t\t\t<li><a href=\"#\" data-goto=\"0\" aria-label=\"Display slide 1\"><\/a><\/li>\n\t\t\t\t\t\t\t\t\t\t\t<li><a href=\"#\" data-goto=\"1\" aria-label=\"Display slide 2\"><\/a><\/li>\n\t\t\t\t\t\t\t\t\t\t\t<li><a href=\"#\" data-goto=\"2\" aria-label=\"Display slide 3\"><\/a><\/li>\n\t\t\t\t\t\t\t\t\t\t\t<li><a href=\"#\" data-goto=\"3\" aria-label=\"Display slide 4\"><\/a><\/li>\n\t\t\t\t\t\t\t\t\t<\/ol>\n\n\t\t\t\t<div class=\"sow-slide-nav sow-slide-nav-next\">\n\t\t\t\t\t<a href=\"#\" data-goto=\"next\" aria-label=\"Next slide\" data-action=\"next\">\n\t\t\t\t\t\t<em class=\"sow-sld-icon-thin-right\"><\/em>\n\t\t\t\t\t<\/a>\n\t\t\t\t<\/div>\n\n\t\t\t\t<div class=\"sow-slide-nav sow-slide-nav-prev\">\n\t\t\t\t\t<a href=\"#\" data-goto=\"previous\" aria-label=\"Previous slide\" data-action=\"prev\">\n\t\t\t\t\t\t<em class=\"sow-sld-icon-thin-left\"><\/em>\n\t\t\t\t\t<\/a>\n\t\t\t\t<\/div>\n\t\t\t\t<\/div><\/div><\/div><div id=\"panel-6165-1-0-2\" class=\"so-panel widget widget_sow-editor\" data-index=\"4\" ><div\n\t\t\t\n\t\t\tclass=\"so-widget-sow-editor so-widget-sow-editor-base\"\n\t\t\t\n\t\t>\n<div class=\"siteorigin-widget-tinymce textwidget\">\n\t<p><span style=\"font-weight: 400; font-size: 14pt;\">CETI ofrece varios procesos de formaci\u00f3n integral para c\u00edrculos de estudio presenciales y virtuales que encaran preguntas como estas y capacita a las y los participantes a seguir a Jes\u00fas de lunes a domingo, en la familia, el trabajo, la iglesia y la sociedad en general. Los certificados fortalecen el ministerio de los y las participantes, capacit\u00e1ndoles para una vivencia integral del Evangelio en sus contextos.<\/span><\/p>\n<\/div>\n<\/div><\/div><div id=\"panel-6165-1-0-3\" class=\"so-panel widget widget_sow-tabs\" data-index=\"5\" ><div\n\t\t\t\n\t\t\tclass=\"so-widget-sow-tabs so-widget-sow-tabs-default-2a9ff51eb3f4-6165\"\n\t\t\t\n\t\t><div class=\"sow-tabs\">\n\t<div class=\"sow-tabs-tab-container\" role=\"tablist\">\n\t\t\t<div\n\t\t\tclass=\"sow-tabs-tab\n\t\t\t sow-tabs-tab-selected\t\t\t\"\n\t\t\trole=\"tab\"\n\t\t\tdata-anchor-id=\"vidamision-teologia-desde-y-para-la-vida\"\n\t\t\taria-selected=\"true\"\n\t\t\ttabindex=\"0\"\n\t\t>\n\t\t\t<div class=\"sow-tabs-title sow-tabs-title-icon-left\">\n\t\t\t\t\t\t\t\tVida&amp;Misi\u00f3n: teolog\u00eda desde y para la vida\t\t\t\t\t\t\t<\/div>\n\t\t<\/div>\n\t\t\t<div\n\t\t\tclass=\"sow-tabs-tab\n\t\t\t\t\t\t\"\n\t\t\trole=\"tab\"\n\t\t\tdata-anchor-id=\"contracorriente-tras-las-huellas-del-maestro\"\n\t\t\taria-selected=\"false\"\n\t\t\ttabindex=\"0\"\n\t\t>\n\t\t\t<div class=\"sow-tabs-title sow-tabs-title-icon-left\">\n\t\t\t\t\t\t\t\tContracorriente: tras las huellas del Maestro\t\t\t\t\t\t\t<\/div>\n\t\t<\/div>\n\t\t<\/div>\n\n\t<div class=\"sow-tabs-panel-container\">\n\t\t\t<div class=\"sow-tabs-panel\">\n\t\t\t<div\n\t\t\t\tclass=\"sow-tabs-panel-content\"\n\t\t\t\trole=\"tabpanel\"\n\t\t\t\taria-hidden=\"false\"\n\t\t\t>\n\t\t\t\t<p><span style=\"font-weight: 400\"><img loading=\"lazy\" decoding=\"async\" class=\"size-medium wp-image-5928 aligncenter\" src=\"https:\/\/www.ceticontinental.org\/portal\/wp-content\/uploads\/2021\/08\/vidaymisionCOLORSOLO-300x159.png\" alt=\"\" width=\"300\" height=\"159\" srcset=\"https:\/\/www.ceticontinental.org\/portal\/wp-content\/uploads\/2021\/08\/vidaymisionCOLORSOLO-300x159.png 300w, https:\/\/www.ceticontinental.org\/portal\/wp-content\/uploads\/2021\/08\/vidaymisionCOLORSOLO-1024x543.png 1024w, https:\/\/www.ceticontinental.org\/portal\/wp-content\/uploads\/2021\/08\/vidaymisionCOLORSOLO-768x408.png 768w, https:\/\/www.ceticontinental.org\/portal\/wp-content\/uploads\/2021\/08\/vidaymisionCOLORSOLO.png 1270w\" sizes=\"(max-width: 300px) 100vw, 300px\" \/>En Vida&amp;Misi\u00f3n, mediante c\u00edrculos de estudio presencial, exploramos la vida familiar, nuestro trabajo, la iglesia, y la sociedad en busca de una vivencia fiel de las Buenas Nuevas del reinado de Dios y su justicia. Este proceso incorpora transversalmente el estudio bi\u0301blico, la historia de la iglesia, las tradiciones teolo\u0301gicas y el ana\u0301lisis cri\u0301tico de la realidad.<\/span><\/p>\n<p><a href=\"https:\/\/www.ceticontinental.org\/portal\/vida-mision\/\">Leer m\u00e1s...<\/a><\/p>\n\t\t\t<\/div>\n\t\t<\/div>\n\t\t\t<div class=\"sow-tabs-panel\">\n\t\t\t<div\n\t\t\t\tclass=\"sow-tabs-panel-content\"\n\t\t\t\trole=\"tabpanel\"\n\t\t\t\taria-hidden=\"true\"\n\t\t\t>\n\t\t\t\t<p><img loading=\"lazy\" decoding=\"async\" class=\"size-medium wp-image-6284 aligncenter\" src=\"https:\/\/www.ceticontinental.org\/portal\/wp-content\/uploads\/2023\/03\/Screenshot-2023-03-27-at-6.26.56-PM-copy-300x186.png\" alt=\"\" width=\"300\" height=\"186\" srcset=\"https:\/\/www.ceticontinental.org\/portal\/wp-content\/uploads\/2023\/03\/Screenshot-2023-03-27-at-6.26.56-PM-copy-300x186.png 300w, https:\/\/www.ceticontinental.org\/portal\/wp-content\/uploads\/2023\/03\/Screenshot-2023-03-27-at-6.26.56-PM-copy-768x476.png 768w, https:\/\/www.ceticontinental.org\/portal\/wp-content\/uploads\/2023\/03\/Screenshot-2023-03-27-at-6.26.56-PM-copy.png 800w\" sizes=\"(max-width: 300px) 100vw, 300px\" \/><\/p>\n<p><span style=\"font-weight: 400\">\u201c\u00a1S\u00edganme!\u201d El llamado de Jes\u00fas es tan vigente hoy como cuando lo pronunci\u00f3 en tierras de Judea hace m\u00e1s de dos mil a\u00f1os. Responder a ese llamado exige concentrar atenci\u00f3n en la persona de Jes\u00fas, en sus ense\u00f1anzas y en su forma de vivir. Quienes se embarcan en este camino ver\u00e1n que ir tras las huellas del maestro necesariamente demanda ir contra la corriente de un mundo consumista, ego\u00edsta y explotador.<\/span><\/p>\n<p><a href=\"https:\/\/www.ceticontinental.org\/portal\/contracorriente\/\">Leer m\u00e1s...<\/a><\/p>\n\t\t\t<\/div>\n\t\t<\/div>\n\t\t<\/div>\n<\/div>\n<\/div><\/div><div id=\"panel-6165-1-0-4\" class=\"so-panel widget widget_sow-editor\" data-index=\"6\" ><div\n\t\t\t\n\t\t\tclass=\"so-widget-sow-editor so-widget-sow-editor-base\"\n\t\t\t\n\t\t>\n<div class=\"siteorigin-widget-tinymce textwidget\">\n\t<p><span style=\"font-weight: 400; font-size: 14pt;\">Los certificados est\u00e1n dise\u00f1ados para ser utilizados por grupos de estudio. Tal vez ya tienes un grupo de amigas y amigos, o eres parte de un grupo de discipulado. O tal vez quieras iniciar un nuevo grupo de estudio. \u00a1Haz click arriba para encontrar el certificado que mejor responda a los intereses de tu grupo!<\/span><\/p>\n<\/div>\n<\/div><\/div><div id=\"panel-6165-1-0-5\" class=\"so-panel widget widget_sow-layout-slider panel-last-child\" data-index=\"7\" ><div\n\t\t\t\n\t\t\tclass=\"so-widget-sow-layout-slider so-widget-sow-layout-slider-default-41e911b427f6-6165\"\n\t\t\t\n\t\t>\t\t\t\t<div class=\"sow-slider-base\" style=\"display: none\" tabindex=\"0\">\n\t\t\t\t\t<ul\n\t\t\t\t\tclass=\"sow-slider-images\"\n\t\t\t\t\tdata-settings=\"{&quot;pagination&quot;:true,&quot;speed&quot;:800,&quot;timeout&quot;:4000,&quot;paused&quot;:false,&quot;pause_on_hover&quot;:false,&quot;swipe&quot;:true,&quot;nav_always_show_desktop&quot;:&quot;&quot;,&quot;nav_always_show_mobile&quot;:&quot;&quot;,&quot;breakpoint&quot;:&quot;780px&quot;,&quot;unmute&quot;:false,&quot;anchor&quot;:null}\"\n\t\t\t\t\tstyle=\"min-height: 400px\"\t\t\t\t\tdata-anchor-id=\"\"\n\t\t\t\t>\t\t<li class=\"sow-slider-image  sow-slider-image-cover\" style=\"visibility: visible;;background-color: #ffffff\" >\n\t\t\t\t\t<div class=\"sow-slider-image-container\">\n\t\t\t<div class=\"sow-slider-image-wrapper\">\n\t\t\t\t<div id=\"pl-weaf50480\"  class=\"panel-layout\" ><div id=\"pg-weaf50480-0\"  class=\"panel-grid panel-no-style\" ><div id=\"pgc-weaf50480-0-0\"  class=\"panel-grid-cell\" ><div id=\"panel-weaf50480-0-0-0\" class=\"so-panel widget widget_sow-editor panel-first-child panel-last-child\" data-index=\"0\" ><div class=\"panel-widget-style panel-widget-style-for-weaf50480-0-0-0\" ><div\n\t\t\t\n\t\t\tclass=\"so-widget-sow-editor so-widget-sow-editor-base\"\n\t\t\t\n\t\t>\n<div class=\"siteorigin-widget-tinymce textwidget\">\n\t<h1 style=\"text-align: center;\"><strong><span style=\"color: #ffffff;\">De Brasil...<\/span><\/strong><\/h1>\n<\/div>\n<\/div><\/div><\/div><\/div><\/div><\/div>\t\t\t<\/div>\n\t\t<\/div>\n\t\t<div class=\"sow-slider-image-overlay sow-slider-image-cover\" style=\"opacity: 0.8;background-image: url(https:\/\/www.ceticontinental.org\/portal\/wp-content\/uploads\/2024\/08\/Certificate-Brazil-Bauru.jpeg)\"  ><\/div>\t\t<\/li>\n\t\t\t\t<li class=\"sow-slider-image  sow-slider-image-cover\" style=\"visibility: hidden;;background-color: #ffffff\" >\n\t\t\t\t\t<div class=\"sow-slider-image-container\">\n\t\t\t<div class=\"sow-slider-image-wrapper\">\n\t\t\t\t<div id=\"pl-w8b871e28\"  class=\"panel-layout\" ><div id=\"pg-w8b871e28-0\"  class=\"panel-grid panel-no-style\" ><div id=\"pgc-w8b871e28-0-0\"  class=\"panel-grid-cell\" ><div id=\"panel-w8b871e28-0-0-0\" class=\"so-panel widget widget_sow-editor panel-first-child panel-last-child\" data-index=\"0\" ><div class=\"panel-widget-style panel-widget-style-for-w8b871e28-0-0-0\" ><div\n\t\t\t\n\t\t\tclass=\"so-widget-sow-editor so-widget-sow-editor-base\"\n\t\t\t\n\t\t>\n<div class=\"siteorigin-widget-tinymce textwidget\">\n\t<h1 style=\"text-align: center;\"><span style=\"color: #ffffff;\"><strong>...a El Salvador<\/strong><\/span><\/h1>\n<\/div>\n<\/div><\/div><\/div><\/div><\/div><\/div>\t\t\t<\/div>\n\t\t<\/div>\n\t\t<div class=\"sow-slider-image-overlay sow-slider-image-cover\" style=\"opacity: 0.8\" data-background=\"url(https:\/\/www.ceticontinental.org\/portal\/wp-content\/uploads\/2022\/12\/Picture1-1.png)\"  ><\/div>\t\t<\/li>\n\t\t\t\t<li class=\"sow-slider-image  sow-slider-image-cover\" style=\"visibility: hidden;;background-color: #ffffff\" >\n\t\t\t\t\t<div class=\"sow-slider-image-container\">\n\t\t\t<div class=\"sow-slider-image-wrapper\">\n\t\t\t\t<div id=\"pl-wb64082af\"  class=\"panel-layout\" ><div id=\"pg-wb64082af-0\"  class=\"panel-grid panel-no-style\" ><div id=\"pgc-wb64082af-0-0\"  class=\"panel-grid-cell\" ><div id=\"panel-wb64082af-0-0-0\" class=\"so-panel widget widget_sow-editor panel-first-child panel-last-child\" data-index=\"0\" ><div class=\"panel-widget-style panel-widget-style-for-wb64082af-0-0-0\" ><div\n\t\t\t\n\t\t\tclass=\"so-widget-sow-editor so-widget-sow-editor-base\"\n\t\t\t\n\t\t>\n<div class=\"siteorigin-widget-tinymce textwidget\">\n\t<h1 style=\"text-align: center;\"><span style=\"color: #ffffff;\"><strong>Bolivia<\/strong><\/span><\/h1>\n<\/div>\n<\/div><\/div><\/div><\/div><\/div><\/div>\t\t\t<\/div>\n\t\t<\/div>\n\t\t<div class=\"sow-slider-image-overlay sow-slider-image-cover\" style=\"opacity: 0.8\" data-background=\"url(https:\/\/www.ceticontinental.org\/portal\/wp-content\/uploads\/2024\/08\/PHOTO-2024-08-02-14-33-19.jpg)\"  ><\/div>\t\t<\/li>\n\t\t\t\t<li class=\"sow-slider-image  sow-slider-image-cover\" style=\"visibility: hidden;;background-color: #ffffff\" >\n\t\t\t\t\t<div class=\"sow-slider-image-container\">\n\t\t\t<div class=\"sow-slider-image-wrapper\">\n\t\t\t\t<div id=\"pl-w1a211c09\"  class=\"panel-layout\" ><div id=\"pg-w1a211c09-0\"  class=\"panel-grid panel-no-style\" ><div id=\"pgc-w1a211c09-0-0\"  class=\"panel-grid-cell\" ><div id=\"panel-w1a211c09-0-0-0\" class=\"so-panel widget widget_sow-editor panel-first-child panel-last-child\" data-index=\"0\" ><div class=\"panel-widget-style panel-widget-style-for-w1a211c09-0-0-0\" ><div\n\t\t\t\n\t\t\tclass=\"so-widget-sow-editor so-widget-sow-editor-base\"\n\t\t\t\n\t\t>\n<div class=\"siteorigin-widget-tinymce textwidget\">\n\t<h1 style=\"text-align: center;\"><span style=\"color: #ffffff;\"><strong>y Ecuador<\/strong><\/span><\/h1>\n<\/div>\n<\/div><\/div><\/div><\/div><\/div><\/div>\t\t\t<\/div>\n\t\t<\/div>\n\t\t<div class=\"sow-slider-image-overlay sow-slider-image-cover\" style=\"opacity: 0.8\" data-background=\"url(https:\/\/www.ceticontinental.org\/portal\/wp-content\/uploads\/2024\/08\/IMG_3196-scaled.jpg)\"  ><\/div>\t\t<\/li>\n\t\t\t\t<li class=\"sow-slider-image\" style=\"visibility: hidden;;background-color: #ffffff\" >\n\t\t\t\t\t<div class=\"sow-slider-image-container\">\n\t\t\t<div class=\"sow-slider-image-wrapper\">\n\t\t\t\t<div id=\"pl-w9dc8b330\"  class=\"panel-layout\" ><div id=\"pg-w9dc8b330-0\"  class=\"panel-grid panel-no-style\" ><div id=\"pgc-w9dc8b330-0-0\"  class=\"panel-grid-cell\" ><div id=\"panel-w9dc8b330-0-0-0\" class=\"so-panel widget widget_sow-editor panel-first-child panel-last-child\" data-index=\"0\" ><div class=\"panel-widget-style panel-widget-style-for-w9dc8b330-0-0-0\" ><div\n\t\t\t\n\t\t\tclass=\"so-widget-sow-editor so-widget-sow-editor-base\"\n\t\t\t\n\t\t>\n<div class=\"siteorigin-widget-tinymce textwidget\">\n\t<h1 style=\"text-align: center;\"><span style=\"color: #5c9359;\"><strong>\u00a1Re\u00fane tu grupo ya!<\/strong><\/span><\/h1>\n<\/div>\n<\/div><\/div><\/div><\/div><\/div><\/div>\t\t\t<\/div>\n\t\t<\/div>\n\t\t\t\t<\/li>\n\t\t<\/ul>\t\t\t\t<ol class=\"sow-slider-pagination\">\n\t\t\t\t\t\t\t\t\t\t\t<li><a href=\"#\" data-goto=\"0\" aria-label=\"Display slide 1\"><\/a><\/li>\n\t\t\t\t\t\t\t\t\t\t\t<li><a href=\"#\" data-goto=\"1\" aria-label=\"Display slide 2\"><\/a><\/li>\n\t\t\t\t\t\t\t\t\t\t\t<li><a href=\"#\" data-goto=\"2\" aria-label=\"Display slide 3\"><\/a><\/li>\n\t\t\t\t\t\t\t\t\t\t\t<li><a href=\"#\" data-goto=\"3\" aria-label=\"Display slide 4\"><\/a><\/li>\n\t\t\t\t\t\t\t\t\t\t\t<li><a href=\"#\" data-goto=\"4\" aria-label=\"Display slide 5\"><\/a><\/li>\n\t\t\t\t\t\t\t\t\t<\/ol>\n\n\t\t\t\t<div class=\"sow-slide-nav sow-slide-nav-next\">\n\t\t\t\t\t<a href=\"#\" data-goto=\"next\" aria-label=\"Next slide\" data-action=\"next\">\n\t\t\t\t\t\t<em class=\"sow-sld-icon-thin-rounded-right\"><\/em>\n\t\t\t\t\t<\/a>\n\t\t\t\t<\/div>\n\n\t\t\t\t<div class=\"sow-slide-nav sow-slide-nav-prev\">\n\t\t\t\t\t<a href=\"#\" data-goto=\"previous\" aria-label=\"Previous slide\" data-action=\"prev\">\n\t\t\t\t\t\t<em class=\"sow-sld-icon-thin-rounded-left\"><\/em>\n\t\t\t\t\t<\/a>\n\t\t\t\t<\/div>\n\t\t\t\t<\/div><\/div><\/div><\/div><\/div><div id=\"pg-6165-2\"  class=\"panel-grid panel-has-style\" ><div class=\"panel-row-style panel-row-style-for-6165-2\" ><div id=\"pgc-6165-2-0\"  class=\"panel-grid-cell panel-grid-cell-empty\" ><\/div><\/div><\/div><\/div>","protected":false},"excerpt":{"rendered":"<p>Certificados \u00bfTiene la fe cristiana algo que ver&#8230;? CETI ofrece varios procesos de formaci\u00f3n integral para c\u00edrculos de estudio presenciales y virtuales que encaran preguntas como estas y capacita a las y los participantes a seguir a Jes\u00fas de lunes <span class=\"readmore\"><a class=\"more-link\" href=\"https:\/\/www.ceticontinental.org\/portal\/certificados\/\">Leer m\u00e1s&#8230;<\/a><\/span><\/p>\n","protected":false},"author":1,"featured_media":0,"parent":0,"menu_order":0,"comment_status":"closed","ping_status":"closed","template":"","meta":{"footnotes":""},"class_list":["post-6165","page","type-page","status-publish","hentry"],"_links":{"self":[{"href":"https:\/\/www.ceticontinental.org\/portal\/wp-json\/wp\/v2\/pages\/6165"}],"collection":[{"href":"https:\/\/www.ceticontinental.org\/portal\/wp-json\/wp\/v2\/pages"}],"about":[{"href":"https:\/\/www.ceticontinental.org\/portal\/wp-json\/wp\/v2\/types\/page"}],"author":[{"embeddable":true,"href":"https:\/\/www.ceticontinental.org\/portal\/wp-json\/wp\/v2\/users\/1"}],"replies":[{"embeddable":true,"href":"https:\/\/www.ceticontinental.org\/portal\/wp-json\/wp\/v2\/comments?post=6165"}],"version-history":[{"count":19,"href":"https:\/\/www.ceticontinental.org\/portal\/wp-json\/wp\/v2\/pages\/6165\/revisions"}],"predecessor-version":[{"id":6513,"href":"https:\/\/www.ceticontinental.org\/portal\/wp-json\/wp\/v2\/pages\/6165\/revisions\/6513"}],"wp:attachment":[{"href":"https:\/\/www.ceticontinental.org\/portal\/wp-json\/wp\/v2\/media?parent=6165"}],"curies":[{"name":"wp","href":"https:\/\/api.w.org\/{rel}","templated":true}]}}