{"id":6242,"date":"2023-03-28T13:21:07","date_gmt":"2023-03-28T16:21:07","guid":{"rendered":"https:\/\/www.ceticontinental.org\/portal\/?page_id=6242"},"modified":"2024-08-16T17:26:52","modified_gmt":"2024-08-16T20:26:52","slug":"contracorriente","status":"publish","type":"page","link":"https:\/\/www.ceticontinental.org\/portal\/contracorriente\/","title":{"rendered":"Contracorriente"},"content":{"rendered":"<div id=\"pl-6242\"  class=\"panel-layout\" ><div id=\"pg-6242-0\"  class=\"panel-grid panel-has-style\" ><div class=\"so-parallax siteorigin-panels-stretch panel-row-style panel-row-style-for-6242-0\" data-stretch-type=\"full\" ><img fetchpriority=\"high\" decoding=\"async\" width=\"2560\" height=\"1807\" src=\"https:\/\/www.ceticontinental.org\/portal\/wp-content\/uploads\/2021\/08\/CONTRAC-publicacio\u0301n-portugue\u0301s-1H-scaled.jpg\" class=\"attachment-full size-full\" alt=\"\" data-siteorigin-parallax=\"true\" loading=\"eager\" srcset=\"https:\/\/www.ceticontinental.org\/portal\/wp-content\/uploads\/2021\/08\/CONTRAC-publicacio\u0301n-portugue\u0301s-1H-scaled.jpg 2560w, https:\/\/www.ceticontinental.org\/portal\/wp-content\/uploads\/2021\/08\/CONTRAC-publicacio\u0301n-portugue\u0301s-1H-300x212.jpg 300w, https:\/\/www.ceticontinental.org\/portal\/wp-content\/uploads\/2021\/08\/CONTRAC-publicacio\u0301n-portugue\u0301s-1H-1024x723.jpg 1024w, https:\/\/www.ceticontinental.org\/portal\/wp-content\/uploads\/2021\/08\/CONTRAC-publicacio\u0301n-portugue\u0301s-1H-768x542.jpg 768w, https:\/\/www.ceticontinental.org\/portal\/wp-content\/uploads\/2021\/08\/CONTRAC-publicacio\u0301n-portugue\u0301s-1H-1536x1084.jpg 1536w, https:\/\/www.ceticontinental.org\/portal\/wp-content\/uploads\/2021\/08\/CONTRAC-publicacio\u0301n-portugue\u0301s-1H-2048x1446.jpg 2048w\" sizes=\"(max-width: 2560px) 100vw, 2560px\" \/><div id=\"pgc-6242-0-0\"  class=\"panel-grid-cell\" ><div id=\"panel-6242-0-0-0\" class=\"widget_text so-panel widget widget_custom_html panel-first-child\" data-index=\"0\" ><div class=\"textwidget custom-html-widget\"><\/div><\/div><div id=\"panel-6242-0-0-1\" class=\"so-panel widget widget_sow-editor panel-last-child\" data-index=\"1\" ><div class=\"panel-widget-style panel-widget-style-for-6242-0-0-1\" ><div\n\t\t\t\n\t\t\tclass=\"so-widget-sow-editor so-widget-sow-editor-base\"\n\t\t\t\n\t\t>\n<div class=\"siteorigin-widget-tinymce textwidget\">\n\t<h1><span style=\"color: #ffffff;\"><strong style=\"font-size: 50px !important; font-family: 'via_sans_boldbold';\">Contracorriente<\/strong><\/span><\/h1>\n<\/div>\n<\/div><\/div><\/div><\/div><\/div><\/div><div id=\"pg-6242-1\"  class=\"panel-grid panel-has-style\" ><div class=\"panel-row-style panel-row-style-for-6242-1\" ><div id=\"pgc-6242-1-0\"  class=\"panel-grid-cell panel-grid-cell-empty\" ><\/div><\/div><\/div><div id=\"pg-6242-2\"  class=\"panel-grid panel-no-style\" ><div id=\"pgc-6242-2-0\"  class=\"panel-grid-cell\" ><div id=\"panel-6242-2-0-0\" class=\"so-panel widget widget_sow-editor panel-first-child panel-last-child\" data-index=\"2\" ><div class=\"panel-widget-style panel-widget-style-for-6242-2-0-0\" ><div\n\t\t\t\n\t\t\tclass=\"so-widget-sow-editor so-widget-sow-editor-base\"\n\t\t\t\n\t\t>\n<div class=\"siteorigin-widget-tinymce textwidget\">\n\t<h1><\/h1>\n<h1 style=\"text-align: left;\"><span style=\"color: #ffd249;\"><b>\u00bfQu\u00e9 es Contracorriente?<\/b><\/span><\/h1>\n<p>&nbsp;<\/p>\n<p><span style=\"font-size: 14pt; font-family: via-sans;\"><i><span style=\"font-weight: 400;\">Contracorriente, tras las huellas del maestro <\/span><\/i><span style=\"font-weight: 400;\">es un proceso de discipulado y formaci\u00f3n teol\u00f3gica desde y para la vida. El Certificado es un programa de reflexi\u00f3n-acci\u00f3n comunitaria centrado en Jes\u00fas como maestro, amigo y siervo, su ense\u00f1anza y su \u00e9tica. Quienes se embarcan en este camino ver\u00e1n que ir tras las huellas del maestro necesariamente demanda ir contra la corriente de un mundo consumista, ego\u00edsta y explotador. \u201cNo se amolden al mundo actual, sino que sean transformados y transformadas mediante la renovaci\u00f3n de su mente. As\u00ed podr\u00e1n comprobar cu\u00e1l es la voluntad de Dios, buena, agradable y perfecta\u201d (Romanos 12.2).\u00a0\u00a0<\/span><\/span><\/p>\n<\/div>\n<\/div><\/div><\/div><\/div><\/div><div id=\"pg-6242-3\"  class=\"panel-grid panel-has-style\" ><div class=\"siteorigin-panels-stretch panel-row-style panel-row-style-for-6242-3\" data-stretch-type=\"full\" ><div id=\"pgc-6242-3-0\"  class=\"panel-grid-cell panel-grid-cell-empty\" ><\/div><div id=\"pgc-6242-3-1\"  class=\"panel-grid-cell panel-grid-cell-mobile-last\" ><div id=\"panel-6242-3-1-0\" class=\"so-panel widget widget_sow-editor panel-first-child panel-last-child\" data-index=\"3\" ><div class=\"panel-widget-style panel-widget-style-for-6242-3-1-0\" ><div\n\t\t\t\n\t\t\tclass=\"so-widget-sow-editor so-widget-sow-editor-base\"\n\t\t\t\n\t\t>\n<div class=\"siteorigin-widget-tinymce textwidget\">\n\t<h1><b>\u00bfEn qu\u00e9 consiste Contracorriente?<\/b><\/h1>\n<p><span style=\"font-weight: 400; font-size: 12pt; font-family: via-sans;\">El certificado de Contracorriente consiste en tres m\u00f3dulos, cada uno de 8 encuentros.\u00a0<\/span><\/p>\n<h3 style=\"padding-left: 40px;\"><b>M\u00f3dulo 1: Con Jes\u00fas en el Camino<\/b><\/h3>\n<p style=\"padding-left: 40px;\"><span style=\"font-weight: 400; font-size: 12pt; font-family: via-sans;\">Contracorriente \u2013 Con Jes\u00fas en el Camino nos invita a (re)encontrarnos con Jes\u00fas en el camino de la vida para fortalecer nuestra b\u00fasqueda comunitaria del Reino de Dios y su justicia. Durante ocho semanas buscamos conocer a Jes\u00fas m\u00e1s claramente, amarle m\u00e1s profundamente y seguirle m\u00e1s cercanamente. Cada reuni\u00f3n grupal aborda el encuentro con Jes\u00fas desde una de tres dimensiones de su persona: Maestro, Siervo y Amigo.<\/span><\/p>\n<h3 style=\"padding-left: 40px;\"><b>M\u00f3dulo 2: Las bienaventuranzas en la iglesia, el trabajo, la sociedad y la familia<\/b><\/h3>\n<p style=\"padding-left: 40px;\"><span style=\"font-weight: 400; font-size: 12pt; font-family: via-sans;\">En este m\u00f3dulo de Contracorriente seguimos conociendo a Jes\u00fas, esta vez mediante su ense\u00f1anza y, m\u00e1s espec\u00edficamente, en esta porci\u00f3n del famoso \u201cSerm\u00f3n de la Monta\u00f1a\u201d conocida como \u201cLas Bienaventuranzas\u201d. En el transcurso de 8 encuentros comunitarios, nos internamos en esta ense\u00f1anza, explorando c\u00f3mo vivir a la luz de ellas en nuestras familias, en el trabajo, en la iglesia y en la sociedad en general.<\/span><\/p>\n<h3 style=\"padding-left: 40px;\"><b>M\u00f3dulo 3: Vivir la \u00e9tica de Jes\u00fas<\/b><\/h3>\n<p style=\"padding-left: 40px;\"><span style=\"font-weight: 400; font-size: 12pt; font-family: via-sans;\">\u201cContracorriente \u2013 Vivir la \u00e9tica de Jes\u00fas\u201d nos incentiva a confrontar los valores predominantes en nuestra sociedad con los que encarna y ense\u00f1a Jes\u00fas. Nuestro medio socio-cultural constantemente nos presenta opciones \u00e9ticas que afectan todos los niveles de la vida \u2013nuestra manera de vivir en familia, en el trabajo, en la iglesia, en la sociedad en general. Cada cultura tiene valores hermosos y otros que conspiran contra la vida. Cuando nuestro medio nos insta a buscar solamente nuestro bien individual a costa del bien de otras personas, a concentrarnos en acumular en lugar de compartir, a cerrarnos en nuestra manera de ver las cosas al punto de crear barreras insuperables, seguir a Jes\u00fas demanda ir contra la corriente dominante.\u00a0<\/span><\/p>\n<\/div>\n<\/div><\/div><\/div><\/div><div id=\"pgc-6242-3-2\"  class=\"panel-grid-cell panel-grid-cell-empty\" ><\/div><\/div><\/div><div id=\"pg-6242-4\"  class=\"panel-grid panel-no-style\" ><div id=\"pgc-6242-4-0\"  class=\"panel-grid-cell\" ><div id=\"panel-6242-4-0-0\" class=\"so-panel widget widget_sow-editor panel-first-child panel-last-child\" data-index=\"4\" ><div\n\t\t\t\n\t\t\tclass=\"so-widget-sow-editor so-widget-sow-editor-base\"\n\t\t\t\n\t\t>\n<div class=\"siteorigin-widget-tinymce textwidget\">\n\t<h1><\/h1>\n<h1><span style=\"color: #ffd249;\"><b>\u00bfPara qui\u00e9nes es Contracorriente?<\/b><\/span><\/h1>\n<p>&nbsp;<\/p>\n<p><span style=\"font-weight: 400; font-size: 14pt; font-family: via-sans;\">El Certificado Contracorriente est\u00e1 dise\u00f1ado para grupos peque\u00f1os, equipos de liderazgo o comunidades de trabajo que buscan integrar la fe con las problem\u00e1ticas de la vida cotidiana. Incorpora innovadoramente distintas modalidades de aprendizaje como el debate en grupo, la construcci\u00f3n de h\u00e1bitos, la lectura de autores reconocidos por su liderazgo de servicio y foros abiertos.<\/span><\/p>\n<p>&nbsp;<\/p>\n<h1><span style=\"color: #ffd249;\"><b>\u00bfC\u00f3mo aprendemos?<\/b><\/span><\/h1>\n<p>&nbsp;<\/p>\n<p><span style=\"font-weight: 400; font-size: 14pt; font-family: via-sans;\">En Contracorriente, cada participante tiene\u00a0algo que compartir en una din\u00e1mica de confianza y libertad. Sin su contribuci\u00f3n, la habilidad\u00a0del grupo para comprender y responder a una situaci\u00f3n o al llamado de Dios se empobrece. Esta din\u00e1mica de aprendizaje\u00a0requiere de un\/a facilitador\/a que anime la participaci\u00f3n de cada participante siguiendo la gu\u00eda de estudio.\u00a0<\/span><\/p>\n<p>&nbsp;<\/p>\n<\/div>\n<\/div><\/div><\/div><\/div><div id=\"pg-6242-5\"  class=\"panel-grid panel-has-style\" ><div class=\"so-parallax siteorigin-panels-stretch panel-row-style panel-row-style-for-6242-5\" data-stretch-type=\"full-width-stretch\" ><img decoding=\"async\" width=\"1280\" height=\"853\" src=\"https:\/\/www.ceticontinental.org\/portal\/wp-content\/uploads\/2018\/02\/IMG_0580.jpg\" class=\"attachment-full size-full\" alt=\"\" data-siteorigin-parallax=\"true\" loading=\"eager\" srcset=\"https:\/\/www.ceticontinental.org\/portal\/wp-content\/uploads\/2018\/02\/IMG_0580.jpg 1280w, https:\/\/www.ceticontinental.org\/portal\/wp-content\/uploads\/2018\/02\/IMG_0580-300x200.jpg 300w, https:\/\/www.ceticontinental.org\/portal\/wp-content\/uploads\/2018\/02\/IMG_0580-768x512.jpg 768w, https:\/\/www.ceticontinental.org\/portal\/wp-content\/uploads\/2018\/02\/IMG_0580-1024x682.jpg 1024w, https:\/\/www.ceticontinental.org\/portal\/wp-content\/uploads\/2018\/02\/IMG_0580-480x320.jpg 480w\" sizes=\"(max-width: 1280px) 100vw, 1280px\" \/><div id=\"pgc-6242-5-0\"  class=\"panel-grid-cell panel-grid-cell-empty\" ><\/div><div id=\"pgc-6242-5-1\"  class=\"panel-grid-cell panel-grid-cell-mobile-last\" ><div id=\"panel-6242-5-1-0\" class=\"widget_text so-panel widget widget_custom_html panel-first-child\" data-index=\"5\" ><div class=\"textwidget custom-html-widget\"><\/div><\/div><div id=\"panel-6242-5-1-1\" class=\"so-panel widget widget_sow-editor panel-last-child\" data-index=\"6\" ><div class=\"panel-widget-style panel-widget-style-for-6242-5-1-1\" ><div\n\t\t\t\n\t\t\tclass=\"so-widget-sow-editor so-widget-sow-editor-base\"\n\t\t\t\n\t\t>\n<div class=\"siteorigin-widget-tinymce textwidget\">\n\t<h3>Testimonios<\/h3>\n<blockquote>\n<p class=\"p1\"><span style=\"font-family: via-sans-light-itali;\"><i>Pienso que espacios como estos nos <\/i><i>permiten generar conciencia y cambio en que la reflexi\u00f3n debe llevarnos a un accionar en <\/i><i>comunidad.<\/i><\/span><\/p>\n<\/blockquote>\n<p>&nbsp;<\/p>\n<blockquote>\n<p><span style=\"font-family: via-sans-light-itali;\">Muchas gracias por ser parte de este tiempo de capacitaciones e instruir en la Palabra de Dios y a la vez llevar lo aprendido a la pr\u00e1ctica.<\/span><\/p>\n<\/blockquote>\n<\/div>\n<\/div><\/div><\/div><\/div><div id=\"pgc-6242-5-2\"  class=\"panel-grid-cell panel-grid-cell-empty\" ><\/div><\/div><\/div><div id=\"pg-6242-6\"  class=\"panel-grid panel-no-style\" ><div id=\"pgc-6242-6-0\"  class=\"panel-grid-cell\" ><div id=\"panel-6242-6-0-0\" class=\"so-panel widget widget_sow-editor panel-first-child\" data-index=\"7\" ><div\n\t\t\t\n\t\t\tclass=\"so-widget-sow-editor so-widget-sow-editor-base\"\n\t\t\t\n\t\t>\n<div class=\"siteorigin-widget-tinymce textwidget\">\n\t<h1 style=\"text-align: center;\"><\/h1>\n<h1 style=\"text-align: center;\"><span style=\"color: #ffd249;\"><b>Me interesa Contracorriente, \u00bfCu\u00e1l es el siguiente paso?<\/b><\/span><\/h1>\n<p>&nbsp;<\/p>\n<p style=\"text-align: center;\"><span style=\"font-weight: 400; font-size: 14pt; font-family: via-sans;\">Ponte en contacto con el equipo de CETI para recibir m\u00e1s informaci\u00f3n sobre este certificado. Nuestro equipo estar\u00e1 feliz de apoyarte en la apertura de un grupo.<\/span><\/p>\n<p style=\"text-align: center;\">\n<\/div>\n<\/div><\/div><div id=\"panel-6242-6-0-1\" class=\"so-panel widget widget_sow-button panel-last-child\" data-index=\"8\" ><div\n\t\t\t\n\t\t\tclass=\"so-widget-sow-button so-widget-sow-button-flat-9e394f9ab8a2-6242\"\n\t\t\t\n\t\t><div class=\"ow-button-base ow-button-align-center\"\n>\n\t\t\t<a\n\t\t\t\t\thref=\"mailto:info@ceticontinental.org?subject=Inter%C3%A9s%20Contracorriente&#038;body=Hola%2C%0D%0A%0D%0AMe%20interesar%C3%ADa%20tener%20m%C3%A1s%20informaci%C3%B3n%20sobre%20el%20certificado%20de%20Contracorriente.\"\n\t\t\t\t\tclass=\"sowb-button ow-icon-placement-left ow-button-hover\" target=\"_blank\" rel=\"noopener noreferrer\" \t>\n\t\t<span>\n\t\t\t\n\t\t\tMe interesa\t\t<\/span>\n\t\t\t<\/a>\n\t<\/div>\n<\/div><\/div><\/div><\/div><div id=\"pg-6242-7\"  class=\"panel-grid panel-no-style\" ><div id=\"pgc-6242-7-0\"  class=\"panel-grid-cell\" ><div id=\"panel-6242-7-0-0\" class=\"widget_text so-panel widget widget_custom_html panel-first-child panel-last-child\" data-index=\"9\" ><div class=\"textwidget custom-html-widget\"><\/div><\/div><\/div><\/div><\/div>","protected":false},"excerpt":{"rendered":"<p>Contracorriente<\/p>\n","protected":false},"author":2,"featured_media":0,"parent":0,"menu_order":0,"comment_status":"closed","ping_status":"closed","template":"","meta":{"footnotes":""},"class_list":["post-6242","page","type-page","status-publish","hentry"],"_links":{"self":[{"href":"https:\/\/www.ceticontinental.org\/portal\/wp-json\/wp\/v2\/pages\/6242"}],"collection":[{"href":"https:\/\/www.ceticontinental.org\/portal\/wp-json\/wp\/v2\/pages"}],"about":[{"href":"https:\/\/www.ceticontinental.org\/portal\/wp-json\/wp\/v2\/types\/page"}],"author":[{"embeddable":true,"href":"https:\/\/www.ceticontinental.org\/portal\/wp-json\/wp\/v2\/users\/2"}],"replies":[{"embeddable":true,"href":"https:\/\/www.ceticontinental.org\/portal\/wp-json\/wp\/v2\/comments?post=6242"}],"version-history":[{"count":45,"href":"https:\/\/www.ceticontinental.org\/portal\/wp-json\/wp\/v2\/pages\/6242\/revisions"}],"predecessor-version":[{"id":6515,"href":"https:\/\/www.ceticontinental.org\/portal\/wp-json\/wp\/v2\/pages\/6242\/revisions\/6515"}],"wp:attachment":[{"href":"https:\/\/www.ceticontinental.org\/portal\/wp-json\/wp\/v2\/media?parent=6242"}],"curies":[{"name":"wp","href":"https:\/\/api.w.org\/{rel}","templated":true}]}}