{"id":6559,"date":"2025-09-24T20:41:54","date_gmt":"2025-09-24T23:41:54","guid":{"rendered":"https:\/\/www.ceticontinental.org\/portal\/?page_id=6559"},"modified":"2025-10-17T15:40:51","modified_gmt":"2025-10-17T18:40:51","slug":"team-board","status":"publish","type":"page","link":"https:\/\/www.ceticontinental.org\/portal\/team-board\/","title":{"rendered":"CETI Team and Board"},"content":{"rendered":"<div id=\"pl-6559\"  class=\"panel-layout\" ><div id=\"pg-6559-0\"  class=\"panel-grid panel-has-style\" ><div class=\"siteorigin-panels-stretch panel-row-style panel-row-style-for-6559-0\" data-stretch-type=\"full\" ><div id=\"pgc-6559-0-0\"  class=\"panel-grid-cell\" ><div id=\"panel-6559-0-0-0\" class=\"widget_text so-panel widget widget_custom_html panel-first-child\" data-index=\"0\" ><div class=\"widget_text panel-widget-style panel-widget-style-for-6559-0-0-0\" ><div class=\"textwidget custom-html-widget\"><\/div><\/div><\/div><div id=\"panel-6559-0-0-1\" class=\"widget_text so-panel widget widget_custom_html panel-last-child\" data-index=\"1\" ><div class=\"widget_text panel-widget-style panel-widget-style-for-6559-0-0-1\" ><div class=\"textwidget custom-html-widget\"><h1><strong style=\"font-size: 32px !important; font-family: 'via_sans_boldbold';\">Both the CETI Continental Team and its Board of Directors are composed of individuals from diverse Latin American countries, educational backgrounds, and professional fields.<\/strong><\/h1><\/div><\/div><\/div><\/div><\/div><\/div><div id=\"pg-6559-1\"  class=\"panel-grid panel-no-style\" ><div id=\"pgc-6559-1-0\"  class=\"panel-grid-cell\" ><div id=\"panel-6559-1-0-0\" class=\"so-panel widget widget_sow-image panel-first-child\" data-index=\"2\" ><div\n\t\t\t\n\t\t\tclass=\"so-widget-sow-image so-widget-sow-image-default-c4f6304fc136-6559\"\n\t\t\t\n\t\t>\n<div class=\"sow-image-container\">\n\t\t<img \n\tsrc=\"https:\/\/www.ceticontinental.org\/portal\/wp-content\/uploads\/2023\/11\/DSCF6666-scaled.jpg\" width=\"2560\" height=\"1440\" srcset=\"https:\/\/www.ceticontinental.org\/portal\/wp-content\/uploads\/2023\/11\/DSCF6666-scaled.jpg 2560w, https:\/\/www.ceticontinental.org\/portal\/wp-content\/uploads\/2023\/11\/DSCF6666-300x169.jpg 300w, https:\/\/www.ceticontinental.org\/portal\/wp-content\/uploads\/2023\/11\/DSCF6666-1024x576.jpg 1024w, https:\/\/www.ceticontinental.org\/portal\/wp-content\/uploads\/2023\/11\/DSCF6666-768x432.jpg 768w, https:\/\/www.ceticontinental.org\/portal\/wp-content\/uploads\/2023\/11\/DSCF6666-1536x864.jpg 1536w, https:\/\/www.ceticontinental.org\/portal\/wp-content\/uploads\/2023\/11\/DSCF6666-2048x1152.jpg 2048w, https:\/\/www.ceticontinental.org\/portal\/wp-content\/uploads\/2023\/11\/DSCF6666-1920x1080.jpg 1920w, https:\/\/www.ceticontinental.org\/portal\/wp-content\/uploads\/2023\/11\/DSCF6666-860x484.jpg 860w\" sizes=\"(max-width: 2560px) 100vw, 2560px\" title=\"DSCF6666\" alt=\"\" \t\tclass=\"so-widget-image\"\/>\n\t<\/div>\n\n<\/div><\/div><div id=\"panel-6559-1-0-1\" class=\"so-panel widget widget_sow-editor panel-last-child\" data-index=\"3\" ><div\n\t\t\t\n\t\t\tclass=\"so-widget-sow-editor so-widget-sow-editor-base\"\n\t\t\t\n\t\t>\n<div class=\"siteorigin-widget-tinymce textwidget\">\n\t<h2>The CETI Continental team is composed of:<\/h2>\n<h5><\/h5>\n<h5><span style=\"font-family: via-sans-black;\"><strong><img loading=\"lazy\" decoding=\"async\" class=\"alignleft size-thumbnail wp-image-6395\" src=\"https:\/\/www.ceticontinental.org\/portal\/wp-content\/uploads\/2023\/11\/22A6739-150x150.jpg\" alt=\"\" width=\"150\" height=\"150\" srcset=\"https:\/\/www.ceticontinental.org\/portal\/wp-content\/uploads\/2023\/11\/22A6739-150x150.jpg 150w, https:\/\/www.ceticontinental.org\/portal\/wp-content\/uploads\/2023\/11\/22A6739.jpg 300w\" sizes=\"(max-width: 150px) 100vw, 150px\" \/>C\u00e9sar Marques Lopes<\/strong><\/span><\/h5>\n<p><span style=\"font-family: via-sans;\">Husband, father of two. Brazilian. Since 2000, he has worked in theological education. He earned his bachelor's and master's degrees in Theology at the Faculdade Teol\u00f3gica Sul Americana, where he also taught. He holds a PhD in Education (Trinity Evangelical Divinity School, USA). He is currently a visiting professor for the Doctorate in Theological Education at SETECA (Guatemala),and he coordinates the online Theology program at the Igreja Presbiteriana Independente do Brasil.<\/span><\/p>\n<hr \/>\n<h5><span style=\"font-family: via-sans-black;\"><strong><img loading=\"lazy\" decoding=\"async\" class=\"alignleft size-thumbnail wp-image-6396\" src=\"https:\/\/www.ceticontinental.org\/portal\/wp-content\/uploads\/2023\/11\/DSCF6658-1-150x150.jpg\" alt=\"\" width=\"150\" height=\"150\" srcset=\"https:\/\/www.ceticontinental.org\/portal\/wp-content\/uploads\/2023\/11\/DSCF6658-1-150x150.jpg 150w, https:\/\/www.ceticontinental.org\/portal\/wp-content\/uploads\/2023\/11\/DSCF6658-1.jpg 300w\" sizes=\"(max-width: 150px) 100vw, 150px\" \/>Ruth Padilla DeBorst<\/strong><\/span><\/h5>\n<p><span style=\"font-family: via-sans;\">A wife of one and mother of many, Ruth Padilla DeBorst has been involved in theological formation for integral mission in her native Latin America and beyond for several decades. She is the Richard C. Oudersluys Associate Professor of World Christianity at Western Theological Seminary, and she also serves as coordinator of the International Fellowship for Mission as Transformation. Along with her husband, James, she lives in Costa Rica as a member of Casa Adobe, an intentional Christian Community with deep concern for right living in relation to the whole of creation. Her studies include a Bachelors in Education (Argentina), an MA in Interdisciplinary Studies (Wheaton College), and a PhD in Theology (Boston University).<br \/>\n<\/span><\/p>\n<hr \/>\n<h5><strong><span style=\"font-family: via-sans-black;\"><img loading=\"lazy\" decoding=\"async\" class=\"alignleft size-thumbnail wp-image-6398\" src=\"https:\/\/www.ceticontinental.org\/portal\/wp-content\/uploads\/2023\/11\/DSCF6674-1-150x150.jpg\" alt=\"\" width=\"150\" height=\"150\" srcset=\"https:\/\/www.ceticontinental.org\/portal\/wp-content\/uploads\/2023\/11\/DSCF6674-1-150x150.jpg 150w, https:\/\/www.ceticontinental.org\/portal\/wp-content\/uploads\/2023\/11\/DSCF6674-1.jpg 300w\" sizes=\"(max-width: 150px) 100vw, 150px\" \/>Karen Elisa Montano<\/span><\/strong><\/h5>\n<p><span style=\"font-family: via-sans;\">Salvadoran, eternal learner, and manager of educational communication processes. She holds a Master's degree in Communication and Educational Technologies (ILCE, Mexico) with a specialization in human resources, b-learning projects, and virtual learning environments. She has work experience in public administration and various consulting projects for the public and private sectors in Mexico, El Salvador, and Spain. She has been part of the group of professionals supporting the Christian University Movement (MUC) since 2013, and she serves as a member of the Board of Directors for the Biblical Union of El Salvador since 2018.<\/span><\/p>\n<hr \/>\n<h5><span style=\"font-family: via-sans-black;\"><strong><img loading=\"lazy\" decoding=\"async\" class=\"alignleft size-thumbnail wp-image-6399\" src=\"https:\/\/www.ceticontinental.org\/portal\/wp-content\/uploads\/2023\/11\/DSCF6656-1-150x150.jpg\" alt=\"\" width=\"150\" height=\"150\" srcset=\"https:\/\/www.ceticontinental.org\/portal\/wp-content\/uploads\/2023\/11\/DSCF6656-1-150x150.jpg 150w, https:\/\/www.ceticontinental.org\/portal\/wp-content\/uploads\/2023\/11\/DSCF6656-1.jpg 300w\" sizes=\"(max-width: 150px) 100vw, 150px\" \/>Victoria (Tori) Greaves<\/strong><\/span><\/h5>\n<p><span style=\"font-family: via-sans;\">Californian and naturalized Peruvian, wife, and mother. She and her husband share a passion for the land and environmental rights of indigenous communities. She is the Director of Operations for INFEMIT (International Fellowship for Mission as Transformation) in addition to her work with CETI. She has a Bachelor's in Anthropology from Wheaton College, Illinois, and a master's in <em>Interdisciplinary Theological Studies for Integral Mission<\/em> from CETI and Carey Theological College.<\/span><\/p>\n<hr \/>\n<h5><span class=\"\"><span style=\"font-family: via-sans-black;\"><strong><img loading=\"lazy\" decoding=\"async\" class=\"alignleft size-thumbnail wp-image-6400\" src=\"https:\/\/www.ceticontinental.org\/portal\/wp-content\/uploads\/2023\/11\/DSCF6680-1-150x150.jpg\" alt=\"\" width=\"150\" height=\"150\" srcset=\"https:\/\/www.ceticontinental.org\/portal\/wp-content\/uploads\/2023\/11\/DSCF6680-1-150x150.jpg 150w, https:\/\/www.ceticontinental.org\/portal\/wp-content\/uploads\/2023\/11\/DSCF6680-1.jpg 300w\" sizes=\"(max-width: 150px) 100vw, 150px\" \/>Karen Beatriz Romero<\/strong><\/span><\/span><\/h5>\n<p class=\"\"><span class=\"\"><span style=\"font-family: via-sans;\">An industrial engineer, she was born in El Salvador and lived in Guatemala for twelve years, where her son, Andr\u00e9s, was born. Beatriz has contributed to the life and health of the CETI community since 2018 with her enthusiasm, sense of responsible stewardship of resources, and desire for excellence.\u00a0<\/span><\/span><\/p>\n<p>&nbsp;<\/p>\n<hr \/>\n<p><img loading=\"lazy\" decoding=\"async\" class=\"alignleft wp-image-6036 size-thumbnail\" src=\"https:\/\/www.ceticontinental.org\/portal\/wp-content\/uploads\/2022\/10\/11-cropped-e1666466606237-150x150.jpeg\" alt=\"\" width=\"150\" height=\"150\" \/><\/p>\n<p><span style=\"font-family: via-sans-black; font-size: 14pt;\">Andr\u00e9s L\u00f3pez<\/span><span style=\"font-family: via-sans;\"><br \/>\n<\/span><span style=\"font-family: via-sans;\">Husband of Carla and father of three (Estuardo, Cristian, and Genesis). Born and raised in Guatemala City where he currently lives with his family, he has worked in various aspects of youth ministry in Zone 19 of the capital since he was very young. In partnership with his local church, he developed the community outreach project \"Florecer,\" and supports the project through ongoing fundraising, program design, and implementation. He holds a degree in Ministerial Leadership from Kuyper College in Grand Rapids, Michigan, and a Master's degree in Sociology of Religion from the University of San Pablo in Guatemala. In his free time, he enjoys watching series and movies and playing video games, especially when he can share these activities with friends or family.<\/span><\/p>\n<\/div>\n<\/div><\/div><\/div><\/div><div id=\"pg-6559-2\"  class=\"panel-grid panel-has-style\" ><div class=\"siteorigin-panels-stretch panel-row-style panel-row-style-for-6559-2\" data-stretch-type=\"full\" ><div id=\"pgc-6559-2-0\"  class=\"panel-grid-cell\" ><div id=\"panel-6559-2-0-0\" class=\"so-panel widget widget_sow-editor panel-first-child panel-last-child\" data-index=\"4\" ><div class=\"panel-widget-style panel-widget-style-for-6559-2-0-0\" ><div\n\t\t\t\n\t\t\tclass=\"so-widget-sow-editor so-widget-sow-editor-base\"\n\t\t\t\n\t\t>\n<div class=\"siteorigin-widget-tinymce textwidget\">\n\t<h1><strong style=\"font-size: 42px !important; font-family: 'via_sans_boldbold';\">Junta Directiva de CETI Continental<\/strong><\/h1>\n<p>&nbsp;<\/p>\n<h5><strong><img loading=\"lazy\" decoding=\"async\" class=\"alignleft size-thumbnail wp-image-4124\" src=\"https:\/\/www.ceticontinental.org\/portal\/wp-content\/uploads\/2018\/05\/image009-e1559775666920-136x150.jpg\" alt=\"\" width=\"136\" height=\"150\" \/><span style=\"font-family: via-sans-black;\">James (Santiago) Padilla DeBorst<\/span><\/strong><br \/>\n<span style=\"font-family: via-sans;\">PRESIDENT<\/span><\/h5>\n<p><span style=\"font-family: via-sans;\">Husband and father of six. Born in the United States, he has served for over 25 years in local development, first in Liberia and then in Central America as a missionary for the Christian Reformed Church of North America (CRCNA). He has been an adjunct professor of International Development at Eastern University's Cape Town campus in South Africa. He holds a PhD in Public Theology from Aurel Vlaicu Univeristy of Arad (Romania), a Master's degree in NGO Management from Regis University (Denver, Colorado), and a Master of Public Administration with a concentration in Economic and Political Development from the Harvard Kennedy School of Government (Cambridge, Massachusetts).<\/span><\/p>\n<hr \/>\n<h5><img loading=\"lazy\" decoding=\"async\" class=\"wp-image-4115 size-thumbnail alignleft\" src=\"https:\/\/www.ceticontinental.org\/portal\/wp-content\/uploads\/2018\/05\/Image-10-14-16-at-4.57-PM-4-e1526067602879-150x150.jpg\" alt=\"\" width=\"150\" height=\"150\" srcset=\"https:\/\/www.ceticontinental.org\/portal\/wp-content\/uploads\/2018\/05\/Image-10-14-16-at-4.57-PM-4-e1526067602879-150x150.jpg 150w, https:\/\/www.ceticontinental.org\/portal\/wp-content\/uploads\/2018\/05\/Image-10-14-16-at-4.57-PM-4-e1526067602879.jpg 239w\" sizes=\"(max-width: 150px) 100vw, 150px\" \/><strong><span style=\"font-family: via-sans-black;\">Vilma \"Nina\u201d Balmaceda<\/span><\/strong><br \/>\n<span style=\"font-family: via-sans;\">SECRETARY<\/span><\/h5>\n<p><span style=\"font-family: via-sans;\">Wife and mother of one. Nina holds a law degree from the Pontifical Catholic University of Peru and a Master's degree in International Peace Studies; a Master's degree in Government and International Studies; and a Ph.D. in Political Science from the University of Notre Dame du Lac. Nina is a professor at Duke Divinity School and Director of the Center for Reconciliation. She is the current president of Peace and Hope International and serves on the boards of the Center for Public Justice and the Association for a More Just Society.<\/span><\/p>\n<hr \/>\n<h5><strong><img loading=\"lazy\" decoding=\"async\" class=\"alignleft size-thumbnail wp-image-5273\" src=\"https:\/\/www.ceticontinental.org\/portal\/wp-content\/uploads\/2020\/05\/s200_mar_a_alejandra.andrade.png-2-150x150.jpeg\" alt=\"\" width=\"150\" height=\"150\" srcset=\"https:\/\/www.ceticontinental.org\/portal\/wp-content\/uploads\/2020\/05\/s200_mar_a_alejandra.andrade.png-2-150x150.jpeg 150w, https:\/\/www.ceticontinental.org\/portal\/wp-content\/uploads\/2020\/05\/s200_mar_a_alejandra.andrade.png-2.jpeg 200w\" sizes=\"(max-width: 150px) 100vw, 150px\" \/><span style=\"font-family: via-sans-black;\"><b>Ma. Alejandra Andrade<\/b><\/span><\/strong><br \/>\n<span style=\"font-family: via-sans;\">SECRETARY<\/span><\/h5>\n<p><span style=\"font-family: via-sans;\">Ecuadorian. Married to Frank and mother of Jos\u00e9 Andr\u00e9s and Mat\u00edas. Her work and ministerial experience has focused on accompanying faith communities in their commitment to holistic development, the pursuit of justice, and children. Her basic training is in sociology, and she holds Master's degrees in International Childhood Studies (King's College London) and Project Management (University for International Cooperation). She has theological training from the Universidad B\u00edblica Universitaria and is currently completing her Master's degree at the Universidad Centroamericana, in El Salvador. Her academic training, professional career, and family choice have led her to live in France, India, Costa Rica, and England. Currently, she works as Manager of Strategic and Theological Partnerships for Latin America and the Caribbean at Tearfund.<\/span><\/p>\n<hr \/>\n<h5><strong><img loading=\"lazy\" decoding=\"async\" class=\"size-thumbnail wp-image-4118 alignleft\" src=\"http:\/\/www.ceticontinental.org\/portal\/wp-content\/uploads\/2018\/05\/Mario-150x150.jpg\" alt=\"\" width=\"150\" height=\"150\" \/><span style=\"font-family: via-sans-black;\">Mario Vega<\/span><\/strong><\/h5>\n<p><span style=\"font-family: via-sans;\">Pastor of Elim Church in El Salvador, where he has served for the past 36 years. His thinking and influence have gone beyond the ecclesiastical sphere to extend into society. He is currently a member of the High-Level Inter-Institutional Commission to Guarantee Respect for Human Rights of the Salvadoran Foreign Ministry. The author of several books, he is well known for his theological competence and commitment to an integral approach to the Gospel. He is married and the father of one son. He resides in San Salvador, El Salvador.<\/span><\/p>\n<hr \/>\n<h5><strong><img loading=\"lazy\" decoding=\"async\" class=\"alignleft size-thumbnail wp-image-5623\" src=\"https:\/\/www.ceticontinental.org\/portal\/wp-content\/uploads\/2020\/09\/foto-150x150.png\" alt=\"\" width=\"150\" height=\"150\" srcset=\"https:\/\/www.ceticontinental.org\/portal\/wp-content\/uploads\/2020\/09\/foto-150x150.png 150w, https:\/\/www.ceticontinental.org\/portal\/wp-content\/uploads\/2020\/09\/foto.png 186w\" sizes=\"(max-width: 150px) 100vw, 150px\" \/><span style=\"font-family: via-sans-black;\">Anal\u00eda Milanessi<\/span><br \/>\n<\/strong><\/h5>\n<p><span style=\"font-family: via-sans;\">Married to Pablo and mother of Oli and Lino. Member and part of the presbitery of the Union Church of Mar del Plata. Architect. Professor of Architecture at the National University of Mar del Plata. Currently specializing in University Teaching.<\/span><\/p>\n<p>&nbsp;<\/p>\n<hr \/>\n<h5><strong><span style=\"font-family: via-sans-black;\">Gene Green<\/span><br \/>\n<\/strong><\/h5>\n<h5><strong><span style=\"font-family: via-sans-black;\">Monica Trevi\u00f1o (student representative)<\/span><\/strong><\/h5>\n<p>&nbsp;<\/p>\n<\/div>\n<\/div><\/div><\/div><\/div><\/div><\/div><div id=\"pg-6559-3\"  class=\"panel-grid panel-has-style\" ><div class=\"siteorigin-panels-stretch panel-row-style panel-row-style-for-6559-3\" data-stretch-type=\"full-width-stretch\" ><div id=\"pgc-6559-3-0\"  class=\"panel-grid-cell\" ><div id=\"panel-6559-3-0-0\" class=\"so-panel widget widget_sow-editor panel-first-child panel-last-child\" data-index=\"5\" ><div\n\t\t\t\n\t\t\tclass=\"so-widget-sow-editor so-widget-sow-editor-base\"\n\t\t\t\n\t\t>\n<div class=\"siteorigin-widget-tinymce textwidget\">\n\t<p>&nbsp;<\/p>\n<\/div>\n<\/div><\/div><\/div><\/div><\/div><div id=\"pg-6559-4\"  class=\"panel-grid panel-no-style\" ><div id=\"pgc-6559-4-0\"  class=\"panel-grid-cell\" ><div id=\"panel-6559-4-0-0\" class=\"so-panel widget widget_sow-editor panel-first-child panel-last-child\" data-index=\"6\" ><div\n\t\t\t\n\t\t\tclass=\"so-widget-sow-editor so-widget-sow-editor-base\"\n\t\t\t\n\t\t>\n<div class=\"siteorigin-widget-tinymce textwidget\">\n\t<h2 style=\"text-align: center;\"><span style=\"text-decoration: underline;\"><a href=\"https:\/\/www.ceticontinental.org\/portal\/ceti-en\/\"><strong><span style=\"font-size: 14pt;\">Back to CETI-En<\/span><\/strong><\/a><\/span><\/h2>\n<\/div>\n<\/div><\/div><\/div><div id=\"pgc-6559-4-1\"  class=\"panel-grid-cell panel-grid-cell-empty\" ><\/div><div id=\"pgc-6559-4-2\"  class=\"panel-grid-cell\" ><div id=\"panel-6559-4-2-0\" class=\"so-panel widget widget_sow-editor panel-first-child panel-last-child\" data-index=\"7\" ><div\n\t\t\t\n\t\t\tclass=\"so-widget-sow-editor so-widget-sow-editor-base\"\n\t\t\t\n\t\t>\n<div class=\"siteorigin-widget-tinymce textwidget\">\n\t<h2 style=\"text-align: center;\"><a href=\"https:\/\/www.ceticontinental.org\/portal\/support-us\/\"><span style=\"text-decoration: underline;\"><strong><span style=\"font-size: 14pt;\">Donate<\/span><\/strong><\/span><\/a><\/h2>\n<\/div>\n<\/div><\/div><\/div><\/div><\/div>","protected":false},"excerpt":{"rendered":"<p>The CETI Continental team is composed of: C\u00e9sar Marques Lopes Husband, father of two. Brazilian. Since 2000, he has worked in theological education. He earned his bachelor&#8217;s and master&#8217;s degrees in Theology at the Faculdade Teol\u00f3gica Sul Americana, where he <span class=\"readmore\"><a class=\"more-link\" href=\"https:\/\/www.ceticontinental.org\/portal\/team-board\/\">Leer m\u00e1s&#8230;<\/a><\/span><\/p>\n","protected":false},"author":2,"featured_media":0,"parent":0,"menu_order":0,"comment_status":"closed","ping_status":"closed","template":"","meta":{"footnotes":""},"class_list":["post-6559","page","type-page","status-publish","hentry"],"_links":{"self":[{"href":"https:\/\/www.ceticontinental.org\/portal\/wp-json\/wp\/v2\/pages\/6559"}],"collection":[{"href":"https:\/\/www.ceticontinental.org\/portal\/wp-json\/wp\/v2\/pages"}],"about":[{"href":"https:\/\/www.ceticontinental.org\/portal\/wp-json\/wp\/v2\/types\/page"}],"author":[{"embeddable":true,"href":"https:\/\/www.ceticontinental.org\/portal\/wp-json\/wp\/v2\/users\/2"}],"replies":[{"embeddable":true,"href":"https:\/\/www.ceticontinental.org\/portal\/wp-json\/wp\/v2\/comments?post=6559"}],"version-history":[{"count":3,"href":"https:\/\/www.ceticontinental.org\/portal\/wp-json\/wp\/v2\/pages\/6559\/revisions"}],"predecessor-version":[{"id":6610,"href":"https:\/\/www.ceticontinental.org\/portal\/wp-json\/wp\/v2\/pages\/6559\/revisions\/6610"}],"wp:attachment":[{"href":"https:\/\/www.ceticontinental.org\/portal\/wp-json\/wp\/v2\/media?parent=6559"}],"curies":[{"name":"wp","href":"https:\/\/api.w.org\/{rel}","templated":true}]}}